{"id":1012,"date":"2024-04-29T12:38:22","date_gmt":"2024-04-29T12:38:22","guid":{"rendered":"http:\/\/www.maxidental.cz.uvirt140.active24.cz\/?page_id=1012"},"modified":"2024-05-07T15:04:34","modified_gmt":"2024-05-07T15:04:34","slug":"vorsorgeuntersuchungen","status":"publish","type":"page","link":"https:\/\/maxidental.cz\/de\/dentalofen\/vorsorgeuntersuchungen\/","title":{"rendered":"Vorbeugende Untersuchungen"},"content":{"rendered":"<div data-elementor-type=\"wp-page\" data-elementor-id=\"1012\" class=\"elementor elementor-1012\" data-elementor-post-type=\"page\">\n\t\t\t\t<div class=\"elementor-element elementor-element-3e340d6 e-con-full e-flex e-con e-parent\" data-id=\"3e340d6\" data-element_type=\"container\" data-e-type=\"container\" data-settings=\"{&quot;background_background&quot;:&quot;classic&quot;}\">\n\t\t\t\t<div class=\"elementor-element elementor-element-5f02a5c elementor-widget elementor-widget-heading\" data-id=\"5f02a5c\" data-element_type=\"widget\" data-e-type=\"widget\" data-widget_type=\"heading.default\">\n\t\t\t\t\t<h1 class=\"elementor-heading-title elementor-size-default\">Vorbeugende Untersuchungen<\/h1>\t\t\t\t<\/div>\n\t\t\t\t<div class=\"elementor-element elementor-element-f3cef0a elementor-widget elementor-widget-heading\" data-id=\"f3cef0a\" data-element_type=\"widget\" data-e-type=\"widget\" data-widget_type=\"heading.default\">\n\t\t\t\t\t<p class=\"elementor-heading-title elementor-size-default\">Die Grundlage f\u00fcr Ihre Zahngesundheit<\/p>\t\t\t\t<\/div>\n\t\t\t\t<\/div>\n\t\t<div class=\"elementor-element elementor-element-5cde4b7 e-con-full e-flex e-con e-parent\" data-id=\"5cde4b7\" data-element_type=\"container\" data-e-type=\"container\">\n\t\t<div class=\"elementor-element elementor-element-8b157f2 e-con-full e-flex e-con e-child\" data-id=\"8b157f2\" data-element_type=\"container\" data-e-type=\"container\">\n\t\t\t\t<div class=\"elementor-element elementor-element-b6806bb elementor-widget-divider--view-line elementor-widget elementor-widget-divider\" data-id=\"b6806bb\" data-element_type=\"widget\" data-e-type=\"widget\" data-widget_type=\"divider.default\">\n\t\t\t\t\t\t\t<div class=\"elementor-divider\">\n\t\t\t<span class=\"elementor-divider-separator\">\n\t\t\t\t\t\t<\/span>\n\t\t<\/div>\n\t\t\t\t\t\t<\/div>\n\t\t\t\t<div class=\"elementor-element elementor-element-c12bb42 elementor-position-inline-start elementor-view-default elementor-mobile-position-block-start elementor-widget elementor-widget-icon-box\" data-id=\"c12bb42\" data-element_type=\"widget\" data-e-type=\"widget\" data-widget_type=\"icon-box.default\">\n\t\t\t\t\t\t\t<div class=\"elementor-icon-box-wrapper\">\n\n\t\t\t\t\t\t<div class=\"elementor-icon-box-icon\">\n\t\t\t\t<a href=\"https:\/\/maxidental.cz\/de\/dentalofen\/\" class=\"elementor-icon\" tabindex=\"-1\" aria-label=\"vollst\u00e4ndiges Angebot\">\n\t\t\t\t<svg aria-hidden=\"true\" class=\"e-font-icon-svg e-fas-arrow-left\" viewbox=\"0 0 448 512\" xmlns=\"http:\/\/www.w3.org\/2000\/svg\"><path d=\"M257.5 445.1l-22.2 22.2c-9.4 9.4-24.6 9.4-33.9 0L7 273c-9.4-9.4-9.4-24.6 0-33.9L201.4 44.7c9.4-9.4 24.6-9.4 33.9 0l22.2 22.2c9.5 9.5 9.3 25-.4 34.3L136.6 216H424c13.3 0 24 10.7 24 24v32c0 13.3-10.7 24-24 24H136.6l120.5 114.8c9.8 9.3 10 24.8.4 34.3z\"><\/path><\/svg>\t\t\t\t<\/a>\n\t\t\t<\/div>\n\t\t\t\n\t\t\t\t\t\t<div class=\"elementor-icon-box-content\">\n\n\t\t\t\t\t\t\t\t\t<span class=\"elementor-icon-box-title\">\n\t\t\t\t\t\t<a href=\"https:\/\/maxidental.cz\/de\/dentalofen\/\" >\n\t\t\t\t\t\t\tvollst\u00e4ndiges Angebot\t\t\t\t\t\t<\/a>\n\t\t\t\t\t<\/span>\n\t\t\t\t\n\t\t\t\t\n\t\t\t<\/div>\n\t\t\t\n\t\t<\/div>\n\t\t\t\t\t\t<\/div>\n\t\t\t\t<\/div>\n\t\t<div class=\"elementor-element elementor-element-d05fc80 e-con-full e-flex e-con e-child\" data-id=\"d05fc80\" data-element_type=\"container\" data-e-type=\"container\">\n\t\t\t\t<div class=\"elementor-element elementor-element-fcb85c8 elementor-widget elementor-widget-text-editor\" data-id=\"fcb85c8\" data-element_type=\"widget\" data-e-type=\"widget\" data-widget_type=\"text-editor.default\">\n\t\t\t\t\t\t\t\t\tSchieben Sie den Gang zum Zahnarzt nicht auf, bis Sie Zahnschmerzen haben. Wenn Sie sich nicht einmal mehr daran erinnern k\u00f6nnen, wann Sie das letzte Mal beim Zahnarzt waren, ist es an der Zeit, einen Termin zu vereinbaren.\t\t\t\t\t\t\t\t<\/div>\n\t\t<div class=\"elementor-element elementor-element-f6cd5c4 e-flex e-con-boxed e-con e-child\" data-id=\"f6cd5c4\" data-element_type=\"container\" data-e-type=\"container\">\n\t\t\t\t\t<div class=\"e-con-inner\">\n\t\t\t\t<div class=\"elementor-element elementor-element-c55f2a8 elementor-widget elementor-widget-heading\" data-id=\"c55f2a8\" data-element_type=\"widget\" data-e-type=\"widget\" data-widget_type=\"heading.default\">\n\t\t\t\t\t<h2 class=\"elementor-heading-title elementor-size-default\">Regelm\u00e4\u00dfige zahn\u00e4rztliche Untersuchungen bei uns sparen Ihnen Zeit und Geld<\/h2>\t\t\t\t<\/div>\n\t\t\t\t<div class=\"elementor-element elementor-element-4fc5805 elementor-widget-divider--view-line elementor-widget elementor-widget-divider\" data-id=\"4fc5805\" data-element_type=\"widget\" data-e-type=\"widget\" data-widget_type=\"divider.default\">\n\t\t\t\t\t\t\t<div class=\"elementor-divider\">\n\t\t\t<span class=\"elementor-divider-separator\">\n\t\t\t\t\t\t<\/span>\n\t\t<\/div>\n\t\t\t\t\t\t<\/div>\n\t\t\t\t<div class=\"elementor-element elementor-element-daf8d9d elementor-widget elementor-widget-text-editor\" data-id=\"daf8d9d\" data-element_type=\"widget\" data-e-type=\"widget\" data-widget_type=\"text-editor.default\">\n\t\t\t\t\t\t\t\t\t<ul><li>Alles an einem Ort. Dank unserer hochmodernen Ausr\u00fcstung und unseres eigenen Labors k\u00f6nnen wir Sie direkt in unserer Praxis genau und schnell diagnostizieren.<\/li><li>Fr\u00fchzeitige Erkennung von Zahnkaries, die f\u00fcr das Auge unsichtbar ist, dank R\u00f6ntgenstrahlen<\/li><li>Sie werden sicher sein, gesunde und sch\u00f6ne Z\u00e4hne zu haben<\/li><li>Vermeiden Sie die kostspielige Behandlung vernachl\u00e4ssigter Z\u00e4hne<\/li><li>Schwerwiegendere Krankheiten, wie z. B. Parodontalerkrankungen, werden fr\u00fchzeitig erkannt.<\/li><\/ul>\t\t\t\t\t\t\t\t<\/div>\n\t\t\t\t\t<\/div>\n\t\t\t\t<\/div>\n\t\t<div class=\"elementor-element elementor-element-7bd899c e-flex e-con-boxed e-con e-child\" data-id=\"7bd899c\" data-element_type=\"container\" data-e-type=\"container\">\n\t\t\t\t\t<div class=\"e-con-inner\">\n\t\t\t\t<div class=\"elementor-element elementor-element-187e69f elementor-widget elementor-widget-heading\" data-id=\"187e69f\" data-element_type=\"widget\" data-e-type=\"widget\" data-widget_type=\"heading.default\">\n\t\t\t\t\t<h2 class=\"elementor-heading-title elementor-size-default\">Gesunde Z\u00e4hne sind die Grundlage der Gesundheit<\/h2>\t\t\t\t<\/div>\n\t\t\t\t<div class=\"elementor-element elementor-element-6b4154b elementor-widget-divider--view-line elementor-widget elementor-widget-divider\" data-id=\"6b4154b\" data-element_type=\"widget\" data-e-type=\"widget\" data-widget_type=\"divider.default\">\n\t\t\t\t\t\t\t<div class=\"elementor-divider\">\n\t\t\t<span class=\"elementor-divider-separator\">\n\t\t\t\t\t\t<\/span>\n\t\t<\/div>\n\t\t\t\t\t\t<\/div>\n\t\t\t\t<div class=\"elementor-element elementor-element-41589e7 elementor-widget elementor-widget-text-editor\" data-id=\"41589e7\" data-element_type=\"widget\" data-e-type=\"widget\" data-widget_type=\"text-editor.default\">\n\t\t\t\t\t\t\t\t\t<p>Lassen Sie Ihre Z\u00e4hne von unseren spezialisierten Zahn\u00e4rzten \u00fcberpr\u00fcfen und verlassen Sie uns mit einem sch\u00f6nen L\u00e4cheln und der Gewissheit, dass Ihre Z\u00e4hne in gutem Zustand sind.<\/p><p>Regelm\u00e4\u00dfige zahn\u00e4rztliche Kontrolluntersuchungen geh\u00f6ren zu Ihrer gesundheitlichen Grundversorgung. Mit einer gesunden Mundh\u00f6hle beugen Sie auch vielen Krankheiten im ganzen K\u00f6rper vor.<\/p><p>Mit uns k\u00f6nnen Sie dies einfach und schnell tun.<\/p>\t\t\t\t\t\t\t\t<\/div>\n\t\t\t\t\t<\/div>\n\t\t\t\t<\/div>\n\t\t<div class=\"elementor-element elementor-element-1ba6f4e e-flex e-con-boxed e-con e-child\" data-id=\"1ba6f4e\" data-element_type=\"container\" data-e-type=\"container\">\n\t\t\t\t\t<div class=\"e-con-inner\">\n\t\t\t\t<div class=\"elementor-element elementor-element-5b21113 elementor-widget elementor-widget-heading\" data-id=\"5b21113\" data-element_type=\"widget\" data-e-type=\"widget\" data-widget_type=\"heading.default\">\n\t\t\t\t\t<h2 class=\"elementor-heading-title elementor-size-default\">Ohne Angst zum Zahnarzt<\/h2>\t\t\t\t<\/div>\n\t\t\t\t<div class=\"elementor-element elementor-element-7187b6d elementor-widget-divider--view-line elementor-widget elementor-widget-divider\" data-id=\"7187b6d\" data-element_type=\"widget\" data-e-type=\"widget\" data-widget_type=\"divider.default\">\n\t\t\t\t\t\t\t<div class=\"elementor-divider\">\n\t\t\t<span class=\"elementor-divider-separator\">\n\t\t\t\t\t\t<\/span>\n\t\t<\/div>\n\t\t\t\t\t\t<\/div>\n\t\t\t\t<div class=\"elementor-element elementor-element-090f6fa elementor-widget elementor-widget-text-editor\" data-id=\"090f6fa\" data-element_type=\"widget\" data-e-type=\"widget\" data-widget_type=\"text-editor.default\">\n\t\t\t\t\t\t\t\t\t<ul><li>In unserer Praxis m\u00fcssen Sie sich keine Sorgen machen, denn unsere freundlichen und professionellen Zahn\u00e4rzte werden Sie so betreuen, dass Sie sich auf den Besuch in unserer Praxis freuen.<\/li><li>Wenn Sie regelm\u00e4\u00dfig zur zahn\u00e4rztlichen Vorsorgeuntersuchung gehen, wird die Untersuchung f\u00fcr Sie v\u00f6llig schmerzfrei sein.<\/li><li>Vereinbaren Sie im Voraus einen Termin f\u00fcr eine zahn\u00e4rztliche Untersuchung.<\/li><li>Dank unserer hochmodernen Technologie k\u00f6nnen wir auch Karies erkennen, die mit dem Auge nicht sichtbar ist. So haben Sie die Gewissheit, dass Sie alles f\u00fcr Ihre Zahngesundheit getan haben.<\/li><li>Wir k\u00f6nnen auch sehr schwierige F\u00e4lle behandeln, vereinbaren Sie einfach einen Termin und lassen Sie sich einen Behandlungsplan erstellen.<\/li><li>Wir empfehlen zweimal im Jahr eine Vorsorgeuntersuchung und regelm\u00e4\u00dfige Zahnhygienebesuche<\/li><\/ul>\t\t\t\t\t\t\t\t<\/div>\n\t\t\t\t\t<\/div>\n\t\t\t\t<\/div>\n\t\t\t\t<\/div>\n\t\t\t\t<\/div>\n\t\t\t\t<\/div>","protected":false},"excerpt":{"rendered":"<p>Z\u00e1klad zdrav\u00ed va\u0161ich zub\u016f kompletn\u00ed nab\u00eddka Neodkl\u00e1dejte prohl\u00eddku u zuba\u0159e na chv\u00edli, kdy v\u00e1s bude bolet zub. Pokud si u\u017e ani nepamatujete, kdy jste naposledy byli u zuba\u0159e, je nejvy\u0161\u0161\u00ed \u010das se objednat. Pravideln\u00e9 zubn\u00ed preventivn\u00ed prohl\u00eddky u n\u00e1s v\u00e1m u\u0161et\u0159\u00ed \u010das i pen\u00edze V\u0161e na jednom m\u00edst\u011b. D\u00edky na\u0161im nejmodern\u011bj\u0161\u00edm p\u0159\u00edstroj\u016fm a vlastn\u00ed laborato\u0159i [&hellip;]<\/p>\n","protected":false},"author":1,"featured_media":0,"parent":1010,"menu_order":0,"comment_status":"closed","ping_status":"closed","template":"elementor_header_footer","meta":{"iawp_total_views":1684,"footnotes":""},"class_list":["post-1012","page","type-page","status-publish","hentry"],"_links":{"self":[{"href":"https:\/\/maxidental.cz\/de\/wp-json\/wp\/v2\/pages\/1012","targetHints":{"allow":["GET"]}}],"collection":[{"href":"https:\/\/maxidental.cz\/de\/wp-json\/wp\/v2\/pages"}],"about":[{"href":"https:\/\/maxidental.cz\/de\/wp-json\/wp\/v2\/types\/page"}],"author":[{"embeddable":true,"href":"https:\/\/maxidental.cz\/de\/wp-json\/wp\/v2\/users\/1"}],"replies":[{"embeddable":true,"href":"https:\/\/maxidental.cz\/de\/wp-json\/wp\/v2\/comments?post=1012"}],"version-history":[{"count":0,"href":"https:\/\/maxidental.cz\/de\/wp-json\/wp\/v2\/pages\/1012\/revisions"}],"up":[{"embeddable":true,"href":"https:\/\/maxidental.cz\/de\/wp-json\/wp\/v2\/pages\/1010"}],"wp:attachment":[{"href":"https:\/\/maxidental.cz\/de\/wp-json\/wp\/v2\/media?parent=1012"}],"curies":[{"name":"wp","href":"https:\/\/api.w.org\/{rel}","templated":true}]}}