{"id":1056,"date":"2024-04-29T13:40:33","date_gmt":"2024-04-29T13:40:33","guid":{"rendered":"http:\/\/www.maxidental.cz.uvirt140.active24.cz\/?page_id=1056"},"modified":"2024-05-07T15:08:56","modified_gmt":"2024-05-07T15:08:56","slug":"erhaltung-der-zahnheilkunde","status":"publish","type":"page","link":"https:\/\/maxidental.cz\/de\/dentalofen\/erhaltung-der-zahnheilkunde\/","title":{"rendered":"Restaurative Zahnheilkunde"},"content":{"rendered":"<div data-elementor-type=\"wp-page\" data-elementor-id=\"1056\" class=\"elementor elementor-1056\" data-elementor-post-type=\"page\">\n\t\t\t\t<div class=\"elementor-element elementor-element-3e340d6 e-con-full e-flex e-con e-parent\" data-id=\"3e340d6\" data-element_type=\"container\" data-e-type=\"container\" data-settings=\"{&quot;background_background&quot;:&quot;classic&quot;}\">\n\t\t\t\t<div class=\"elementor-element elementor-element-5f02a5c elementor-widget elementor-widget-heading\" data-id=\"5f02a5c\" data-element_type=\"widget\" data-e-type=\"widget\" data-widget_type=\"heading.default\">\n\t\t\t\t\t<h1 class=\"elementor-heading-title elementor-size-default\">Restaurative Zahnheilkunde<\/h1>\t\t\t\t<\/div>\n\t\t\t\t<div class=\"elementor-element elementor-element-f3cef0a elementor-widget elementor-widget-heading\" data-id=\"f3cef0a\" data-element_type=\"widget\" data-e-type=\"widget\" data-widget_type=\"heading.default\">\n\t\t\t\t\t<p class=\"elementor-heading-title elementor-size-default\">Zahnkaries in der Hauptrolle<\/p>\t\t\t\t<\/div>\n\t\t\t\t<\/div>\n\t\t<div class=\"elementor-element elementor-element-5cde4b7 e-con-full e-flex e-con e-parent\" data-id=\"5cde4b7\" data-element_type=\"container\" data-e-type=\"container\">\n\t\t<div class=\"elementor-element elementor-element-8b157f2 e-con-full e-flex e-con e-child\" data-id=\"8b157f2\" data-element_type=\"container\" data-e-type=\"container\">\n\t\t\t\t<div class=\"elementor-element elementor-element-b6806bb elementor-widget-divider--view-line elementor-widget elementor-widget-divider\" data-id=\"b6806bb\" data-element_type=\"widget\" data-e-type=\"widget\" data-widget_type=\"divider.default\">\n\t\t\t\t\t\t\t<div class=\"elementor-divider\">\n\t\t\t<span class=\"elementor-divider-separator\">\n\t\t\t\t\t\t<\/span>\n\t\t<\/div>\n\t\t\t\t\t\t<\/div>\n\t\t\t\t<div class=\"elementor-element elementor-element-c12bb42 elementor-position-inline-start elementor-view-default elementor-mobile-position-block-start elementor-widget elementor-widget-icon-box\" data-id=\"c12bb42\" data-element_type=\"widget\" data-e-type=\"widget\" data-widget_type=\"icon-box.default\">\n\t\t\t\t\t\t\t<div class=\"elementor-icon-box-wrapper\">\n\n\t\t\t\t\t\t<div class=\"elementor-icon-box-icon\">\n\t\t\t\t<a href=\"https:\/\/maxidental.cz\/de\/dentalofen\/\" class=\"elementor-icon\" tabindex=\"-1\" aria-label=\"vollst\u00e4ndiges Angebot\">\n\t\t\t\t<svg aria-hidden=\"true\" class=\"e-font-icon-svg e-fas-arrow-left\" viewbox=\"0 0 448 512\" xmlns=\"http:\/\/www.w3.org\/2000\/svg\"><path d=\"M257.5 445.1l-22.2 22.2c-9.4 9.4-24.6 9.4-33.9 0L7 273c-9.4-9.4-9.4-24.6 0-33.9L201.4 44.7c9.4-9.4 24.6-9.4 33.9 0l22.2 22.2c9.5 9.5 9.3 25-.4 34.3L136.6 216H424c13.3 0 24 10.7 24 24v32c0 13.3-10.7 24-24 24H136.6l120.5 114.8c9.8 9.3 10 24.8.4 34.3z\"><\/path><\/svg>\t\t\t\t<\/a>\n\t\t\t<\/div>\n\t\t\t\n\t\t\t\t\t\t<div class=\"elementor-icon-box-content\">\n\n\t\t\t\t\t\t\t\t\t<span class=\"elementor-icon-box-title\">\n\t\t\t\t\t\t<a href=\"https:\/\/maxidental.cz\/de\/dentalofen\/\" >\n\t\t\t\t\t\t\tvollst\u00e4ndiges Angebot\t\t\t\t\t\t<\/a>\n\t\t\t\t\t<\/span>\n\t\t\t\t\n\t\t\t\t\n\t\t\t<\/div>\n\t\t\t\n\t\t<\/div>\n\t\t\t\t\t\t<\/div>\n\t\t\t\t<\/div>\n\t\t<div class=\"elementor-element elementor-element-d05fc80 e-con-full e-flex e-con e-child\" data-id=\"d05fc80\" data-element_type=\"container\" data-e-type=\"container\">\n\t\t\t\t<div class=\"elementor-element elementor-element-1ae93da elementor-blockquote--skin-boxed elementor-blockquote--align-center elementor-widget elementor-widget-blockquote\" data-id=\"1ae93da\" data-element_type=\"widget\" data-e-type=\"widget\" data-widget_type=\"blockquote.default\">\n\t\t\t\t\t\t\t<blockquote class=\"elementor-blockquote\">\n\t\t\t<p class=\"elementor-blockquote__content\">\n\t\t\t\tHaben Sie Zahnschmerzen oder vermuten Sie, dass mit Ihren Z\u00e4hnen etwas nicht stimmt?\t\t\t<\/p>\n\t\t\t\t\t<\/blockquote>\n\t\t\t\t\t\t<\/div>\n\t\t<div class=\"elementor-element elementor-element-f6cd5c4 e-flex e-con-boxed e-con e-child\" data-id=\"f6cd5c4\" data-element_type=\"container\" data-e-type=\"container\">\n\t\t\t\t\t<div class=\"e-con-inner\">\n\t\t\t\t<div class=\"elementor-element elementor-element-daf8d9d elementor-widget elementor-widget-text-editor\" data-id=\"daf8d9d\" data-element_type=\"widget\" data-e-type=\"widget\" data-widget_type=\"text-editor.default\">\n\t\t\t\t\t\t\t\t\t<p>Karies ist eines der h\u00e4ufigsten Probleme bei Zahn\u00e4rzten und in Zahnarztpraxen. Wenn Sie Karies bekommen, ist es am besten, sie so schnell wie m\u00f6glich zu behandeln, damit sie sich nicht ausbreitet und m\u00f6glicherweise Komplikationen verursacht.<\/p><p>Der kari\u00f6se Belag im Zahn wird zun\u00e4chst gereinigt, was unter \u00f6rtlicher Bet\u00e4ubung erfolgen kann. Sie brauchen keine Schmerzen zu bef\u00fcrchten, die oft der Grund daf\u00fcr sind, den Besuch in der Zahnarztpraxis aufzuschieben. Anschlie\u00dfend ersetzt der Zahnarzt die verlorene Zahnsubstanz durch eine geeignete F\u00fcllung.<\/p><p>Wir bieten mehrere Arten von F\u00fcllungsmaterialien an, aus denen Sie nach R\u00fccksprache mit unserem Zahnarzt w\u00e4hlen k\u00f6nnen. Jedes Material hat seine Vor- und Nachteile. Heutzutage entscheiden sich die Patienten am h\u00e4ufigsten f\u00fcr Komposit (d. h. wei\u00dfe F\u00fcllungen) oder Amalgam (silberne\/schwarze F\u00fcllungen).<\/p><p>Unser Ziel ist es, dass Sie gar nicht merken, dass mit Ihrem Zahn etwas nicht stimmt. Das hei\u00dft, den Zahn so zu vervollst\u00e4ndigen, dass seine Funktionalit\u00e4t und sein Aussehen erhalten bleiben und er so lange wie m\u00f6glich lebt.<\/p>\t\t\t\t\t\t\t\t<\/div>\n\t\t\t\t\t<\/div>\n\t\t\t\t<\/div>\n\t\t<div class=\"elementor-element elementor-element-7bd899c e-flex e-con-boxed e-con e-child\" data-id=\"7bd899c\" data-element_type=\"container\" data-e-type=\"container\">\n\t\t\t\t\t<div class=\"e-con-inner\">\n\t\t\t\t<div class=\"elementor-element elementor-element-187e69f elementor-widget elementor-widget-heading\" data-id=\"187e69f\" data-element_type=\"widget\" data-e-type=\"widget\" data-widget_type=\"heading.default\">\n\t\t\t\t\t<h2 class=\"elementor-heading-title elementor-size-default\">WARUM SOLLTEN SIE IHRE KARIES BEI UNS BEHANDELN LASSEN?<\/h2>\t\t\t\t<\/div>\n\t\t\t\t<div class=\"elementor-element elementor-element-6b4154b elementor-widget-divider--view-line elementor-widget elementor-widget-divider\" data-id=\"6b4154b\" data-element_type=\"widget\" data-e-type=\"widget\" data-widget_type=\"divider.default\">\n\t\t\t\t\t\t\t<div class=\"elementor-divider\">\n\t\t\t<span class=\"elementor-divider-separator\">\n\t\t\t\t\t\t<\/span>\n\t\t<\/div>\n\t\t\t\t\t\t<\/div>\n\t\t\t\t<div class=\"elementor-element elementor-element-41589e7 elementor-widget elementor-widget-text-editor\" data-id=\"41589e7\" data-element_type=\"widget\" data-e-type=\"widget\" data-widget_type=\"text-editor.default\">\n\t\t\t\t\t\t\t\t\t<ul><li>Bei der Arbeit in der Zahnarztpraxis verwenden wir Lupen, damit wir auch die kleinsten Hohlr\u00e4ume finden k\u00f6nnen, die mit blo\u00dfem Auge nicht sichtbar sind.<\/li><li>Peel-Gl\u00e4ser helfen uns, auch kleine Risse in \u00e4lteren F\u00fcllungen zu erkennen<\/li><li>Wir verwenden die hochwertigsten Materialien f\u00fcr F\u00fcllungen, damit Ihre Z\u00e4hne ihre Langlebigkeit und ihr gutes Aussehen bewahren<\/li><li>In allen unseren Praxen f\u00fchren wir vorsorglich R\u00f6ntgenaufnahmen durch, um sicherzustellen, dass wir alle Problembereiche erkannt haben.<\/li><li>Wir sind eine voll digitalisierte Praxis mit allen Ger\u00e4ten f\u00fcr die umfassende Pflege Ihrer Z\u00e4hne<\/li><\/ul>\t\t\t\t\t\t\t\t<\/div>\n\t\t\t\t\t<\/div>\n\t\t\t\t<\/div>\n\t\t\t\t<\/div>\n\t\t\t\t<\/div>\n\t\t\t\t<\/div>","protected":false},"excerpt":{"rendered":"<p>Zubn\u00ed kazy v hlavn\u00ed roli kompletn\u00ed nab\u00eddka Bol\u00ed v\u00e1s zub nebo m\u00e1te podez\u0159en\u00ed, \u017ee s\u00a0va\u0161im chrupem nen\u00ed n\u011bco v po\u0159\u00e1dku? Zubn\u00ed kazy pat\u0159\u00ed k\u00a0nej\u010dast\u011bj\u0161\u00edm probl\u00e9m\u016fm v\u00a0ordinac\u00edch zuba\u0159\u016f a\u00a0zuba\u0159ek. Pokud se\u00a0v\u00e1m zubn\u00ed kaz vytvo\u0159\u00ed, je nejlep\u0161\u00ed ho o\u0161et\u0159it co nejd\u0159\u00edve, aby nedo\u0161lo k\u00a0jeho roz\u0161\u00ed\u0159en\u00ed a\u00a0p\u0159\u00edpadn\u00fdm komplikac\u00edm. Kaziv\u00e9 lo\u017eisko v\u00a0zubu se\u00a0nejd\u0159\u00edve vy\u010dist\u00ed, co\u017e se\u00a0m\u016f\u017ee prov\u00e1d\u011bt pod lok\u00e1ln\u00ed [&hellip;]<\/p>\n","protected":false},"author":1,"featured_media":0,"parent":1010,"menu_order":0,"comment_status":"closed","ping_status":"closed","template":"elementor_header_footer","meta":{"iawp_total_views":789,"footnotes":""},"class_list":["post-1056","page","type-page","status-publish","hentry"],"_links":{"self":[{"href":"https:\/\/maxidental.cz\/de\/wp-json\/wp\/v2\/pages\/1056","targetHints":{"allow":["GET"]}}],"collection":[{"href":"https:\/\/maxidental.cz\/de\/wp-json\/wp\/v2\/pages"}],"about":[{"href":"https:\/\/maxidental.cz\/de\/wp-json\/wp\/v2\/types\/page"}],"author":[{"embeddable":true,"href":"https:\/\/maxidental.cz\/de\/wp-json\/wp\/v2\/users\/1"}],"replies":[{"embeddable":true,"href":"https:\/\/maxidental.cz\/de\/wp-json\/wp\/v2\/comments?post=1056"}],"version-history":[{"count":0,"href":"https:\/\/maxidental.cz\/de\/wp-json\/wp\/v2\/pages\/1056\/revisions"}],"up":[{"embeddable":true,"href":"https:\/\/maxidental.cz\/de\/wp-json\/wp\/v2\/pages\/1010"}],"wp:attachment":[{"href":"https:\/\/maxidental.cz\/de\/wp-json\/wp\/v2\/media?parent=1056"}],"curies":[{"name":"wp","href":"https:\/\/api.w.org\/{rel}","templated":true}]}}