{"id":1080,"date":"2024-04-29T14:00:43","date_gmt":"2024-04-29T14:00:43","guid":{"rendered":"http:\/\/www.maxidental.cz.uvirt140.active24.cz\/?page_id=1080"},"modified":"2024-05-07T15:05:18","modified_gmt":"2024-05-07T15:05:18","slug":"prothetische-zahnheilkunde","status":"publish","type":"page","link":"https:\/\/maxidental.cz\/de\/dentalofen\/prothetische-zahnheilkunde\/","title":{"rendered":"Prothetische Zahnheilkunde"},"content":{"rendered":"<div data-elementor-type=\"wp-page\" data-elementor-id=\"1080\" class=\"elementor elementor-1080\" data-elementor-post-type=\"page\">\n\t\t\t\t<div class=\"elementor-element elementor-element-3e340d6 e-con-full e-flex e-con e-parent\" data-id=\"3e340d6\" data-element_type=\"container\" data-e-type=\"container\" data-settings=\"{&quot;background_background&quot;:&quot;classic&quot;}\">\n\t\t\t\t<div class=\"elementor-element elementor-element-5f02a5c elementor-widget elementor-widget-heading\" data-id=\"5f02a5c\" data-element_type=\"widget\" data-e-type=\"widget\" data-widget_type=\"heading.default\">\n\t\t\t\t\t<h1 class=\"elementor-heading-title elementor-size-default\">Prothetische Zahnheilkunde<\/h1>\t\t\t\t<\/div>\n\t\t\t\t<div class=\"elementor-element elementor-element-f3cef0a elementor-widget elementor-widget-heading\" data-id=\"f3cef0a\" data-element_type=\"widget\" data-e-type=\"widget\" data-widget_type=\"heading.default\">\n\t\t\t\t\t<p class=\"elementor-heading-title elementor-size-default\">Zahnrestaurationen<\/p>\t\t\t\t<\/div>\n\t\t\t\t<\/div>\n\t\t<div class=\"elementor-element elementor-element-5cde4b7 e-con-full e-flex e-con e-parent\" data-id=\"5cde4b7\" data-element_type=\"container\" data-e-type=\"container\">\n\t\t<div class=\"elementor-element elementor-element-8b157f2 e-con-full e-flex e-con e-child\" data-id=\"8b157f2\" data-element_type=\"container\" data-e-type=\"container\">\n\t\t\t\t<div class=\"elementor-element elementor-element-b6806bb elementor-widget-divider--view-line elementor-widget elementor-widget-divider\" data-id=\"b6806bb\" data-element_type=\"widget\" data-e-type=\"widget\" data-widget_type=\"divider.default\">\n\t\t\t\t\t\t\t<div class=\"elementor-divider\">\n\t\t\t<span class=\"elementor-divider-separator\">\n\t\t\t\t\t\t<\/span>\n\t\t<\/div>\n\t\t\t\t\t\t<\/div>\n\t\t\t\t<div class=\"elementor-element elementor-element-c12bb42 elementor-position-inline-start elementor-view-default elementor-mobile-position-block-start elementor-widget elementor-widget-icon-box\" data-id=\"c12bb42\" data-element_type=\"widget\" data-e-type=\"widget\" data-widget_type=\"icon-box.default\">\n\t\t\t\t\t\t\t<div class=\"elementor-icon-box-wrapper\">\n\n\t\t\t\t\t\t<div class=\"elementor-icon-box-icon\">\n\t\t\t\t<a href=\"https:\/\/maxidental.cz\/de\/dentalofen\/\" class=\"elementor-icon\" tabindex=\"-1\" aria-label=\"vollst\u00e4ndiges Angebot\">\n\t\t\t\t<svg aria-hidden=\"true\" class=\"e-font-icon-svg e-fas-arrow-left\" viewbox=\"0 0 448 512\" xmlns=\"http:\/\/www.w3.org\/2000\/svg\"><path d=\"M257.5 445.1l-22.2 22.2c-9.4 9.4-24.6 9.4-33.9 0L7 273c-9.4-9.4-9.4-24.6 0-33.9L201.4 44.7c9.4-9.4 24.6-9.4 33.9 0l22.2 22.2c9.5 9.5 9.3 25-.4 34.3L136.6 216H424c13.3 0 24 10.7 24 24v32c0 13.3-10.7 24-24 24H136.6l120.5 114.8c9.8 9.3 10 24.8.4 34.3z\"><\/path><\/svg>\t\t\t\t<\/a>\n\t\t\t<\/div>\n\t\t\t\n\t\t\t\t\t\t<div class=\"elementor-icon-box-content\">\n\n\t\t\t\t\t\t\t\t\t<span class=\"elementor-icon-box-title\">\n\t\t\t\t\t\t<a href=\"https:\/\/maxidental.cz\/de\/dentalofen\/\" >\n\t\t\t\t\t\t\tvollst\u00e4ndiges Angebot\t\t\t\t\t\t<\/a>\n\t\t\t\t\t<\/span>\n\t\t\t\t\n\t\t\t\t\n\t\t\t<\/div>\n\t\t\t\n\t\t<\/div>\n\t\t\t\t\t\t<\/div>\n\t\t\t\t<\/div>\n\t\t<div class=\"elementor-element elementor-element-d05fc80 e-con-full e-flex e-con e-child\" data-id=\"d05fc80\" data-element_type=\"container\" data-e-type=\"container\">\n\t\t\t\t<div class=\"elementor-element elementor-element-1ae93da elementor-blockquote--skin-boxed elementor-blockquote--align-left elementor-widget elementor-widget-blockquote\" data-id=\"1ae93da\" data-element_type=\"widget\" data-e-type=\"widget\" data-widget_type=\"blockquote.default\">\n\t\t\t\t\t\t\t<blockquote class=\"elementor-blockquote\">\n\t\t\t<p class=\"elementor-blockquote__content\">\n\t\t\t\tWenn Sie eine Verletzung erlitten haben oder Ihr Zahn aufgrund einer starken Sch\u00e4digung nicht mehr zu retten ist, ist die Prothetik der richtige Weg. Dabei handelt es sich um Prothesen, die einen Teil eines Zahns, einen Zahn oder sogar mehrere Z\u00e4hne auf einmal ersetzen. Die prothetische Zahnheilkunde umfasst Kronen, Br\u00fccken, Implantate, Veneers und herausnehmbare Versorgungen.\t\t\t<\/p>\n\t\t\t\t\t<\/blockquote>\n\t\t\t\t\t\t<\/div>\n\t\t<div class=\"elementor-element elementor-element-f6cd5c4 e-flex e-con-boxed e-con e-child\" data-id=\"f6cd5c4\" data-element_type=\"container\" data-e-type=\"container\">\n\t\t\t\t\t<div class=\"e-con-inner\">\n\t\t\t\t<div class=\"elementor-element elementor-element-daf8d9d elementor-widget elementor-widget-text-editor\" data-id=\"daf8d9d\" data-element_type=\"widget\" data-e-type=\"widget\" data-widget_type=\"text-editor.default\">\n\t\t\t\t\t\t\t\t\t<p>In unserer Klinik verwenden wir nur die fortschrittlichsten Technologien, Verfahren und Materialien, und unsere erfahrenen Zahn\u00e4rzte werden gemeinsam mit Ihnen die beste L\u00f6sung finden, die Ihren Anforderungen an Haltbarkeit, \u00c4sthetik, Komfort und Finanzen entspricht. Wir erkl\u00e4ren Ihnen alle M\u00f6glichkeiten und den gesamten Ablauf jeder Behandlung und erstellen einen individuellen Behandlungsplan f\u00fcr Sie. Wir verf\u00fcgen auch \u00fcber ein eigenes hochwertiges Dentallabor, das den Zahnersatz f\u00fcr uns anfertigt.<\/p><p><strong>Materialien<\/strong><\/p><p>In der prothetischen Zahnmedizin wird eine Vielzahl von Materialien verwendet, doch in letzter Zeit hat sich die Kombination von Metall mit Keramik oder Vollkeramik durchgesetzt. Dabei handelt es sich um eine spezielle geh\u00e4rtete Keramik, die in ihrer H\u00e4rte dem Metall nahe kommt, aber \u00e4hnliche Eigenschaften wie ein Zahn hat und auch so aussieht. Eine solche Restauration ist von den echten Z\u00e4hnen praktisch nicht zu unterscheiden.<\/p><p><strong>Kronen<\/strong><\/p><p>Wenn ein Zahn nicht gerettet werden kann, die Wurzel aber gesund ist, kann eine Zahnkrone den ganzen oder einen gro\u00dfen Teil des Zahns ersetzen. Wir k\u00f6nnen zun\u00e4chst eine Fotodokumentation anfertigen, damit die Krone Ihrem urspr\u00fcnglichen Zahn so gut wie m\u00f6glich entspricht. Sobald der Zahn f\u00fcr die Krone abgeschliffen wurde, nehmen wir entweder einen Abdruck oder einen 3D-Scan des Kieferknochens, in dem sich der betreffende Zahn befindet. Auf dieser Grundlage fertigt das Labor die Krone an, die wir dann auf dem Stumpf Ihres urspr\u00fcnglichen Zahns befestigen.<\/p><p><strong>Zahnbr\u00fccken<\/strong><\/p><p>Eine Zahnbr\u00fccke ist eine M\u00f6glichkeit, fehlende Z\u00e4hne dauerhaft zu ersetzen. Das Ger\u00fcst f\u00fcr die Zahnbr\u00fccke wird von den umliegenden Z\u00e4hnen getragen und bildet so deren Pfeiler. Sie werden vor allem dann eingesetzt, wenn ein Implantat f\u00fcr den Patienten aus gesundheitlichen Gr\u00fcnden nicht in Frage kommt oder die umliegenden Z\u00e4hne stabilisiert werden m\u00fcssen.<\/p><p><strong>Zahnimplantate<\/strong><\/p><p>Ein Zahnimplantat ersetzt den gesamten Zahn, einschlie\u00dflich seiner Wurzel. Anstelle der Wurzel wird eine Titanschraube mit modifizierter Oberfl\u00e4che an der Stelle des urspr\u00fcnglichen Zahns in den Knochen gebohrt, ein weiteres Teil darauf geschraubt und dann eine Krone aufgesetzt.<\/p><p>In unserer Zahnklinik verwenden wir eine spezielle Software f\u00fcr die schablonengef\u00fchrte Implantologie, die zusammen mit einem 3D-Scanner f\u00fcr maximale Sicherheit bei der Implantation sorgt. Dank der 3D-R\u00f6ntgenaufnahme erh\u00e4lt der Zahnarzt einen Blick auf Ihre Z\u00e4hne, einschlie\u00dflich der genauen Anatomie Ihres Kiefers. Dank einer speziellen Software kann er dann die Position, Neigung und Gr\u00f6\u00dfe des Implantats planen. Die Software leitet ihn auch w\u00e4hrend des Eingriffs selbst. Dadurch wird der Eingriff sehr schonend und respektvoll gegen\u00fcber Ihrer Anatomie.<\/p><p><strong>Facetten<\/strong><\/p><p>Wenn Ihre Z\u00e4hne leicht schief sind oder Pigmentflecken aufweisen, k\u00f6nnen Zahnveneers helfen. Diese werden haupts\u00e4chlich aus \u00e4sthetischen Gr\u00fcnden eingesetzt. Sie korrigieren die Form der Z\u00e4hne, k\u00f6nnen aber auch unerw\u00fcnschte Verf\u00e4rbungen \u00fcberdecken. Sie sind auch dann sinnvoll, wenn ein Teil des Zahns besch\u00e4digt ist, aber eine klassische F\u00fcllung nicht mehr ausreicht und es zu schade w\u00e4re, den Zahn f\u00fcr eine Krone komplett abzuschleifen.<\/p>\t\t\t\t\t\t\t\t<\/div>\n\t\t\t\t\t<\/div>\n\t\t\t\t<\/div>\n\t\t<div class=\"elementor-element elementor-element-7bd899c e-flex e-con-boxed e-con e-child\" data-id=\"7bd899c\" data-element_type=\"container\" data-e-type=\"container\">\n\t\t\t\t\t<div class=\"e-con-inner\">\n\t\t\t\t<div class=\"elementor-element elementor-element-187e69f elementor-widget elementor-widget-heading\" data-id=\"187e69f\" data-element_type=\"widget\" data-e-type=\"widget\" data-widget_type=\"heading.default\">\n\t\t\t\t\t<h2 class=\"elementor-heading-title elementor-size-default\">WARUM SOLLTEN SIE IHREN ZAHNERSATZ BEI UNS MACHEN LASSEN?<\/h2>\t\t\t\t<\/div>\n\t\t\t\t<div class=\"elementor-element elementor-element-6b4154b elementor-widget-divider--view-line elementor-widget elementor-widget-divider\" data-id=\"6b4154b\" data-element_type=\"widget\" data-e-type=\"widget\" data-widget_type=\"divider.default\">\n\t\t\t\t\t\t\t<div class=\"elementor-divider\">\n\t\t\t<span class=\"elementor-divider-separator\">\n\t\t\t\t\t\t<\/span>\n\t\t<\/div>\n\t\t\t\t\t\t<\/div>\n\t\t\t\t<div class=\"elementor-element elementor-element-41589e7 elementor-widget elementor-widget-text-editor\" data-id=\"41589e7\" data-element_type=\"widget\" data-e-type=\"widget\" data-widget_type=\"text-editor.default\">\n\t\t\t\t\t\t\t\t\t<ul><li>Wir machen auch Abdr\u00fccke von Z\u00e4hnen mit einem 3D-Scanner, was im Vergleich zu Abdr\u00fccken in Silikonmaterialien sehr bequem f\u00fcr Sie ist. Es ist schneller fertig und auch sehr genau.<\/li><li>Wir verwenden eine spezielle Software f\u00fcr die schablonengef\u00fchrte Implantologie, die eine absolut pr\u00e4zise Implantatplatzierung auf der Grundlage von 3D-R\u00f6ntgenbildern garantiert. Das Verfahren ist sehr schonend und respektiert Ihre individuelle Anatomie, einschlie\u00dflich der Vermeidung von Nerveneinklemmungen oder anderen Komplikationen im Kiefer.<\/li><li>Wir haben ein eigenes Labor f\u00fcr die Herstellung von Zahnersatz<\/li><li>Wir verwenden die neuesten Technologien und Materialien<\/li><li>Wir sind ein vollst\u00e4ndig digitalisiertes Unternehmen, und Ihre Bilder werden in k\u00fcrzester Zeit an das Labor geliefert, wodurch alles viel schneller geht.<\/li><li>Unsere professionellen und erfahrenen Zahn\u00e4rzte behandeln Sie mit gr\u00f6\u00dfter Sorgfalt und erkl\u00e4ren Ihnen alles im Detail<\/li><li>Alles, was Sie in unserer Klinik brauchen, an einem Ort<\/li><\/ul>\t\t\t\t\t\t\t\t<\/div>\n\t\t\t\t\t<\/div>\n\t\t\t\t<\/div>\n\t\t\t\t<\/div>\n\t\t\t\t<\/div>\n\t\t\t\t<\/div>","protected":false},"excerpt":{"rendered":"<p>Zubn\u00ed n\u00e1hrady kompletn\u00ed nab\u00eddka Pokud se v\u00e1m stal \u00faraz nebo v\u00e1\u0161 zub ji\u017e nelze zachr\u00e1nit kv\u016fli rozs\u00e1hl\u00e9mu po\u0161kozen\u00ed, p\u0159ich\u00e1z\u00ed na \u0159adu zubn\u00ed protetika. Jedn\u00e1 se o zubn\u00ed n\u00e1hrady za \u010d\u00e1st zubu, jeden zub nebo i v\u00edce zub\u016f najednou. Do protetick\u00e9 stomatologie pat\u0159\u00ed korunky, m\u016fstky, implant\u00e1ty, fasety a sn\u00edmateln\u00e9 n\u00e1hrady. Na na\u0161\u00ed klinice pou\u017e\u00edv\u00e1me jen ty [&hellip;]<\/p>\n","protected":false},"author":1,"featured_media":0,"parent":1010,"menu_order":0,"comment_status":"closed","ping_status":"closed","template":"elementor_header_footer","meta":{"iawp_total_views":719,"footnotes":""},"class_list":["post-1080","page","type-page","status-publish","hentry"],"_links":{"self":[{"href":"https:\/\/maxidental.cz\/de\/wp-json\/wp\/v2\/pages\/1080","targetHints":{"allow":["GET"]}}],"collection":[{"href":"https:\/\/maxidental.cz\/de\/wp-json\/wp\/v2\/pages"}],"about":[{"href":"https:\/\/maxidental.cz\/de\/wp-json\/wp\/v2\/types\/page"}],"author":[{"embeddable":true,"href":"https:\/\/maxidental.cz\/de\/wp-json\/wp\/v2\/users\/1"}],"replies":[{"embeddable":true,"href":"https:\/\/maxidental.cz\/de\/wp-json\/wp\/v2\/comments?post=1080"}],"version-history":[{"count":0,"href":"https:\/\/maxidental.cz\/de\/wp-json\/wp\/v2\/pages\/1080\/revisions"}],"up":[{"embeddable":true,"href":"https:\/\/maxidental.cz\/de\/wp-json\/wp\/v2\/pages\/1010"}],"wp:attachment":[{"href":"https:\/\/maxidental.cz\/de\/wp-json\/wp\/v2\/media?parent=1080"}],"curies":[{"name":"wp","href":"https:\/\/api.w.org\/{rel}","templated":true}]}}