{"id":1105,"date":"2024-04-29T14:53:09","date_gmt":"2024-04-29T14:53:09","guid":{"rendered":"http:\/\/www.maxidental.cz.uvirt140.active24.cz\/?page_id=1105"},"modified":"2024-05-07T15:05:43","modified_gmt":"2024-05-07T15:05:43","slug":"asthetische-zahnheilkunde","status":"publish","type":"page","link":"https:\/\/maxidental.cz\/de\/dentalofen\/asthetische-zahnheilkunde\/","title":{"rendered":"\u00c4sthetische Zahnmedizin"},"content":{"rendered":"<div data-elementor-type=\"wp-page\" data-elementor-id=\"1105\" class=\"elementor elementor-1105\" data-elementor-post-type=\"page\">\n\t\t\t\t<div class=\"elementor-element elementor-element-3e340d6 e-con-full e-flex e-con e-parent\" data-id=\"3e340d6\" data-element_type=\"container\" data-e-type=\"container\" data-settings=\"{&quot;background_background&quot;:&quot;classic&quot;}\">\n\t\t\t\t<div class=\"elementor-element elementor-element-5f02a5c elementor-widget elementor-widget-heading\" data-id=\"5f02a5c\" data-element_type=\"widget\" data-e-type=\"widget\" data-widget_type=\"heading.default\">\n\t\t\t\t\t<h1 class=\"elementor-heading-title elementor-size-default\">\u00c4sthetische Zahnmedizin<\/h1>\t\t\t\t<\/div>\n\t\t\t\t<div class=\"elementor-element elementor-element-f3cef0a elementor-widget elementor-widget-heading\" data-id=\"f3cef0a\" data-element_type=\"widget\" data-e-type=\"widget\" data-widget_type=\"heading.default\">\n\t\t\t\t\t<p class=\"elementor-heading-title elementor-size-default\">Sch\u00f6ne Z\u00e4hne f\u00fcr alle<\/p>\t\t\t\t<\/div>\n\t\t\t\t<\/div>\n\t\t<div class=\"elementor-element elementor-element-5cde4b7 e-con-full e-flex e-con e-parent\" data-id=\"5cde4b7\" data-element_type=\"container\" data-e-type=\"container\">\n\t\t<div class=\"elementor-element elementor-element-8b157f2 e-con-full e-flex e-con e-child\" data-id=\"8b157f2\" data-element_type=\"container\" data-e-type=\"container\">\n\t\t\t\t<div class=\"elementor-element elementor-element-b6806bb elementor-widget-divider--view-line elementor-widget elementor-widget-divider\" data-id=\"b6806bb\" data-element_type=\"widget\" data-e-type=\"widget\" data-widget_type=\"divider.default\">\n\t\t\t\t\t\t\t<div class=\"elementor-divider\">\n\t\t\t<span class=\"elementor-divider-separator\">\n\t\t\t\t\t\t<\/span>\n\t\t<\/div>\n\t\t\t\t\t\t<\/div>\n\t\t\t\t<div class=\"elementor-element elementor-element-c12bb42 elementor-position-inline-start elementor-view-default elementor-mobile-position-block-start elementor-widget elementor-widget-icon-box\" data-id=\"c12bb42\" data-element_type=\"widget\" data-e-type=\"widget\" data-widget_type=\"icon-box.default\">\n\t\t\t\t\t\t\t<div class=\"elementor-icon-box-wrapper\">\n\n\t\t\t\t\t\t<div class=\"elementor-icon-box-icon\">\n\t\t\t\t<a href=\"https:\/\/maxidental.cz\/de\/dentalofen\/\" class=\"elementor-icon\" tabindex=\"-1\" aria-label=\"vollst\u00e4ndiges Angebot\">\n\t\t\t\t<svg aria-hidden=\"true\" class=\"e-font-icon-svg e-fas-arrow-left\" viewbox=\"0 0 448 512\" xmlns=\"http:\/\/www.w3.org\/2000\/svg\"><path d=\"M257.5 445.1l-22.2 22.2c-9.4 9.4-24.6 9.4-33.9 0L7 273c-9.4-9.4-9.4-24.6 0-33.9L201.4 44.7c9.4-9.4 24.6-9.4 33.9 0l22.2 22.2c9.5 9.5 9.3 25-.4 34.3L136.6 216H424c13.3 0 24 10.7 24 24v32c0 13.3-10.7 24-24 24H136.6l120.5 114.8c9.8 9.3 10 24.8.4 34.3z\"><\/path><\/svg>\t\t\t\t<\/a>\n\t\t\t<\/div>\n\t\t\t\n\t\t\t\t\t\t<div class=\"elementor-icon-box-content\">\n\n\t\t\t\t\t\t\t\t\t<span class=\"elementor-icon-box-title\">\n\t\t\t\t\t\t<a href=\"https:\/\/maxidental.cz\/de\/dentalofen\/\" >\n\t\t\t\t\t\t\tvollst\u00e4ndiges Angebot\t\t\t\t\t\t<\/a>\n\t\t\t\t\t<\/span>\n\t\t\t\t\n\t\t\t\t\n\t\t\t<\/div>\n\t\t\t\n\t\t<\/div>\n\t\t\t\t\t\t<\/div>\n\t\t\t\t<\/div>\n\t\t<div class=\"elementor-element elementor-element-d05fc80 e-con-full e-flex e-con e-child\" data-id=\"d05fc80\" data-element_type=\"container\" data-e-type=\"container\">\n\t\t\t\t<div class=\"elementor-element elementor-element-1ae93da elementor-blockquote--skin-boxed elementor-blockquote--align-left elementor-widget elementor-widget-blockquote\" data-id=\"1ae93da\" data-element_type=\"widget\" data-e-type=\"widget\" data-widget_type=\"blockquote.default\">\n\t\t\t\t\t\t\t<blockquote class=\"elementor-blockquote\">\n\t\t\t<p class=\"elementor-blockquote__content\">\n\t\t\t\tEin sch\u00f6nes L\u00e4cheln ist heute dank der fortschrittlichen Zahntechnik f\u00fcr jeden erreichbar. F\u00fcr die meisten Zahnm\u00e4ngel gibt es eine L\u00f6sung, und Sie k\u00f6nnen bei uns Ihre Traumz\u00e4hne bekommen, f\u00fcr die Sie sich bestimmt nicht sch\u00e4men werden.\t\t\t<\/p>\n\t\t\t\t\t<\/blockquote>\n\t\t\t\t\t\t<\/div>\n\t\t<div class=\"elementor-element elementor-element-f6cd5c4 e-flex e-con-boxed e-con e-child\" data-id=\"f6cd5c4\" data-element_type=\"container\" data-e-type=\"container\">\n\t\t\t\t\t<div class=\"e-con-inner\">\n\t\t\t\t<div class=\"elementor-element elementor-element-daf8d9d elementor-widget elementor-widget-text-editor\" data-id=\"daf8d9d\" data-element_type=\"widget\" data-e-type=\"widget\" data-widget_type=\"text-editor.default\">\n\t\t\t\t\t\t\t\t\t<p>Regelm\u00e4\u00dfige Mundpflege und Pr\u00e4vention sind die Grundlage f\u00fcr ein strahlendes L\u00e4cheln. Wenn Sie jedoch nicht das gew\u00fcnschte Ergebnis erzielen oder Ihren Z\u00e4hnen nicht so viel Aufmerksamkeit geschenkt haben, vertrauen Sie sich uns an, und unsere professionellen Zahn\u00e4rzte erstellen gemeinsam mit Ihnen einen individuellen Behandlungsplan f\u00fcr sch\u00f6ne und gesunde Z\u00e4hne.<\/p><p>Sie m\u00fcssen sich nicht mit dunklen Flecken, Rissen oder fehlenden Teilen Ihrer Z\u00e4hne abfinden. Wir zeigen Ihnen gerne Ihre M\u00f6glichkeiten auf. Was die kosmetische Zahnmedizin f\u00fcr Sie tun kann:<\/p>\t\t\t\t\t\t\t\t<\/div>\n\t\t\t\t<div class=\"elementor-element elementor-element-41589e7 elementor-widget elementor-widget-text-editor\" data-id=\"41589e7\" data-element_type=\"widget\" data-e-type=\"widget\" data-widget_type=\"text-editor.default\">\n\t\t\t\t\t\t\t\t\t<ul><li>Wenn Ihnen Z\u00e4hne fehlen, empfehlen wir implantatgetragene Br\u00fccken oder Ihre eigenen Z\u00e4hne<\/li><li>Wir helfen irreversibel verf\u00e4rbten oder rissigen Z\u00e4hnen mit vollkeramischen Verblendschalen, die das Aussehen der Z\u00e4hne v\u00f6llig ver\u00e4ndern k\u00f6nnen<\/li><li>Es ist sehr beliebt, Zahnf\u00fcllungen durch Kompositf\u00fcllungen (in der Farbe Ihrer Z\u00e4hne) zu ersetzen. In diesem Fall sieht man Ihren Z\u00e4hnen \u00fcberhaupt nicht an, dass sie jemals eine F\u00fcllung hatten.<\/li><li>Zahnaufhellung und Sandstrahlen sind bereits Standardverfahren in der Zahnhygiene<\/li><\/ul>\t\t\t\t\t\t\t\t<\/div>\n\t\t\t\t\t<\/div>\n\t\t\t\t<\/div>\n\t\t<div class=\"elementor-element elementor-element-7bd899c e-flex e-con-boxed e-con e-child\" data-id=\"7bd899c\" data-element_type=\"container\" data-e-type=\"container\">\n\t\t\t\t\t<div class=\"e-con-inner\">\n\t\t\t\t<div class=\"elementor-element elementor-element-187e69f elementor-widget elementor-widget-heading\" data-id=\"187e69f\" data-element_type=\"widget\" data-e-type=\"widget\" data-widget_type=\"heading.default\">\n\t\t\t\t\t<h2 class=\"elementor-heading-title elementor-size-default\">WARUM SOLLTEN SIE UNS DIE SCH\u00d6NHEIT IHRER Z\u00c4HNE ANVERTRAUEN?<\/h2>\t\t\t\t<\/div>\n\t\t\t\t<div class=\"elementor-element elementor-element-6b4154b elementor-widget-divider--view-line elementor-widget elementor-widget-divider\" data-id=\"6b4154b\" data-element_type=\"widget\" data-e-type=\"widget\" data-widget_type=\"divider.default\">\n\t\t\t\t\t\t\t<div class=\"elementor-divider\">\n\t\t\t<span class=\"elementor-divider-separator\">\n\t\t\t\t\t\t<\/span>\n\t\t<\/div>\n\t\t\t\t\t\t<\/div>\n\t\t\t\t<div class=\"elementor-element elementor-element-37d383c elementor-widget elementor-widget-text-editor\" data-id=\"37d383c\" data-element_type=\"widget\" data-e-type=\"widget\" data-widget_type=\"text-editor.default\">\n\t\t\t\t\t\t\t\t\t<ul><li>Unsere professionellen und erfahrenen Zahn\u00e4rzte behandeln Sie mit gr\u00f6\u00dfter Sorgfalt und erkl\u00e4ren Ihnen alles im Detail<\/li><li>In unserer Klinik finden Sie alles, was Sie brauchen, an einem Ort, einschlie\u00dflich Zahnhygiene, aber auch ein Labor f\u00fcr anspruchsvollere Eingriffe wie Implantate.<\/li><li>Wir verwenden die neuesten Technologien und Materialien<\/li><li>Wir sind ein vollst\u00e4ndig digitalisiertes Unternehmen, und Ihre Bilder werden in k\u00fcrzester Zeit an das Labor geliefert, wodurch alles viel schneller geht.<\/li><\/ul>\t\t\t\t\t\t\t\t<\/div>\n\t\t\t\t\t<\/div>\n\t\t\t\t<\/div>\n\t\t\t\t<\/div>\n\t\t\t\t<\/div>\n\t\t\t\t<\/div>","protected":false},"excerpt":{"rendered":"<p>Kr\u00e1sn\u00e9 zuby pro ka\u017ed\u00e9ho kompletn\u00ed nab\u00eddka Kr\u00e1sn\u00fdm \u00fasm\u011bv je dnes d\u00edky pokro\u010dil\u00fdm stomatologick\u00fdm technologi\u00edm dosa\u017eiteln\u00fd pro ka\u017ed\u00e9ho. V\u011bt\u0161ina zubn\u00edch nedokonalost\u00ed m\u00e1 \u0159e\u0161en\u00ed a vy m\u016f\u017eete s n\u00e1mi z\u00edskat sv\u016fj vysn\u011bn\u00fd chrup, za kter\u00fd se rozhodn\u011b nebudete styd\u011bt. Z\u00e1kladem z\u00e1\u0159iv\u00e9ho \u00fasm\u011bvu je pravideln\u00e1 p\u00e9\u010de o \u00fastn\u00ed dutinu a prevence, ale pokud se v\u00e1m neda\u0159\u00ed dos\u00e1hnout po\u017eadovan\u00e9ho [&hellip;]<\/p>\n","protected":false},"author":1,"featured_media":0,"parent":1010,"menu_order":0,"comment_status":"closed","ping_status":"closed","template":"elementor_header_footer","meta":{"iawp_total_views":686,"footnotes":""},"class_list":["post-1105","page","type-page","status-publish","hentry"],"_links":{"self":[{"href":"https:\/\/maxidental.cz\/de\/wp-json\/wp\/v2\/pages\/1105","targetHints":{"allow":["GET"]}}],"collection":[{"href":"https:\/\/maxidental.cz\/de\/wp-json\/wp\/v2\/pages"}],"about":[{"href":"https:\/\/maxidental.cz\/de\/wp-json\/wp\/v2\/types\/page"}],"author":[{"embeddable":true,"href":"https:\/\/maxidental.cz\/de\/wp-json\/wp\/v2\/users\/1"}],"replies":[{"embeddable":true,"href":"https:\/\/maxidental.cz\/de\/wp-json\/wp\/v2\/comments?post=1105"}],"version-history":[{"count":0,"href":"https:\/\/maxidental.cz\/de\/wp-json\/wp\/v2\/pages\/1105\/revisions"}],"up":[{"embeddable":true,"href":"https:\/\/maxidental.cz\/de\/wp-json\/wp\/v2\/pages\/1010"}],"wp:attachment":[{"href":"https:\/\/maxidental.cz\/de\/wp-json\/wp\/v2\/media?parent=1105"}],"curies":[{"name":"wp","href":"https:\/\/api.w.org\/{rel}","templated":true}]}}