{"id":1117,"date":"2024-04-29T14:58:27","date_gmt":"2024-04-29T14:58:27","guid":{"rendered":"http:\/\/www.maxidental.cz.uvirt140.active24.cz\/?page_id=1117"},"modified":"2024-05-07T15:09:35","modified_gmt":"2024-05-07T15:09:35","slug":"zahnchirurgie","status":"publish","type":"page","link":"https:\/\/maxidental.cz\/de\/dentalofen\/zahnchirurgie\/","title":{"rendered":"Zahn\u00e4rztliche Chirurgie"},"content":{"rendered":"<div data-elementor-type=\"wp-page\" data-elementor-id=\"1117\" class=\"elementor elementor-1117\" data-elementor-post-type=\"page\">\n\t\t\t\t<div class=\"elementor-element elementor-element-3e340d6 e-con-full e-flex e-con e-parent\" data-id=\"3e340d6\" data-element_type=\"container\" data-e-type=\"container\" data-settings=\"{&quot;background_background&quot;:&quot;classic&quot;}\">\n\t\t\t\t<div class=\"elementor-element elementor-element-5f02a5c elementor-widget elementor-widget-heading\" data-id=\"5f02a5c\" data-element_type=\"widget\" data-e-type=\"widget\" data-widget_type=\"heading.default\">\n\t\t\t\t\t<h1 class=\"elementor-heading-title elementor-size-default\">Zahn\u00e4rztliche Chirurgie<\/h1>\t\t\t\t<\/div>\n\t\t\t\t<div class=\"elementor-element elementor-element-f3cef0a elementor-widget elementor-widget-heading\" data-id=\"f3cef0a\" data-element_type=\"widget\" data-e-type=\"widget\" data-widget_type=\"heading.default\">\n\t\t\t\t\t<p class=\"elementor-heading-title elementor-size-default\">Schmerzfreie und schonende Zahnchirurgie<\/p>\t\t\t\t<\/div>\n\t\t\t\t<\/div>\n\t\t<div class=\"elementor-element elementor-element-5cde4b7 e-con-full e-flex e-con e-parent\" data-id=\"5cde4b7\" data-element_type=\"container\" data-e-type=\"container\">\n\t\t<div class=\"elementor-element elementor-element-8b157f2 e-con-full e-flex e-con e-child\" data-id=\"8b157f2\" data-element_type=\"container\" data-e-type=\"container\">\n\t\t\t\t<div class=\"elementor-element elementor-element-b6806bb elementor-widget-divider--view-line elementor-widget elementor-widget-divider\" data-id=\"b6806bb\" data-element_type=\"widget\" data-e-type=\"widget\" data-widget_type=\"divider.default\">\n\t\t\t\t\t\t\t<div class=\"elementor-divider\">\n\t\t\t<span class=\"elementor-divider-separator\">\n\t\t\t\t\t\t<\/span>\n\t\t<\/div>\n\t\t\t\t\t\t<\/div>\n\t\t\t\t<div class=\"elementor-element elementor-element-c12bb42 elementor-position-inline-start elementor-view-default elementor-mobile-position-block-start elementor-widget elementor-widget-icon-box\" data-id=\"c12bb42\" data-element_type=\"widget\" data-e-type=\"widget\" data-widget_type=\"icon-box.default\">\n\t\t\t\t\t\t\t<div class=\"elementor-icon-box-wrapper\">\n\n\t\t\t\t\t\t<div class=\"elementor-icon-box-icon\">\n\t\t\t\t<a href=\"https:\/\/maxidental.cz\/de\/dentalofen\/\" class=\"elementor-icon\" tabindex=\"-1\" aria-label=\"vollst\u00e4ndiges Angebot\">\n\t\t\t\t<svg aria-hidden=\"true\" class=\"e-font-icon-svg e-fas-arrow-left\" viewbox=\"0 0 448 512\" xmlns=\"http:\/\/www.w3.org\/2000\/svg\"><path d=\"M257.5 445.1l-22.2 22.2c-9.4 9.4-24.6 9.4-33.9 0L7 273c-9.4-9.4-9.4-24.6 0-33.9L201.4 44.7c9.4-9.4 24.6-9.4 33.9 0l22.2 22.2c9.5 9.5 9.3 25-.4 34.3L136.6 216H424c13.3 0 24 10.7 24 24v32c0 13.3-10.7 24-24 24H136.6l120.5 114.8c9.8 9.3 10 24.8.4 34.3z\"><\/path><\/svg>\t\t\t\t<\/a>\n\t\t\t<\/div>\n\t\t\t\n\t\t\t\t\t\t<div class=\"elementor-icon-box-content\">\n\n\t\t\t\t\t\t\t\t\t<span class=\"elementor-icon-box-title\">\n\t\t\t\t\t\t<a href=\"https:\/\/maxidental.cz\/de\/dentalofen\/\" >\n\t\t\t\t\t\t\tvollst\u00e4ndiges Angebot\t\t\t\t\t\t<\/a>\n\t\t\t\t\t<\/span>\n\t\t\t\t\n\t\t\t\t\n\t\t\t<\/div>\n\t\t\t\n\t\t<\/div>\n\t\t\t\t\t\t<\/div>\n\t\t\t\t<\/div>\n\t\t<div class=\"elementor-element elementor-element-d05fc80 e-con-full e-flex e-con e-child\" data-id=\"d05fc80\" data-element_type=\"container\" data-e-type=\"container\">\n\t\t\t\t<div class=\"elementor-element elementor-element-1ae93da elementor-blockquote--skin-boxed elementor-blockquote--align-left elementor-widget elementor-widget-blockquote\" data-id=\"1ae93da\" data-element_type=\"widget\" data-e-type=\"widget\" data-widget_type=\"blockquote.default\">\n\t\t\t\t\t\t\t<blockquote class=\"elementor-blockquote\">\n\t\t\t<p class=\"elementor-blockquote__content\">\n\t\t\t\tAuch wenn Sie gr\u00f6\u00dfere Eingriffe an Ihren Z\u00e4hnen ben\u00f6tigen, brauchen Sie sich bei uns keine Sorgen zu machen. Unsere professionellen Zahn\u00e4rzte werden sich um Sie k\u00fcmmern. Dank moderner Technik und einer Auswahl geeigneter An\u00e4sthetika werden Sie keine Schmerzen haben. Wir behandeln chirurgische Eingriffe schonend und r\u00fccksichtsvoll und verk\u00fcrzen so die Heilungs- und Erholungszeit.\t\t\t<\/p>\n\t\t\t\t\t<\/blockquote>\n\t\t\t\t\t\t<\/div>\n\t\t<div class=\"elementor-element elementor-element-f6cd5c4 e-flex e-con-boxed e-con e-child\" data-id=\"f6cd5c4\" data-element_type=\"container\" data-e-type=\"container\">\n\t\t\t\t\t<div class=\"e-con-inner\">\n\t\t\t\t<div class=\"elementor-element elementor-element-daf8d9d elementor-widget elementor-widget-text-editor\" data-id=\"daf8d9d\" data-element_type=\"widget\" data-e-type=\"widget\" data-widget_type=\"text-editor.default\">\n\t\t\t\t\t\t\t\t\t<p>In unserer Zahnarztpraxis f\u00fchren wir alle notwendigen Eingriffe durch. Der h\u00e4ufigste Eingriff ist die Extraktion (Zahnextraktion), die vor allem dann vorgenommen wird, wenn der Zahn durch Karies so stark gesch\u00e4digt ist, dass er nicht mehr rekonstruiert werden kann. Die Extraktion von Weisheitsz\u00e4hnen (Achten) ist ebenfalls sehr h\u00e4ufig, wenn sie Schwierigkeiten verursachen oder nicht richtig wachsen. Wir befassen uns auch mit der periapikalen Chirurgie (K\u00fcrzen der Wurzelspitze).<\/p>\t\t\t\t\t\t\t\t<\/div>\n\t\t\t\t\t<\/div>\n\t\t\t\t<\/div>\n\t\t<div class=\"elementor-element elementor-element-7bd899c e-flex e-con-boxed e-con e-child\" data-id=\"7bd899c\" data-element_type=\"container\" data-e-type=\"container\">\n\t\t\t\t\t<div class=\"e-con-inner\">\n\t\t\t\t<div class=\"elementor-element elementor-element-187e69f elementor-widget elementor-widget-heading\" data-id=\"187e69f\" data-element_type=\"widget\" data-e-type=\"widget\" data-widget_type=\"heading.default\">\n\t\t\t\t\t<h2 class=\"elementor-heading-title elementor-size-default\">INDIVIDUELLER ANSATZ UND MODERNSTE ZAHNTECHNIK<\/h2>\t\t\t\t<\/div>\n\t\t\t\t<div class=\"elementor-element elementor-element-6b4154b elementor-widget-divider--view-line elementor-widget elementor-widget-divider\" data-id=\"6b4154b\" data-element_type=\"widget\" data-e-type=\"widget\" data-widget_type=\"divider.default\">\n\t\t\t\t\t\t\t<div class=\"elementor-divider\">\n\t\t\t<span class=\"elementor-divider-separator\">\n\t\t\t\t\t\t<\/span>\n\t\t<\/div>\n\t\t\t\t\t\t<\/div>\n\t\t\t\t<div class=\"elementor-element elementor-element-37d383c elementor-widget elementor-widget-text-editor\" data-id=\"37d383c\" data-element_type=\"widget\" data-e-type=\"widget\" data-widget_type=\"text-editor.default\">\n\t\t\t\t\t\t\t\t\t<p>Wir planen gemeinsam mit Ihnen Ihre chirurgische Behandlung auf der Grundlage Ihrer individuellen Bed\u00fcrfnisse und des Gesamtbehandlungsplans f\u00fcr Ihre Z\u00e4hne. Wir behandeln Sie schmerzfrei mit geeigneten Analgetika.<br \/>Der Einsatz moderner Technologien wie 3D-Scanner oder Lupenbrillen ist dabei eine Selbstverst\u00e4ndlichkeit.<\/p><p>Nach der Behandlung geben wir Ihnen ausf\u00fchrliche Anweisungen zur Selbstpflege und vereinbaren bei Bedarf einen Termin f\u00fcr eine Nachuntersuchung. Falls erforderlich, werden wir Ihnen auch Antibiotika oder Schmerzmittel verschreiben. Nat\u00fcrlich k\u00f6nnen Sie uns auch nach dem Eingriff jederzeit kontaktieren.<\/p>\t\t\t\t\t\t\t\t<\/div>\n\t\t\t\t\t<\/div>\n\t\t\t\t<\/div>\n\t\t<div class=\"elementor-element elementor-element-56faa5b e-flex e-con-boxed e-con e-child\" data-id=\"56faa5b\" data-element_type=\"container\" data-e-type=\"container\">\n\t\t\t\t\t<div class=\"e-con-inner\">\n\t\t\t\t<div class=\"elementor-element elementor-element-177d4da elementor-widget elementor-widget-heading\" data-id=\"177d4da\" data-element_type=\"widget\" data-e-type=\"widget\" data-widget_type=\"heading.default\">\n\t\t\t\t\t<h2 class=\"elementor-heading-title elementor-size-default\">WARUM SOLLTEN SIE SICH BEI UNS OPERIEREN LASSEN?<\/h2>\t\t\t\t<\/div>\n\t\t\t\t<div class=\"elementor-element elementor-element-80f9298 elementor-widget-divider--view-line elementor-widget elementor-widget-divider\" data-id=\"80f9298\" data-element_type=\"widget\" data-e-type=\"widget\" data-widget_type=\"divider.default\">\n\t\t\t\t\t\t\t<div class=\"elementor-divider\">\n\t\t\t<span class=\"elementor-divider-separator\">\n\t\t\t\t\t\t<\/span>\n\t\t<\/div>\n\t\t\t\t\t\t<\/div>\n\t\t\t\t<div class=\"elementor-element elementor-element-c944c4b elementor-widget elementor-widget-text-editor\" data-id=\"c944c4b\" data-element_type=\"widget\" data-e-type=\"widget\" data-widget_type=\"text-editor.default\">\n\t\t\t\t\t\t\t\t\t<ul><li>Wir verwenden die neuesten Verfahren und Technologien in der Zahnchirurgie<\/li><li>Sie haben die Garantie f\u00fcr eine schonende und r\u00fccksichtsvolle Behandlung und damit f\u00fcr eine bessere Erholung und Heilung nach dem Eingriff<\/li><li>Wir arbeiten in allen unseren Praxen mit R\u00f6ntgenbildern, um sicherzustellen, dass wir alle Problembereiche erkannt haben.<\/li><li>Wir sind eine voll digitalisierte Praxis mit allen Ger\u00e4ten f\u00fcr die umfassende Pflege Ihrer Z\u00e4hne<\/li><\/ul>\t\t\t\t\t\t\t\t<\/div>\n\t\t\t\t\t<\/div>\n\t\t\t\t<\/div>\n\t\t\t\t<\/div>\n\t\t\t\t<\/div>\n\t\t\t\t<\/div>","protected":false},"excerpt":{"rendered":"<p>Zubn\u00ed chirurgie bezbolestn\u011b a \u0161etrn\u011b kompletn\u00ed nab\u00eddka I\u00a0kdy\u017e pot\u0159ebujete v\u011bt\u0161\u00ed z\u00e1kroky na\u00a0sv\u00e9m chrupu, u\u00a0n\u00e1s se\u00a0nemus\u00edte ni\u010deho b\u00e1t. Na\u0161i profesion\u00e1ln\u00ed stomatologov\u00e9 se\u00a0o\u00a0v\u00e1s postaraj\u00ed. D\u00edky modern\u00edm technologi\u00edm a\u00a0v\u00fdb\u011bru vhodn\u00fdch anestetik v\u00e1s nic bolet nebude. K\u00a0chirurgick\u00fdm v\u00fdkon\u016fm p\u0159istupujeme \u0161etrn\u011b a\u00a0ohledupln\u011b, tak\u017ee t\u00edm zkracujeme dobu hojen\u00ed a\u00a0rekonvalescence. V\u00a0r\u00e1mci zubn\u00ed chirurgie u\u00a0n\u00e1s prov\u00e1d\u00edme v\u0161echny pot\u0159ebn\u00e9 z\u00e1kroky. Nej\u010dast\u011bji se\u00a0jedn\u00e1 o\u00a0extrakci (vytr\u017een\u00ed [&hellip;]<\/p>\n","protected":false},"author":1,"featured_media":0,"parent":1010,"menu_order":0,"comment_status":"closed","ping_status":"closed","template":"elementor_header_footer","meta":{"iawp_total_views":753,"footnotes":""},"class_list":["post-1117","page","type-page","status-publish","hentry"],"_links":{"self":[{"href":"https:\/\/maxidental.cz\/de\/wp-json\/wp\/v2\/pages\/1117","targetHints":{"allow":["GET"]}}],"collection":[{"href":"https:\/\/maxidental.cz\/de\/wp-json\/wp\/v2\/pages"}],"about":[{"href":"https:\/\/maxidental.cz\/de\/wp-json\/wp\/v2\/types\/page"}],"author":[{"embeddable":true,"href":"https:\/\/maxidental.cz\/de\/wp-json\/wp\/v2\/users\/1"}],"replies":[{"embeddable":true,"href":"https:\/\/maxidental.cz\/de\/wp-json\/wp\/v2\/comments?post=1117"}],"version-history":[{"count":0,"href":"https:\/\/maxidental.cz\/de\/wp-json\/wp\/v2\/pages\/1117\/revisions"}],"up":[{"embeddable":true,"href":"https:\/\/maxidental.cz\/de\/wp-json\/wp\/v2\/pages\/1010"}],"wp:attachment":[{"href":"https:\/\/maxidental.cz\/de\/wp-json\/wp\/v2\/media?parent=1117"}],"curies":[{"name":"wp","href":"https:\/\/api.w.org\/{rel}","templated":true}]}}