{"id":1125,"date":"2024-04-29T15:05:09","date_gmt":"2024-04-29T15:05:09","guid":{"rendered":"http:\/\/www.maxidental.cz.uvirt140.active24.cz\/?page_id=1125"},"modified":"2024-05-07T15:08:07","modified_gmt":"2024-05-07T15:08:07","slug":"implantologie","status":"publish","type":"page","link":"https:\/\/maxidental.cz\/de\/dentalofen\/implantologie\/","title":{"rendered":"Implantologie"},"content":{"rendered":"<div data-elementor-type=\"wp-page\" data-elementor-id=\"1125\" class=\"elementor elementor-1125\" data-elementor-post-type=\"page\">\n\t\t\t\t<div class=\"elementor-element elementor-element-3e340d6 e-con-full e-flex e-con e-parent\" data-id=\"3e340d6\" data-element_type=\"container\" data-e-type=\"container\" data-settings=\"{&quot;background_background&quot;:&quot;classic&quot;}\">\n\t\t\t\t<div class=\"elementor-element elementor-element-5f02a5c elementor-widget elementor-widget-heading\" data-id=\"5f02a5c\" data-element_type=\"widget\" data-e-type=\"widget\" data-widget_type=\"heading.default\">\n\t\t\t\t\t<h1 class=\"elementor-heading-title elementor-size-default\">Implantologie<\/h1>\t\t\t\t<\/div>\n\t\t\t\t<div class=\"elementor-element elementor-element-f3cef0a elementor-widget elementor-widget-heading\" data-id=\"f3cef0a\" data-element_type=\"widget\" data-e-type=\"widget\" data-widget_type=\"heading.default\">\n\t\t\t\t\t<p class=\"elementor-heading-title elementor-size-default\">Vollst\u00e4ndiger Ersatz f\u00fcr Z\u00e4hne<\/p>\t\t\t\t<\/div>\n\t\t\t\t<\/div>\n\t\t<div class=\"elementor-element elementor-element-5cde4b7 e-con-full e-flex e-con e-parent\" data-id=\"5cde4b7\" data-element_type=\"container\" data-e-type=\"container\">\n\t\t<div class=\"elementor-element elementor-element-8b157f2 e-con-full e-flex e-con e-child\" data-id=\"8b157f2\" data-element_type=\"container\" data-e-type=\"container\">\n\t\t\t\t<div class=\"elementor-element elementor-element-b6806bb elementor-widget-divider--view-line elementor-widget elementor-widget-divider\" data-id=\"b6806bb\" data-element_type=\"widget\" data-e-type=\"widget\" data-widget_type=\"divider.default\">\n\t\t\t\t\t\t\t<div class=\"elementor-divider\">\n\t\t\t<span class=\"elementor-divider-separator\">\n\t\t\t\t\t\t<\/span>\n\t\t<\/div>\n\t\t\t\t\t\t<\/div>\n\t\t\t\t<div class=\"elementor-element elementor-element-c12bb42 elementor-position-inline-start elementor-view-default elementor-mobile-position-block-start elementor-widget elementor-widget-icon-box\" data-id=\"c12bb42\" data-element_type=\"widget\" data-e-type=\"widget\" data-widget_type=\"icon-box.default\">\n\t\t\t\t\t\t\t<div class=\"elementor-icon-box-wrapper\">\n\n\t\t\t\t\t\t<div class=\"elementor-icon-box-icon\">\n\t\t\t\t<a href=\"https:\/\/maxidental.cz\/de\/dentalofen\/\" class=\"elementor-icon\" tabindex=\"-1\" aria-label=\"vollst\u00e4ndiges Angebot\">\n\t\t\t\t<svg aria-hidden=\"true\" class=\"e-font-icon-svg e-fas-arrow-left\" viewbox=\"0 0 448 512\" xmlns=\"http:\/\/www.w3.org\/2000\/svg\"><path d=\"M257.5 445.1l-22.2 22.2c-9.4 9.4-24.6 9.4-33.9 0L7 273c-9.4-9.4-9.4-24.6 0-33.9L201.4 44.7c9.4-9.4 24.6-9.4 33.9 0l22.2 22.2c9.5 9.5 9.3 25-.4 34.3L136.6 216H424c13.3 0 24 10.7 24 24v32c0 13.3-10.7 24-24 24H136.6l120.5 114.8c9.8 9.3 10 24.8.4 34.3z\"><\/path><\/svg>\t\t\t\t<\/a>\n\t\t\t<\/div>\n\t\t\t\n\t\t\t\t\t\t<div class=\"elementor-icon-box-content\">\n\n\t\t\t\t\t\t\t\t\t<span class=\"elementor-icon-box-title\">\n\t\t\t\t\t\t<a href=\"https:\/\/maxidental.cz\/de\/dentalofen\/\" >\n\t\t\t\t\t\t\tvollst\u00e4ndiges Angebot\t\t\t\t\t\t<\/a>\n\t\t\t\t\t<\/span>\n\t\t\t\t\n\t\t\t\t\n\t\t\t<\/div>\n\t\t\t\n\t\t<\/div>\n\t\t\t\t\t\t<\/div>\n\t\t\t\t<\/div>\n\t\t<div class=\"elementor-element elementor-element-d05fc80 e-con-full e-flex e-con e-child\" data-id=\"d05fc80\" data-element_type=\"container\" data-e-type=\"container\">\n\t\t\t\t<div class=\"elementor-element elementor-element-1ae93da elementor-blockquote--skin-boxed elementor-blockquote--align-left elementor-widget elementor-widget-blockquote\" data-id=\"1ae93da\" data-element_type=\"widget\" data-e-type=\"widget\" data-widget_type=\"blockquote.default\">\n\t\t\t\t\t\t\t<blockquote class=\"elementor-blockquote\">\n\t\t\t<p class=\"elementor-blockquote__content\">\n\t\t\t\tBeim Verlust eines oder mehrerer Z\u00e4hne kommt die prothetische Zahnmedizin ins Spiel. Eine der mit ihr zusammenarbeitenden Disziplinen ist die Implantologie, die sich mit Zahnimplantaten befasst. Ein Implantat ist im Wesentlichen eine \"Schraube\", die in den Kieferknochen gebohrt wird, um die Wurzel eines Zahns zu ersetzen. Darauf wird dann meist eine Zahnkrone befestigt.\t\t\t<\/p>\n\t\t\t\t\t<\/blockquote>\n\t\t\t\t\t\t<\/div>\n\t\t<div class=\"elementor-element elementor-element-f6cd5c4 e-flex e-con-boxed e-con e-child\" data-id=\"f6cd5c4\" data-element_type=\"container\" data-e-type=\"container\">\n\t\t\t\t\t<div class=\"e-con-inner\">\n\t\t\t\t<div class=\"elementor-element elementor-element-daf8d9d elementor-widget elementor-widget-text-editor\" data-id=\"daf8d9d\" data-element_type=\"widget\" data-e-type=\"widget\" data-widget_type=\"text-editor.default\">\n\t\t\t\t\t\t\t\t\t<p>Unsere Zahn\u00e4rzte werden Sie zun\u00e4chst untersuchen, Ihnen alles genau erkl\u00e4ren und gemeinsam mit Ihnen einen Behandlungsplan erstellen. Sie brauchen sich um nichts zu k\u00fcmmern, Sie wissen immer genau, was Sie erwartet und wie der Eingriff abl\u00e4uft.<\/p>\t\t\t\t\t\t\t\t<\/div>\n\t\t\t\t\t<\/div>\n\t\t\t\t<\/div>\n\t\t<div class=\"elementor-element elementor-element-7bd899c e-flex e-con-boxed e-con e-child\" data-id=\"7bd899c\" data-element_type=\"container\" data-e-type=\"container\">\n\t\t\t\t\t<div class=\"e-con-inner\">\n\t\t\t\t<div class=\"elementor-element elementor-element-187e69f elementor-widget elementor-widget-heading\" data-id=\"187e69f\" data-element_type=\"widget\" data-e-type=\"widget\" data-widget_type=\"heading.default\">\n\t\t\t\t\t<h2 class=\"elementor-heading-title elementor-size-default\">MODERNE TECHNOLOGIEN IN DER IMPLANTOLOGIE<\/h2>\t\t\t\t<\/div>\n\t\t\t\t<div class=\"elementor-element elementor-element-6b4154b elementor-widget-divider--view-line elementor-widget elementor-widget-divider\" data-id=\"6b4154b\" data-element_type=\"widget\" data-e-type=\"widget\" data-widget_type=\"divider.default\">\n\t\t\t\t\t\t\t<div class=\"elementor-divider\">\n\t\t\t<span class=\"elementor-divider-separator\">\n\t\t\t\t\t\t<\/span>\n\t\t<\/div>\n\t\t\t\t\t\t<\/div>\n\t\t\t\t<div class=\"elementor-element elementor-element-37d383c elementor-widget elementor-widget-text-editor\" data-id=\"37d383c\" data-element_type=\"widget\" data-e-type=\"widget\" data-widget_type=\"text-editor.default\">\n\t\t\t\t\t\t\t\t\t<p>Wir arbeiten mit modernster Technik und verwenden eine spezielle Software f\u00fcr die schablonengef\u00fchrte Implantologie, die zusammen mit dem 3D-Scanner maximale Sicherheit bei der Implantation garantiert. Das 3D-R\u00f6ntgenbild liefert dem Zahnarzt ein digitales Abbild Ihrer Z\u00e4hne einschlie\u00dflich der genauen Anatomie Ihres Kiefers.<br \/>Die Software kann dann die Position, Neigung und Gr\u00f6\u00dfe des Implantats planen. Die Software leitet ihn auch w\u00e4hrend des Eingriffs selbst. Das macht das Verfahren sehr schonend und respektiert Ihre Anatomie.<\/p>\t\t\t\t\t\t\t\t<\/div>\n\t\t\t\t\t<\/div>\n\t\t\t\t<\/div>\n\t\t<div class=\"elementor-element elementor-element-0f8550a e-flex e-con-boxed e-con e-child\" data-id=\"0f8550a\" data-element_type=\"container\" data-e-type=\"container\">\n\t\t\t\t\t<div class=\"e-con-inner\">\n\t\t\t\t<div class=\"elementor-element elementor-element-60f5c24 elementor-widget elementor-widget-heading\" data-id=\"60f5c24\" data-element_type=\"widget\" data-e-type=\"widget\" data-widget_type=\"heading.default\">\n\t\t\t\t\t<h2 class=\"elementor-heading-title elementor-size-default\">ERSATZZ\u00c4HNE, DIE VON IHREN NICHT ZU UNTERSCHEIDEN SIND<\/h2>\t\t\t\t<\/div>\n\t\t\t\t<div class=\"elementor-element elementor-element-e5ffb11 elementor-widget-divider--view-line elementor-widget elementor-widget-divider\" data-id=\"e5ffb11\" data-element_type=\"widget\" data-e-type=\"widget\" data-widget_type=\"divider.default\">\n\t\t\t\t\t\t\t<div class=\"elementor-divider\">\n\t\t\t<span class=\"elementor-divider-separator\">\n\t\t\t\t\t\t<\/span>\n\t\t<\/div>\n\t\t\t\t\t\t<\/div>\n\t\t\t\t<div class=\"elementor-element elementor-element-e89f68d elementor-widget elementor-widget-text-editor\" data-id=\"e89f68d\" data-element_type=\"widget\" data-e-type=\"widget\" data-widget_type=\"text-editor.default\">\n\t\t\t\t\t\t\t\t\t<p>F\u00fcr Kronen verwenden wir Materialien, die zu einer schnelleren Heilung und auch zur Langlebigkeit der neuen Z\u00e4hne beitragen. Sie k\u00f6nnen aus einer Vielzahl von prothetischen Materialien w\u00e4hlen, aber am h\u00e4ufigsten arbeiten wir mit einer Kombination aus Metall und Keramik oder Glaskeramik. Dabei handelt es sich um eine spezielle, geh\u00e4rtete Keramik, die eine \u00e4hnliche H\u00e4rte wie Metall aufweist, aber \u00e4hnliche Eigenschaften wie der Zahn hat und auch wie dieser aussieht. Ein solcher Zahnersatz ist von den echten Z\u00e4hnen praktisch nicht zu unterscheiden.<\/p>\t\t\t\t\t\t\t\t<\/div>\n\t\t\t\t\t<\/div>\n\t\t\t\t<\/div>\n\t\t<div class=\"elementor-element elementor-element-f093ca0 e-flex e-con-boxed e-con e-child\" data-id=\"f093ca0\" data-element_type=\"container\" data-e-type=\"container\">\n\t\t\t\t\t<div class=\"e-con-inner\">\n\t\t\t\t<div class=\"elementor-element elementor-element-cac7cc4 elementor-widget elementor-widget-heading\" data-id=\"cac7cc4\" data-element_type=\"widget\" data-e-type=\"widget\" data-widget_type=\"heading.default\">\n\t\t\t\t\t<h2 class=\"elementor-heading-title elementor-size-default\">SCHNELL, ELEKTRONISCH UND AN EINEM ORT<\/h2>\t\t\t\t<\/div>\n\t\t\t\t<div class=\"elementor-element elementor-element-87fb5d7 elementor-widget-divider--view-line elementor-widget elementor-widget-divider\" data-id=\"87fb5d7\" data-element_type=\"widget\" data-e-type=\"widget\" data-widget_type=\"divider.default\">\n\t\t\t\t\t\t\t<div class=\"elementor-divider\">\n\t\t\t<span class=\"elementor-divider-separator\">\n\t\t\t\t\t\t<\/span>\n\t\t<\/div>\n\t\t\t\t\t\t<\/div>\n\t\t\t\t<div class=\"elementor-element elementor-element-4ea3a60 elementor-widget elementor-widget-text-editor\" data-id=\"4ea3a60\" data-element_type=\"widget\" data-e-type=\"widget\" data-widget_type=\"text-editor.default\">\n\t\t\t\t\t\t\t\t\t<p>Bei uns haben Sie alles an einem Ort, einschlie\u00dflich unseres eigenen Labors, das prothetische Versorgungen auf der Grundlage von Dokumenten anfertigt, die uns von \u00c4rzten elektronisch \u00fcbermittelt werden. Alles ist digitalisiert und sehr schnell. Das spart Ihnen Zeit und Energie.<\/p><p>Wenn Sie planen, ein Zahnimplantat einzusetzen, empfehlen wir Ihnen auch, einen Dentalhygieniker aufzusuchen, um die richtige Reinigungstechnik zu erlernen. Denn das Implantat erfordert im Vergleich zu Ihren eigenen Z\u00e4hnen eine besondere Pflege.<\/p>\t\t\t\t\t\t\t\t<\/div>\n\t\t\t\t\t<\/div>\n\t\t\t\t<\/div>\n\t\t<div class=\"elementor-element elementor-element-9518266 e-flex e-con-boxed e-con e-child\" data-id=\"9518266\" data-element_type=\"container\" data-e-type=\"container\">\n\t\t\t\t\t<div class=\"e-con-inner\">\n\t\t\t\t<div class=\"elementor-element elementor-element-3854888 elementor-widget elementor-widget-heading\" data-id=\"3854888\" data-element_type=\"widget\" data-e-type=\"widget\" data-widget_type=\"heading.default\">\n\t\t\t\t\t<h2 class=\"elementor-heading-title elementor-size-default\">WARUM SOLLTEN SIE EIN IMPLANTAT BEI UNS MACHEN LASSEN?<\/h2>\t\t\t\t<\/div>\n\t\t\t\t<div class=\"elementor-element elementor-element-17e4bb7 elementor-widget-divider--view-line elementor-widget elementor-widget-divider\" data-id=\"17e4bb7\" data-element_type=\"widget\" data-e-type=\"widget\" data-widget_type=\"divider.default\">\n\t\t\t\t\t\t\t<div class=\"elementor-divider\">\n\t\t\t<span class=\"elementor-divider-separator\">\n\t\t\t\t\t\t<\/span>\n\t\t<\/div>\n\t\t\t\t\t\t<\/div>\n\t\t\t\t<div class=\"elementor-element elementor-element-56c6e4f elementor-widget elementor-widget-text-editor\" data-id=\"56c6e4f\" data-element_type=\"widget\" data-e-type=\"widget\" data-widget_type=\"text-editor.default\">\n\t\t\t\t\t\t\t\t\t<ul><li>Wir verwenden eine spezielle Software f\u00fcr die schablonengef\u00fchrte Implantologie, die zusammen mit dem 3D-Scanner maximale Sicherheit bei der Implantatanwendung garantiert.<\/li><li>Unsere Zahn\u00e4rzte werden Ihnen geduldig alles erkl\u00e4ren und einen individuellen Behandlungsplan erstellen. Wir k\u00fcmmern uns um Ihre Z\u00e4hne in allen Belangen<\/li><li>Sie haben die Garantie f\u00fcr eine schonende und r\u00fccksichtsvolle Behandlung und damit f\u00fcr eine bessere Erholung und Heilung nach dem Eingriff<\/li><li>Wir verf\u00fcgen \u00fcber ein eigenes hochwertiges Labor, das Zahnersatz herstellt<\/li><li>Wir sind eine voll digitalisierte Praxis mit allen Ger\u00e4ten f\u00fcr die umfassende Pflege Ihrer Z\u00e4hne<\/li><\/ul>\t\t\t\t\t\t\t\t<\/div>\n\t\t\t\t\t<\/div>\n\t\t\t\t<\/div>\n\t\t\t\t<\/div>\n\t\t\t\t<\/div>\n\t\t\t\t<\/div>","protected":false},"excerpt":{"rendered":"<p>Plnohodnotn\u00e1 n\u00e1hrada za zuby kompletn\u00ed nab\u00eddka V p\u0159\u00edpad\u011b ztr\u00e1ty jednoho nebo v\u00edce zub\u016f p\u0159ich\u00e1z\u00ed na \u0159adu protetick\u00e1 stomatologie. Jedn\u00edm z jej\u00edch spolupracuj\u00edc\u00edch obor\u016f je implantologie, kter\u00e1 se zab\u00fdv\u00e1 zubn\u00edmi implant\u00e1ty. Implant\u00e1t je v podstat\u011b \u201e\u0161roub\u201c, kter\u00fd se navrt\u00e1 do \u010delisti a nahrazuje ko\u0159en zubu. Na n\u011bj se pot\u00e9 p\u0159ipevn\u00ed nej\u010dast\u011bji zubn\u00ed korunka. Na\u0161i stomatologov\u00e9 v\u00e1s [&hellip;]<\/p>\n","protected":false},"author":1,"featured_media":0,"parent":1010,"menu_order":0,"comment_status":"closed","ping_status":"closed","template":"elementor_header_footer","meta":{"iawp_total_views":814,"footnotes":""},"class_list":["post-1125","page","type-page","status-publish","hentry"],"_links":{"self":[{"href":"https:\/\/maxidental.cz\/de\/wp-json\/wp\/v2\/pages\/1125","targetHints":{"allow":["GET"]}}],"collection":[{"href":"https:\/\/maxidental.cz\/de\/wp-json\/wp\/v2\/pages"}],"about":[{"href":"https:\/\/maxidental.cz\/de\/wp-json\/wp\/v2\/types\/page"}],"author":[{"embeddable":true,"href":"https:\/\/maxidental.cz\/de\/wp-json\/wp\/v2\/users\/1"}],"replies":[{"embeddable":true,"href":"https:\/\/maxidental.cz\/de\/wp-json\/wp\/v2\/comments?post=1125"}],"version-history":[{"count":0,"href":"https:\/\/maxidental.cz\/de\/wp-json\/wp\/v2\/pages\/1125\/revisions"}],"up":[{"embeddable":true,"href":"https:\/\/maxidental.cz\/de\/wp-json\/wp\/v2\/pages\/1010"}],"wp:attachment":[{"href":"https:\/\/maxidental.cz\/de\/wp-json\/wp\/v2\/media?parent=1125"}],"curies":[{"name":"wp","href":"https:\/\/api.w.org\/{rel}","templated":true}]}}