{"id":1130,"date":"2024-04-29T15:08:19","date_gmt":"2024-04-29T15:08:19","guid":{"rendered":"http:\/\/www.maxidental.cz.uvirt140.active24.cz\/?page_id=1130"},"modified":"2024-05-07T15:08:33","modified_gmt":"2024-05-07T15:08:33","slug":"endodontologen","status":"publish","type":"page","link":"https:\/\/maxidental.cz\/de\/dentalofen\/endodontologen\/","title":{"rendered":"Endodontologen"},"content":{"rendered":"<div data-elementor-type=\"wp-page\" data-elementor-id=\"1130\" class=\"elementor elementor-1130\" data-elementor-post-type=\"page\">\n\t\t\t\t<div class=\"elementor-element elementor-element-3e340d6 e-con-full e-flex e-con e-parent\" data-id=\"3e340d6\" data-element_type=\"container\" data-e-type=\"container\" data-settings=\"{&quot;background_background&quot;:&quot;classic&quot;}\">\n\t\t\t\t<div class=\"elementor-element elementor-element-5f02a5c elementor-widget elementor-widget-heading\" data-id=\"5f02a5c\" data-element_type=\"widget\" data-e-type=\"widget\" data-widget_type=\"heading.default\">\n\t\t\t\t\t<h1 class=\"elementor-heading-title elementor-size-default\">Endodontologen<\/h1>\t\t\t\t<\/div>\n\t\t\t\t<div class=\"elementor-element elementor-element-f3cef0a elementor-widget elementor-widget-heading\" data-id=\"f3cef0a\" data-element_type=\"widget\" data-e-type=\"widget\" data-widget_type=\"heading.default\">\n\t\t\t\t\t<p class=\"elementor-heading-title elementor-size-default\">Wurzelkanalbehandlung<\/p>\t\t\t\t<\/div>\n\t\t\t\t<\/div>\n\t\t<div class=\"elementor-element elementor-element-5cde4b7 e-con-full e-flex e-con e-parent\" data-id=\"5cde4b7\" data-element_type=\"container\" data-e-type=\"container\">\n\t\t<div class=\"elementor-element elementor-element-8b157f2 e-con-full e-flex e-con e-child\" data-id=\"8b157f2\" data-element_type=\"container\" data-e-type=\"container\">\n\t\t\t\t<div class=\"elementor-element elementor-element-b6806bb elementor-widget-divider--view-line elementor-widget elementor-widget-divider\" data-id=\"b6806bb\" data-element_type=\"widget\" data-e-type=\"widget\" data-widget_type=\"divider.default\">\n\t\t\t\t\t\t\t<div class=\"elementor-divider\">\n\t\t\t<span class=\"elementor-divider-separator\">\n\t\t\t\t\t\t<\/span>\n\t\t<\/div>\n\t\t\t\t\t\t<\/div>\n\t\t\t\t<div class=\"elementor-element elementor-element-c12bb42 elementor-position-inline-start elementor-view-default elementor-mobile-position-block-start elementor-widget elementor-widget-icon-box\" data-id=\"c12bb42\" data-element_type=\"widget\" data-e-type=\"widget\" data-widget_type=\"icon-box.default\">\n\t\t\t\t\t\t\t<div class=\"elementor-icon-box-wrapper\">\n\n\t\t\t\t\t\t<div class=\"elementor-icon-box-icon\">\n\t\t\t\t<a href=\"https:\/\/maxidental.cz\/de\/dentalofen\/\" class=\"elementor-icon\" tabindex=\"-1\" aria-label=\"vollst\u00e4ndiges Angebot\">\n\t\t\t\t<svg aria-hidden=\"true\" class=\"e-font-icon-svg e-fas-arrow-left\" viewbox=\"0 0 448 512\" xmlns=\"http:\/\/www.w3.org\/2000\/svg\"><path d=\"M257.5 445.1l-22.2 22.2c-9.4 9.4-24.6 9.4-33.9 0L7 273c-9.4-9.4-9.4-24.6 0-33.9L201.4 44.7c9.4-9.4 24.6-9.4 33.9 0l22.2 22.2c9.5 9.5 9.3 25-.4 34.3L136.6 216H424c13.3 0 24 10.7 24 24v32c0 13.3-10.7 24-24 24H136.6l120.5 114.8c9.8 9.3 10 24.8.4 34.3z\"><\/path><\/svg>\t\t\t\t<\/a>\n\t\t\t<\/div>\n\t\t\t\n\t\t\t\t\t\t<div class=\"elementor-icon-box-content\">\n\n\t\t\t\t\t\t\t\t\t<span class=\"elementor-icon-box-title\">\n\t\t\t\t\t\t<a href=\"https:\/\/maxidental.cz\/de\/dentalofen\/\" >\n\t\t\t\t\t\t\tvollst\u00e4ndiges Angebot\t\t\t\t\t\t<\/a>\n\t\t\t\t\t<\/span>\n\t\t\t\t\n\t\t\t\t\n\t\t\t<\/div>\n\t\t\t\n\t\t<\/div>\n\t\t\t\t\t\t<\/div>\n\t\t\t\t<\/div>\n\t\t<div class=\"elementor-element elementor-element-d05fc80 e-con-full e-flex e-con e-child\" data-id=\"d05fc80\" data-element_type=\"container\" data-e-type=\"container\">\n\t\t\t\t<div class=\"elementor-element elementor-element-1ae93da elementor-blockquote--skin-boxed elementor-blockquote--align-left elementor-widget elementor-widget-blockquote\" data-id=\"1ae93da\" data-element_type=\"widget\" data-e-type=\"widget\" data-widget_type=\"blockquote.default\">\n\t\t\t\t\t\t\t<blockquote class=\"elementor-blockquote\">\n\t\t\t<p class=\"elementor-blockquote__content\">\n\t\t\t\tSchieben Sie den Gang zum Zahnarzt nicht auf, wenn Sie das Gef\u00fchl haben, dass mit Ihren Z\u00e4hnen etwas nicht stimmt, oder wenn Sie schon lange nicht mehr zur Vorsorgeuntersuchung gegangen sind. Karies ist ein h\u00e4ufiges Problem, und wenn sie fr\u00fch erkannt wird, ist die Behandlung einfach und schnell.\t\t\t<\/p>\n\t\t\t\t\t<\/blockquote>\n\t\t\t\t\t\t<\/div>\n\t\t<div class=\"elementor-element elementor-element-f6cd5c4 e-flex e-con-boxed e-con e-child\" data-id=\"f6cd5c4\" data-element_type=\"container\" data-e-type=\"container\">\n\t\t\t\t\t<div class=\"e-con-inner\">\n\t\t\t\t<div class=\"elementor-element elementor-element-daf8d9d elementor-widget elementor-widget-text-editor\" data-id=\"daf8d9d\" data-element_type=\"widget\" data-e-type=\"widget\" data-widget_type=\"text-editor.default\">\n\t\t\t\t\t\t\t\t\t<p>Manchmal schreitet die Karies jedoch fort, und der Nerv im Inneren des Zahns kann gesch\u00e4digt werden und absterben, was dann behandelt werden muss. In diesem Fall f\u00fchren wir eine Endodontie, d. h. eine Wurzelbehandlung, durch. Dies ist die letzte M\u00f6glichkeit, den Zahn selbst zu retten.<\/p><p>Eine sorgf\u00e4ltige Reinigung und Desinfektion aller Kan\u00e4le ist absolut notwendig, um Infektionen zu beseitigen. In unserer Praxis verwenden wir w\u00e4hrend dieses Vorgangs eine Lupenbrille oder ein Mikroskop, um das bestm\u00f6gliche Ergebnis zu erzielen und um sicherzustellen, dass wir die Kan\u00e4le vollst\u00e4ndig gereinigt haben. Anschlie\u00dfend f\u00fcllen wir die Wurzelkan\u00e4le mit einer definitiven F\u00fcllung, um eine dauerhafte Wirkung der Behandlung zu gew\u00e4hrleisten.<\/p><p>Diese Behandlung wird unter \u00f6rtlicher Bet\u00e4ubung durchgef\u00fchrt, ist also schmerzfrei und Sie brauchen sich keine Sorgen zu machen.<\/p><p>Z\u00f6gern Sie diese Behandlung nicht hinaus. Andernfalls k\u00f6nnen sich Bakterien vom betroffenen Zahn weiter im Kiefer, im umliegenden Gewebe und im Blut ausbreiten, was eine Gefahr f\u00fcr Ihre allgemeine Gesundheit darstellt.<\/p>\t\t\t\t\t\t\t\t<\/div>\n\t\t\t\t\t<\/div>\n\t\t\t\t<\/div>\n\t\t<div class=\"elementor-element elementor-element-9518266 e-flex e-con-boxed e-con e-child\" data-id=\"9518266\" data-element_type=\"container\" data-e-type=\"container\">\n\t\t\t\t\t<div class=\"e-con-inner\">\n\t\t\t\t<div class=\"elementor-element elementor-element-3854888 elementor-widget elementor-widget-heading\" data-id=\"3854888\" data-element_type=\"widget\" data-e-type=\"widget\" data-widget_type=\"heading.default\">\n\t\t\t\t\t<h2 class=\"elementor-heading-title elementor-size-default\">WARUM SOLLTEN SIE IHRE WURZELBEHANDLUNG BEI UNS DURCHF\u00dcHREN LASSEN?<\/h2>\t\t\t\t<\/div>\n\t\t\t\t<div class=\"elementor-element elementor-element-17e4bb7 elementor-widget-divider--view-line elementor-widget elementor-widget-divider\" data-id=\"17e4bb7\" data-element_type=\"widget\" data-e-type=\"widget\" data-widget_type=\"divider.default\">\n\t\t\t\t\t\t\t<div class=\"elementor-divider\">\n\t\t\t<span class=\"elementor-divider-separator\">\n\t\t\t\t\t\t<\/span>\n\t\t<\/div>\n\t\t\t\t\t\t<\/div>\n\t\t\t\t<div class=\"elementor-element elementor-element-56c6e4f elementor-widget elementor-widget-text-editor\" data-id=\"56c6e4f\" data-element_type=\"widget\" data-e-type=\"widget\" data-widget_type=\"text-editor.default\">\n\t\t\t\t\t\t\t\t\t<ul><li>Unsere \u00c4rzte werden Ihnen geduldig alles erkl\u00e4ren und einen individuellen Behandlungsplan erstellen. Wir k\u00fcmmern uns um Ihre Z\u00e4hne in allen Belangen<\/li><li>Wir verwenden moderne Technik, einschlie\u00dflich Lupen und R\u00f6ntgenstrahlen zur Vorbeugung und w\u00e4hrend des Eingriffs.<\/li><li>Wir arbeiten nur mit den hochwertigsten Materialien, um die bestm\u00f6gliche Lebensdauer und das Aussehen Ihrer Z\u00e4hne zu gew\u00e4hrleisten<\/li><li>Wir sind eine voll digitalisierte Praxis mit allen Ger\u00e4ten f\u00fcr die umfassende Pflege Ihrer Z\u00e4hne<\/li><\/ul>\t\t\t\t\t\t\t\t<\/div>\n\t\t\t\t\t<\/div>\n\t\t\t\t<\/div>\n\t\t\t\t<\/div>\n\t\t\t\t<\/div>\n\t\t\t\t<\/div>","protected":false},"excerpt":{"rendered":"<p>O\u0161et\u0159en\u00ed ko\u0159enov\u00fdch kan\u00e1lk\u016f kompletn\u00ed nab\u00eddka Neodkl\u00e1dejte n\u00e1v\u0161t\u011bvu zubn\u00ed ordinace, pokud m\u00e1te pocit, \u017ee je s\u00a0va\u0161\u00edm chrupem n\u011bco v\u00a0nepo\u0159\u00e1dku, anebo jste nebyli dlouho na\u00a0preventivn\u00ed prohl\u00eddce. Zubn\u00ed kazy jsou b\u011b\u017en\u00fdm probl\u00e9mem a\u00a0pokud se\u00a0podchyt\u00ed v\u010das, jejich l\u00e9\u010dba je jednoduch\u00e1 a\u00a0rychl\u00e1. N\u011bkdy ale zubn\u00ed kaz pokro\u010d\u00ed, a\u00a0proto m\u016f\u017ee doj\u00edt k\u00a0po\u0161kozen\u00ed a\u00a0n\u00e1sledn\u00e9mu odum\u0159en\u00ed nervu uvnit\u0159 zubu, kter\u00fd je nutn\u00e9 o\u0161et\u0159it. [&hellip;]<\/p>\n","protected":false},"author":1,"featured_media":0,"parent":1010,"menu_order":0,"comment_status":"closed","ping_status":"closed","template":"elementor_header_footer","meta":{"iawp_total_views":369,"footnotes":""},"class_list":["post-1130","page","type-page","status-publish","hentry"],"_links":{"self":[{"href":"https:\/\/maxidental.cz\/de\/wp-json\/wp\/v2\/pages\/1130","targetHints":{"allow":["GET"]}}],"collection":[{"href":"https:\/\/maxidental.cz\/de\/wp-json\/wp\/v2\/pages"}],"about":[{"href":"https:\/\/maxidental.cz\/de\/wp-json\/wp\/v2\/types\/page"}],"author":[{"embeddable":true,"href":"https:\/\/maxidental.cz\/de\/wp-json\/wp\/v2\/users\/1"}],"replies":[{"embeddable":true,"href":"https:\/\/maxidental.cz\/de\/wp-json\/wp\/v2\/comments?post=1130"}],"version-history":[{"count":0,"href":"https:\/\/maxidental.cz\/de\/wp-json\/wp\/v2\/pages\/1130\/revisions"}],"up":[{"embeddable":true,"href":"https:\/\/maxidental.cz\/de\/wp-json\/wp\/v2\/pages\/1010"}],"wp:attachment":[{"href":"https:\/\/maxidental.cz\/de\/wp-json\/wp\/v2\/media?parent=1130"}],"curies":[{"name":"wp","href":"https:\/\/api.w.org\/{rel}","templated":true}]}}