{"id":1140,"date":"2024-04-29T15:20:06","date_gmt":"2024-04-29T15:20:06","guid":{"rendered":"http:\/\/www.maxidental.cz.uvirt140.active24.cz\/?page_id=1140"},"modified":"2024-05-07T15:09:26","modified_gmt":"2024-05-07T15:09:26","slug":"radiologie","status":"publish","type":"page","link":"https:\/\/maxidental.cz\/de\/dentalofen\/radiologie\/","title":{"rendered":"Radiologie"},"content":{"rendered":"<div data-elementor-type=\"wp-page\" data-elementor-id=\"1140\" class=\"elementor elementor-1140\" data-elementor-post-type=\"page\">\n\t\t\t\t<div class=\"elementor-element elementor-element-3e340d6 e-con-full e-flex e-con e-parent\" data-id=\"3e340d6\" data-element_type=\"container\" data-e-type=\"container\" data-settings=\"{&quot;background_background&quot;:&quot;classic&quot;}\">\n\t\t\t\t<div class=\"elementor-element elementor-element-5f02a5c elementor-widget elementor-widget-heading\" data-id=\"5f02a5c\" data-element_type=\"widget\" data-e-type=\"widget\" data-widget_type=\"heading.default\">\n\t\t\t\t\t<h1 class=\"elementor-heading-title elementor-size-default\">Radiologie<\/h1>\t\t\t\t<\/div>\n\t\t\t\t<div class=\"elementor-element elementor-element-f3cef0a elementor-widget elementor-widget-heading\" data-id=\"f3cef0a\" data-element_type=\"widget\" data-e-type=\"widget\" data-widget_type=\"heading.default\">\n\t\t\t\t\t<p class=\"elementor-heading-title elementor-size-default\">Moderne bildgebende Verfahren<\/p>\t\t\t\t<\/div>\n\t\t\t\t<\/div>\n\t\t<div class=\"elementor-element elementor-element-5cde4b7 e-con-full e-flex e-con e-parent\" data-id=\"5cde4b7\" data-element_type=\"container\" data-e-type=\"container\">\n\t\t<div class=\"elementor-element elementor-element-8b157f2 e-con-full e-flex e-con e-child\" data-id=\"8b157f2\" data-element_type=\"container\" data-e-type=\"container\">\n\t\t\t\t<div class=\"elementor-element elementor-element-b6806bb elementor-widget-divider--view-line elementor-widget elementor-widget-divider\" data-id=\"b6806bb\" data-element_type=\"widget\" data-e-type=\"widget\" data-widget_type=\"divider.default\">\n\t\t\t\t\t\t\t<div class=\"elementor-divider\">\n\t\t\t<span class=\"elementor-divider-separator\">\n\t\t\t\t\t\t<\/span>\n\t\t<\/div>\n\t\t\t\t\t\t<\/div>\n\t\t\t\t<div class=\"elementor-element elementor-element-c12bb42 elementor-position-inline-start elementor-view-default elementor-mobile-position-block-start elementor-widget elementor-widget-icon-box\" data-id=\"c12bb42\" data-element_type=\"widget\" data-e-type=\"widget\" data-widget_type=\"icon-box.default\">\n\t\t\t\t\t\t\t<div class=\"elementor-icon-box-wrapper\">\n\n\t\t\t\t\t\t<div class=\"elementor-icon-box-icon\">\n\t\t\t\t<a href=\"https:\/\/maxidental.cz\/de\/dentalofen\/\" class=\"elementor-icon\" tabindex=\"-1\" aria-label=\"vollst\u00e4ndiges Angebot\">\n\t\t\t\t<svg aria-hidden=\"true\" class=\"e-font-icon-svg e-fas-arrow-left\" viewbox=\"0 0 448 512\" xmlns=\"http:\/\/www.w3.org\/2000\/svg\"><path d=\"M257.5 445.1l-22.2 22.2c-9.4 9.4-24.6 9.4-33.9 0L7 273c-9.4-9.4-9.4-24.6 0-33.9L201.4 44.7c9.4-9.4 24.6-9.4 33.9 0l22.2 22.2c9.5 9.5 9.3 25-.4 34.3L136.6 216H424c13.3 0 24 10.7 24 24v32c0 13.3-10.7 24-24 24H136.6l120.5 114.8c9.8 9.3 10 24.8.4 34.3z\"><\/path><\/svg>\t\t\t\t<\/a>\n\t\t\t<\/div>\n\t\t\t\n\t\t\t\t\t\t<div class=\"elementor-icon-box-content\">\n\n\t\t\t\t\t\t\t\t\t<span class=\"elementor-icon-box-title\">\n\t\t\t\t\t\t<a href=\"https:\/\/maxidental.cz\/de\/dentalofen\/\" >\n\t\t\t\t\t\t\tvollst\u00e4ndiges Angebot\t\t\t\t\t\t<\/a>\n\t\t\t\t\t<\/span>\n\t\t\t\t\n\t\t\t\t\n\t\t\t<\/div>\n\t\t\t\n\t\t<\/div>\n\t\t\t\t\t\t<\/div>\n\t\t\t\t<\/div>\n\t\t<div class=\"elementor-element elementor-element-d05fc80 e-con-full e-flex e-con e-child\" data-id=\"d05fc80\" data-element_type=\"container\" data-e-type=\"container\">\n\t\t\t\t<div class=\"elementor-element elementor-element-1ae93da elementor-blockquote--skin-boxed elementor-blockquote--align-left elementor-widget elementor-widget-blockquote\" data-id=\"1ae93da\" data-element_type=\"widget\" data-e-type=\"widget\" data-widget_type=\"blockquote.default\">\n\t\t\t\t\t\t\t<blockquote class=\"elementor-blockquote\">\n\t\t\t<p class=\"elementor-blockquote__content\">\n\t\t\t\tDank modernster R\u00f6ntgen- und Bildgebungsverfahren k\u00f6nnen unsere \u00c4rzte schnell ein detailliertes 3D-Bild eines bestimmten Teils Ihres Mundes erstellen. So k\u00f6nnen sie eine genaue und effiziente Diagnose stellen, aber auch kompliziertere Eingriffe so schonend wie m\u00f6glich f\u00fcr Sie durchf\u00fchren.\t\t\t<\/p>\n\t\t\t\t\t<\/blockquote>\n\t\t\t\t\t\t<\/div>\n\t\t\t\t<div class=\"elementor-element elementor-element-56c6e4f elementor-widget elementor-widget-text-editor\" data-id=\"56c6e4f\" data-element_type=\"widget\" data-e-type=\"widget\" data-widget_type=\"text-editor.default\">\n\t\t\t\t\t\t\t\t\t<p>Diese Behandlung ist schonend und muss nicht gef\u00fcrchtet werden. Im Vergleich zu einer CT-Untersuchung in einem Krankenhaus ist die Gesamtstrahlendosis bis zu 50-mal geringer.<\/p>\t\t\t\t\t\t\t\t<\/div>\n\t\t<div class=\"elementor-element elementor-element-bae5a52 e-flex e-con-boxed e-con e-child\" data-id=\"bae5a52\" data-element_type=\"container\" data-e-type=\"container\">\n\t\t\t\t\t<div class=\"e-con-inner\">\n\t\t\t\t<div class=\"elementor-element elementor-element-c29bdd7 elementor-widget elementor-widget-heading\" data-id=\"c29bdd7\" data-element_type=\"widget\" data-e-type=\"widget\" data-widget_type=\"heading.default\">\n\t\t\t\t\t<h2 class=\"elementor-heading-title elementor-size-default\">IN WELCHEN F\u00c4LLEN WERDEN R\u00d6NTGENSTRAHLEN IN UNSEREN PRAXEN EINGESETZT?<\/h2>\t\t\t\t<\/div>\n\t\t\t\t<div class=\"elementor-element elementor-element-2c8d76a elementor-widget-divider--view-line elementor-widget elementor-widget-divider\" data-id=\"2c8d76a\" data-element_type=\"widget\" data-e-type=\"widget\" data-widget_type=\"divider.default\">\n\t\t\t\t\t\t\t<div class=\"elementor-divider\">\n\t\t\t<span class=\"elementor-divider-separator\">\n\t\t\t\t\t\t<\/span>\n\t\t<\/div>\n\t\t\t\t\t\t<\/div>\n\t\t\t\t<div class=\"elementor-element elementor-element-918388f elementor-widget elementor-widget-text-editor\" data-id=\"918388f\" data-element_type=\"widget\" data-e-type=\"widget\" data-widget_type=\"text-editor.default\">\n\t\t\t\t\t\t\t\t\t<ul><li>Implantologie - Vorbereitung und Einsetzen des Implantats (\"Schraube\") in den Knochen<\/li><li>Extraktion (Ziehen) von nicht standardm\u00e4\u00dfig platzierten Z\u00e4hnen<\/li><li>Endodontie - Wurzelbehandlung<\/li><\/ul>\t\t\t\t\t\t\t\t<\/div>\n\t\t\t\t<div class=\"elementor-element elementor-element-690e444 elementor-widget elementor-widget-text-editor\" data-id=\"690e444\" data-element_type=\"widget\" data-e-type=\"widget\" data-widget_type=\"text-editor.default\">\n\t\t\t\t\t\t\t\t\t<p>Wir f\u00fchren diese Untersuchungen auch bei Patienten anderer \u00c4rzte durch, denen diese Technik nicht zur Verf\u00fcgung steht. Wir k\u00f6nnen Ihnen dann die Ergebnisse zusammen mit der Bildgebungssoftware selbst zur Verf\u00fcgung stellen, damit Ihr Zahnarzt sie am Computer auswerten kann.<\/p>\t\t\t\t\t\t\t\t<\/div>\n\t\t\t\t\t<\/div>\n\t\t\t\t<\/div>\n\t\t\t\t<\/div>\n\t\t\t\t<\/div>\n\t\t\t\t<\/div>","protected":false},"excerpt":{"rendered":"<p>Modern\u00ed zobrazovac\u00ed metody kompletn\u00ed nab\u00eddka D\u00edky nejmodern\u011bj\u0161\u00edm rentgen\u016fm a\u00a0zobrazovac\u00edm metod\u00e1m mohou na\u0161i l\u00e9ka\u0159i velice rychle z\u00edskat detailn\u00ed 3D\u00a0obraz v\u00a0ur\u010den\u00e9 \u010d\u00e1sti va\u0161\u00ed \u00fastn\u00ed dutiny. D\u00edky tomu mohou p\u0159esn\u011b a\u00a0efektivn\u011b ur\u010dit diagn\u00f3zu, ale tak\u00e9 prov\u00e1d\u011bt i\u00a0komplikovan\u011bj\u0161\u00ed z\u00e1kroky tak, aby pro v\u00e1s byly co nej\u0161etrn\u011bj\u0161\u00ed. Toto o\u0161et\u0159en\u00ed je \u0161etrn\u00e9 a nen\u00ed t\u0159eba se ho ob\u00e1vat. Oproti CT v [&hellip;]<\/p>\n","protected":false},"author":1,"featured_media":0,"parent":1010,"menu_order":0,"comment_status":"closed","ping_status":"closed","template":"elementor_header_footer","meta":{"iawp_total_views":172,"footnotes":""},"class_list":["post-1140","page","type-page","status-publish","hentry"],"_links":{"self":[{"href":"https:\/\/maxidental.cz\/de\/wp-json\/wp\/v2\/pages\/1140","targetHints":{"allow":["GET"]}}],"collection":[{"href":"https:\/\/maxidental.cz\/de\/wp-json\/wp\/v2\/pages"}],"about":[{"href":"https:\/\/maxidental.cz\/de\/wp-json\/wp\/v2\/types\/page"}],"author":[{"embeddable":true,"href":"https:\/\/maxidental.cz\/de\/wp-json\/wp\/v2\/users\/1"}],"replies":[{"embeddable":true,"href":"https:\/\/maxidental.cz\/de\/wp-json\/wp\/v2\/comments?post=1140"}],"version-history":[{"count":0,"href":"https:\/\/maxidental.cz\/de\/wp-json\/wp\/v2\/pages\/1140\/revisions"}],"up":[{"embeddable":true,"href":"https:\/\/maxidental.cz\/de\/wp-json\/wp\/v2\/pages\/1010"}],"wp:attachment":[{"href":"https:\/\/maxidental.cz\/de\/wp-json\/wp\/v2\/media?parent=1140"}],"curies":[{"name":"wp","href":"https:\/\/api.w.org\/{rel}","templated":true}]}}