{"id":1145,"date":"2024-04-29T15:23:10","date_gmt":"2024-04-29T15:23:10","guid":{"rendered":"http:\/\/www.maxidental.cz.uvirt140.active24.cz\/?page_id=1145"},"modified":"2024-05-21T08:54:13","modified_gmt":"2024-05-21T08:54:13","slug":"konsultation","status":"publish","type":"page","link":"https:\/\/maxidental.cz\/de\/dentalofen\/konsultation\/","title":{"rendered":"Konsultation"},"content":{"rendered":"<div data-elementor-type=\"wp-page\" data-elementor-id=\"1145\" class=\"elementor elementor-1145\" data-elementor-post-type=\"page\">\n\t\t\t\t<div class=\"elementor-element elementor-element-3e340d6 e-con-full e-flex e-con e-parent\" data-id=\"3e340d6\" data-element_type=\"container\" data-e-type=\"container\" data-settings=\"{&quot;background_background&quot;:&quot;classic&quot;}\">\n\t\t\t\t<div class=\"elementor-element elementor-element-5f02a5c elementor-widget elementor-widget-heading\" data-id=\"5f02a5c\" data-element_type=\"widget\" data-e-type=\"widget\" data-widget_type=\"heading.default\">\n\t\t\t\t\t<h1 class=\"elementor-heading-title elementor-size-default\">Konsultation<\/h1>\t\t\t\t<\/div>\n\t\t\t\t<div class=\"elementor-element elementor-element-f3cef0a elementor-widget elementor-widget-heading\" data-id=\"f3cef0a\" data-element_type=\"widget\" data-e-type=\"widget\" data-widget_type=\"heading.default\">\n\t\t\t\t\t<p class=\"elementor-heading-title elementor-size-default\">Beratung zur Zahnpflege<\/p>\t\t\t\t<\/div>\n\t\t\t\t<\/div>\n\t\t<div class=\"elementor-element elementor-element-5cde4b7 e-con-full e-flex e-con e-parent\" data-id=\"5cde4b7\" data-element_type=\"container\" data-e-type=\"container\">\n\t\t<div class=\"elementor-element elementor-element-8b157f2 e-con-full e-flex e-con e-child\" data-id=\"8b157f2\" data-element_type=\"container\" data-e-type=\"container\">\n\t\t\t\t<div class=\"elementor-element elementor-element-b6806bb elementor-widget-divider--view-line elementor-widget elementor-widget-divider\" data-id=\"b6806bb\" data-element_type=\"widget\" data-e-type=\"widget\" data-widget_type=\"divider.default\">\n\t\t\t\t\t\t\t<div class=\"elementor-divider\">\n\t\t\t<span class=\"elementor-divider-separator\">\n\t\t\t\t\t\t<\/span>\n\t\t<\/div>\n\t\t\t\t\t\t<\/div>\n\t\t\t\t<div class=\"elementor-element elementor-element-c12bb42 elementor-position-inline-start elementor-view-default elementor-mobile-position-block-start elementor-widget elementor-widget-icon-box\" data-id=\"c12bb42\" data-element_type=\"widget\" data-e-type=\"widget\" data-widget_type=\"icon-box.default\">\n\t\t\t\t\t\t\t<div class=\"elementor-icon-box-wrapper\">\n\n\t\t\t\t\t\t<div class=\"elementor-icon-box-icon\">\n\t\t\t\t<a href=\"https:\/\/maxidental.cz\/de\/dentalofen\/\" class=\"elementor-icon\" tabindex=\"-1\" aria-label=\"vollst\u00e4ndiges Angebot\">\n\t\t\t\t<svg aria-hidden=\"true\" class=\"e-font-icon-svg e-fas-arrow-left\" viewbox=\"0 0 448 512\" xmlns=\"http:\/\/www.w3.org\/2000\/svg\"><path d=\"M257.5 445.1l-22.2 22.2c-9.4 9.4-24.6 9.4-33.9 0L7 273c-9.4-9.4-9.4-24.6 0-33.9L201.4 44.7c9.4-9.4 24.6-9.4 33.9 0l22.2 22.2c9.5 9.5 9.3 25-.4 34.3L136.6 216H424c13.3 0 24 10.7 24 24v32c0 13.3-10.7 24-24 24H136.6l120.5 114.8c9.8 9.3 10 24.8.4 34.3z\"><\/path><\/svg>\t\t\t\t<\/a>\n\t\t\t<\/div>\n\t\t\t\n\t\t\t\t\t\t<div class=\"elementor-icon-box-content\">\n\n\t\t\t\t\t\t\t\t\t<span class=\"elementor-icon-box-title\">\n\t\t\t\t\t\t<a href=\"https:\/\/maxidental.cz\/de\/dentalofen\/\" >\n\t\t\t\t\t\t\tvollst\u00e4ndiges Angebot\t\t\t\t\t\t<\/a>\n\t\t\t\t\t<\/span>\n\t\t\t\t\n\t\t\t\t\n\t\t\t<\/div>\n\t\t\t\n\t\t<\/div>\n\t\t\t\t\t\t<\/div>\n\t\t\t\t<\/div>\n\t\t<div class=\"elementor-element elementor-element-d05fc80 e-con-full e-flex e-con e-child\" data-id=\"d05fc80\" data-element_type=\"container\" data-e-type=\"container\">\n\t\t\t\t<div class=\"elementor-element elementor-element-1ae93da elementor-blockquote--skin-boxed elementor-blockquote--align-left elementor-widget elementor-widget-blockquote\" data-id=\"1ae93da\" data-element_type=\"widget\" data-e-type=\"widget\" data-widget_type=\"blockquote.default\">\n\t\t\t\t\t\t\t<blockquote class=\"elementor-blockquote\">\n\t\t\t<p class=\"elementor-blockquote__content\">\n\t\t\t\tSie m\u00f6chten wissen, wie es um Ihre Mundgesundheit bestellt ist? Sie fragen sich, was man gegen Ihr Zahnproblem tun kann? Vereinbaren Sie einen Beratungstermin mit unseren Zahn\u00e4rzten und Sie werden wissen, woran Sie sind. Bei uns brauchen Sie sich keine Sorgen zu machen, denn wir sind stolz auf unseren einf\u00fchlsamen Ansatz und die Partnerschaft mit unseren Patienten.\t\t\t<\/p>\n\t\t\t\t\t<\/blockquote>\n\t\t\t\t\t\t<\/div>\n\t\t\t\t<div class=\"elementor-element elementor-element-56c6e4f elementor-widget elementor-widget-text-editor\" data-id=\"56c6e4f\" data-element_type=\"widget\" data-e-type=\"widget\" data-widget_type=\"text-editor.default\">\n\t\t\t\t\t\t\t\t\t<p>Sie erhalten einen umfassenden Bericht mit Informationen \u00fcber Ihre gesamte Mundh\u00f6hle.<br \/>Sie werden von einem erfahrenen Zahnarzt betreut, der sich die Zeit nimmt, alle Ihre Fragen zu beantworten.<\/p>\t\t\t\t\t\t\t\t<\/div>\n\t\t<div class=\"elementor-element elementor-element-bae5a52 e-flex e-con-boxed e-con e-child\" data-id=\"bae5a52\" data-element_type=\"container\" data-e-type=\"container\">\n\t\t\t\t\t<div class=\"e-con-inner\">\n\t\t\t\t<div class=\"elementor-element elementor-element-c29bdd7 elementor-widget elementor-widget-heading\" data-id=\"c29bdd7\" data-element_type=\"widget\" data-e-type=\"widget\" data-widget_type=\"heading.default\">\n\t\t\t\t\t<h2 class=\"elementor-heading-title elementor-size-default\">WAS BEINHALTET DIE KONSULTATION?<\/h2>\t\t\t\t<\/div>\n\t\t\t\t<div class=\"elementor-element elementor-element-2c8d76a elementor-widget-divider--view-line elementor-widget elementor-widget-divider\" data-id=\"2c8d76a\" data-element_type=\"widget\" data-e-type=\"widget\" data-widget_type=\"divider.default\">\n\t\t\t\t\t\t\t<div class=\"elementor-divider\">\n\t\t\t<span class=\"elementor-divider-separator\">\n\t\t\t\t\t\t<\/span>\n\t\t<\/div>\n\t\t\t\t\t\t<\/div>\n\t\t\t\t<div class=\"elementor-element elementor-element-918388f elementor-widget elementor-widget-text-editor\" data-id=\"918388f\" data-element_type=\"widget\" data-e-type=\"widget\" data-widget_type=\"text-editor.default\">\n\t\t\t\t\t\t\t\t\t<ul><li>Detaillierte Untersuchung der Mundh\u00f6hle<\/li><li>Anfertigung eines Orthopantomogramms - einer gro\u00dfen R\u00f6ntgenaufnahme beider Kiefer<\/li><li>Inspektion vorhandener F\u00fcllungen und prothetischer Arbeiten (Kronen, Br\u00fccken, herausnehmbarer Zahnersatz)<\/li><li>Bestimmung des Niveaus der Zahnhygiene<\/li><li>Erstellung eines individuellen Behandlungsplans und Erl\u00e4uterung aller m\u00f6glichen n\u00e4chsten Schritte (z. B. in der Implantologie oder bei anderen prothetischen Verfahren, einschlie\u00dflich des finanziellen Budgets)<\/li><\/ul>\t\t\t\t\t\t\t\t<\/div>\n\t\t\t\t<div class=\"elementor-element elementor-element-690e444 elementor-widget elementor-widget-text-editor\" data-id=\"690e444\" data-element_type=\"widget\" data-e-type=\"widget\" data-widget_type=\"text-editor.default\">\n\t\t\t\t\t\t\t\t\t<p>Die Kosten f\u00fcr die Konsultation werden nicht von den Krankenkassen \u00fcbernommen, sondern sind vom Patienten direkt in der Klinik gem\u00e4\u00df der aktuellen Preisliste zu zahlen.<\/p>\t\t\t\t\t\t\t\t<\/div>\n\t\t\t\t\t<\/div>\n\t\t\t\t<\/div>\n\t\t\t\t<\/div>\n\t\t\t\t<\/div>\n\t\t\t\t<\/div>","protected":false},"excerpt":{"rendered":"<p>Poradenstv\u00ed v p\u00e9\u010di o chrup kompletn\u00ed nab\u00eddka Chcete v\u011bd\u011bt, jak je na\u00a0tom va\u0161e \u00fastn\u00ed dutina? Zaj\u00edm\u00e1 v\u00e1s, co by se\u00a0dalo d\u011blat s\u00a0va\u0161im zubn\u00edm probl\u00e9mem? Objednejte se\u00a0na konzultaci k\u00a0na\u0161im stomatolog\u016fm a\u00a0budete v\u011bd\u011bt, na\u00a0\u010dem jste. U\u00a0n\u00e1s se\u00a0nem\u00e1te \u010deho b\u00e1t, zakl\u00e1d\u00e1me si na\u00a0empatick\u00e9m p\u0159\u00edstupu a\u00a0partnersk\u00e9m vztahu s\u00a0na\u0161imi pacienty. Z\u00edsk\u00e1te ucelenou zpr\u00e1vu s\u00a0informacemi o cel\u00e9 va\u0161\u00ed \u00fastn\u00ed dutin\u011b.Bude se [&hellip;]<\/p>\n","protected":false},"author":1,"featured_media":0,"parent":1010,"menu_order":0,"comment_status":"closed","ping_status":"closed","template":"elementor_header_footer","meta":{"iawp_total_views":342,"footnotes":""},"class_list":["post-1145","page","type-page","status-publish","hentry"],"_links":{"self":[{"href":"https:\/\/maxidental.cz\/de\/wp-json\/wp\/v2\/pages\/1145","targetHints":{"allow":["GET"]}}],"collection":[{"href":"https:\/\/maxidental.cz\/de\/wp-json\/wp\/v2\/pages"}],"about":[{"href":"https:\/\/maxidental.cz\/de\/wp-json\/wp\/v2\/types\/page"}],"author":[{"embeddable":true,"href":"https:\/\/maxidental.cz\/de\/wp-json\/wp\/v2\/users\/1"}],"replies":[{"embeddable":true,"href":"https:\/\/maxidental.cz\/de\/wp-json\/wp\/v2\/comments?post=1145"}],"version-history":[{"count":0,"href":"https:\/\/maxidental.cz\/de\/wp-json\/wp\/v2\/pages\/1145\/revisions"}],"up":[{"embeddable":true,"href":"https:\/\/maxidental.cz\/de\/wp-json\/wp\/v2\/pages\/1010"}],"wp:attachment":[{"href":"https:\/\/maxidental.cz\/de\/wp-json\/wp\/v2\/media?parent=1145"}],"curies":[{"name":"wp","href":"https:\/\/api.w.org\/{rel}","templated":true}]}}