{"id":1201,"date":"2024-05-01T21:17:29","date_gmt":"2024-05-01T21:17:29","guid":{"rendered":"http:\/\/www.maxidental.cz.uvirt140.active24.cz\/?page_id=1201"},"modified":"2024-05-09T11:59:00","modified_gmt":"2024-05-09T11:59:00","slug":"zahnhygiene","status":"publish","type":"page","link":"https:\/\/maxidental.cz\/de\/zahnhygiene\/","title":{"rendered":"Zahnhygiene"},"content":{"rendered":"<div data-elementor-type=\"wp-page\" data-elementor-id=\"1201\" class=\"elementor elementor-1201\" data-elementor-post-type=\"page\">\n\t\t\t\t<div class=\"elementor-element elementor-element-7df7d3b e-con-full e-flex e-con e-parent\" data-id=\"7df7d3b\" data-element_type=\"container\" data-e-type=\"container\" data-settings=\"{&quot;background_background&quot;:&quot;classic&quot;}\">\n\t\t\t\t<div class=\"elementor-element elementor-element-e2715a1 elementor-widget elementor-widget-heading\" data-id=\"e2715a1\" data-element_type=\"widget\" data-e-type=\"widget\" data-widget_type=\"heading.default\">\n\t\t\t\t\t<h1 class=\"elementor-heading-title elementor-size-default\">Zahnhygiene<\/h1>\t\t\t\t<\/div>\n\t\t\t\t<\/div>\n\t\t<div class=\"elementor-element elementor-element-668e06f e-con-full e-flex e-con e-parent\" data-id=\"668e06f\" data-element_type=\"container\" data-e-type=\"container\">\n\t\t<div class=\"elementor-element elementor-element-4d2b411 e-con-full e-flex e-con e-child\" data-id=\"4d2b411\" data-element_type=\"container\" data-e-type=\"container\">\n\t\t\t\t<div class=\"elementor-element elementor-element-0488ba5 elementor-widget-divider--view-line elementor-widget elementor-widget-divider\" data-id=\"0488ba5\" data-element_type=\"widget\" data-e-type=\"widget\" data-widget_type=\"divider.default\">\n\t\t\t\t\t\t\t<div class=\"elementor-divider\">\n\t\t\t<span class=\"elementor-divider-separator\">\n\t\t\t\t\t\t<\/span>\n\t\t<\/div>\n\t\t\t\t\t\t<\/div>\n\t\t\t\t<\/div>\n\t\t<div class=\"elementor-element elementor-element-5156b83 e-con-full e-flex e-con e-child\" data-id=\"5156b83\" data-element_type=\"container\" data-e-type=\"container\">\n\t\t\t\t<div class=\"elementor-element elementor-element-1f3f206 elementor-blockquote--skin-boxed elementor-blockquote--align-left elementor-widget elementor-widget-blockquote\" data-id=\"1f3f206\" data-element_type=\"widget\" data-e-type=\"widget\" data-widget_type=\"blockquote.default\">\n\t\t\t\t\t\t\t<blockquote class=\"elementor-blockquote\">\n\t\t\t<p class=\"elementor-blockquote__content\">\n\t\t\t\tRegelm\u00e4\u00dfige Zahnhygienebesuche sollten f\u00fcr jeden eine Selbstverst\u00e4ndlichkeit sein, ebenso wie pr\u00e4ventive zahn\u00e4rztliche Kontrolluntersuchungen. Dies ist ein medizinischer Prozess, der die zahn\u00e4rztlichen Untersuchungen erg\u00e4nzt.\n\n\n\t\t\t<\/p>\n\t\t\t\t\t<\/blockquote>\n\t\t\t\t\t\t<\/div>\n\t\t\t\t<div class=\"elementor-element elementor-element-6e45814 elementor-widget elementor-widget-text-editor\" data-id=\"6e45814\" data-element_type=\"widget\" data-e-type=\"widget\" data-widget_type=\"text-editor.default\">\n\t\t\t\t\t\t\t\t\t<p>Der Besuch bei der Dentalhygienikerin umfasst eine umfassende Untersuchung des Mundes. Das Vorhandensein von Zahnbelag, Zahnstein und Zahnfleischbluten wird \u00fcberpr\u00fcft. Der wichtigste Schritt ist die parodontale Untersuchung, bei der die Tiefe des Raums zwischen Zahn und Zahnfleisch gemessen wird.<\/p><p>Auf der Grundlage dieser Untersuchungen erstellen wir einen individuellen Behandlungsplan f\u00fcr Sie.<\/p><p>Ein Dentalhygieniker befreit Ihre Z\u00e4hne von Zahnbelag und Zahnstein, was f\u00fcr die Vorbeugung von Gingivitis und Parodontitis unerl\u00e4sslich ist. Durch die Zahnhygiene wird die Anzahl der Bakterien in der Mundh\u00f6hle verringert, wodurch Infektionen oder Karies verhindert werden. Bakterien sind normalerweise im Mund vorhanden, aber sie d\u00fcrfen ein bestimmtes Ma\u00df nicht \u00fcberschreiten, mit dem der K\u00f6rper nicht mehr zurechtkommt.<\/p><p>Integraler Bestandteil der Untersuchung ist auch die Anleitung zum richtigen Z\u00e4hneputzen und zur individuellen Auswahl von Hilfsmitteln f\u00fcr die h\u00e4usliche Pflege.<\/p><p>Sie k\u00f6nnen sich auch \u00e4sthetischen Behandlungen wie Zahnaufhellung oder Sandstrahlen unterziehen.<\/p><p>Unsere Zahn\u00e4rzte arbeiten eng mit den Dentalhygienikerinnen zusammen, um Ihnen die bestm\u00f6gliche Versorgung zu gew\u00e4hrleisten.<\/p>\t\t\t\t\t\t\t\t<\/div>\n\t\t<div class=\"elementor-element elementor-element-d4e51b8 e-flex e-con-boxed e-con e-child\" data-id=\"d4e51b8\" data-element_type=\"container\" data-e-type=\"container\">\n\t\t\t\t\t<div class=\"e-con-inner\">\n\t\t\t\t<div class=\"elementor-element elementor-element-da84f8e elementor-widget elementor-widget-heading\" data-id=\"da84f8e\" data-element_type=\"widget\" data-e-type=\"widget\" data-widget_type=\"heading.default\">\n\t\t\t\t\t<h2 class=\"elementor-heading-title elementor-size-default\">WAS SIE ERWARTET - IHR ERSTER BESUCH BEI DER ZAHNHYGIENE<\/h2>\t\t\t\t<\/div>\n\t\t\t\t<div class=\"elementor-element elementor-element-27ee445 elementor-widget-divider--view-line elementor-widget elementor-widget-divider\" data-id=\"27ee445\" data-element_type=\"widget\" data-e-type=\"widget\" data-widget_type=\"divider.default\">\n\t\t\t\t\t\t\t<div class=\"elementor-divider\">\n\t\t\t<span class=\"elementor-divider-separator\">\n\t\t\t\t\t\t<\/span>\n\t\t<\/div>\n\t\t\t\t\t\t<\/div>\n\t\t\t\t<div class=\"elementor-element elementor-element-8980fa7 elementor-widget elementor-widget-text-editor\" data-id=\"8980fa7\" data-element_type=\"widget\" data-e-type=\"widget\" data-widget_type=\"text-editor.default\">\n\t\t\t\t\t\t\t\t\t<p>Bei Ihrem ersten Besuch wird die Dentalhygienikerin eine Untersuchung durchf\u00fchren und einen individuellen Behandlungsplan erstellen.<\/p><p>Anschlie\u00dfend erkl\u00e4rt er die richtige Zahnpflegetechnik, einschlie\u00dflich der Verwendung von Zahnpflegeger\u00e4ten (Zahnb\u00fcrsten, Interdentalb\u00fcrsten, Zahnseide, Mundsp\u00fclungen usw.).<\/p><p>Der erste Besuch in der Zahnhygieneklinik - kurz und b\u00fcndig:<\/p>\t\t\t\t\t\t\t\t<\/div>\n\t\t\t\t<div class=\"elementor-element elementor-element-96d25ad elementor-widget elementor-widget-text-editor\" data-id=\"96d25ad\" data-element_type=\"widget\" data-e-type=\"widget\" data-widget_type=\"text-editor.default\">\n\t\t\t\t\t\t\t\t\t<ul><li>Beurteilung der Mundh\u00f6hle<\/li><li>Entfernung von Zahnstein, Plaque und Pigmentierung<\/li><li>Polieren der Zahnoberfl\u00e4che<\/li><li>Auswahl geeigneter individuell angepasster zahnmedizinischer Hilfsmittel, einschlie\u00dflich einer Interdentalzahnb\u00fcrste<\/li><li>Empfehlungen der Zahnhygienikerin zur Pflege Ihrer Z\u00e4hne und zu den zu beachtenden Punkten<\/li><li>Vereinbarung des weiteren Vorgehens und des Termins f\u00fcr den n\u00e4chsten Besuch (die H\u00e4ufigkeit ist sehr individuell, wird aber in der Regel ein- bis zweimal pro Jahr empfohlen)<\/li><\/ul>\t\t\t\t\t\t\t\t<\/div>\n\t\t\t\t<div class=\"elementor-element elementor-element-b43e895 elementor-widget elementor-widget-text-editor\" data-id=\"b43e895\" data-element_type=\"widget\" data-e-type=\"widget\" data-widget_type=\"text-editor.default\">\n\t\t\t\t\t\t\t\t\t<p>Sie brauchen keine Angst zu haben, unsere Dentalhygienikerinnen aufzusuchen, denn wir sind stolz auf unseren einf\u00fchlsamen und partnerschaftlichen Umgang mit den Patienten.<\/p>\t\t\t\t\t\t\t\t<\/div>\n\t\t\t\t\t<\/div>\n\t\t\t\t<\/div>\n\t\t\t\t<\/div>\n\t\t\t\t<\/div>\n\t\t<div class=\"elementor-element elementor-element-642ec9a e-con-full e-flex e-con e-child\" data-id=\"642ec9a\" data-element_type=\"container\" data-e-type=\"container\">\n\t\t<a class=\"elementor-element elementor-element-139e68b e-con-full e-transform e-flex elementor-invisible e-con e-child\" data-id=\"139e68b\" data-element_type=\"container\" data-e-type=\"container\" data-settings=\"{&quot;background_background&quot;:&quot;classic&quot;,&quot;animation&quot;:&quot;zoomIn&quot;,&quot;animation_delay&quot;:100,&quot;_transform_scale_effect_hover&quot;:{&quot;unit&quot;:&quot;px&quot;,&quot;size&quot;:0.9,&quot;sizes&quot;:[]},&quot;_transform_scale_effect_hover_tablet&quot;:{&quot;unit&quot;:&quot;px&quot;,&quot;size&quot;:&quot;&quot;,&quot;sizes&quot;:[]},&quot;_transform_scale_effect_hover_mobile&quot;:{&quot;unit&quot;:&quot;px&quot;,&quot;size&quot;:&quot;&quot;,&quot;sizes&quot;:[]}}\" href=\"https:\/\/maxidental.cz\/de\/zahnhygiene\/was-sie-erwartet\/\">\n\t\t\t\t<div class=\"elementor-element elementor-element-4528866 elementor-widget elementor-widget-heading\" data-id=\"4528866\" data-element_type=\"widget\" data-e-type=\"widget\" data-widget_type=\"heading.default\">\n\t\t\t\t\t<p class=\"elementor-heading-title elementor-size-default\">Was Sie erwartet<\/p>\t\t\t\t<\/div>\n\t\t\t\t<\/a>\n\t\t<a class=\"elementor-element elementor-element-4b708a3 e-con-full e-transform e-flex elementor-invisible e-con e-child\" data-id=\"4b708a3\" data-element_type=\"container\" data-e-type=\"container\" data-settings=\"{&quot;background_background&quot;:&quot;classic&quot;,&quot;animation&quot;:&quot;zoomIn&quot;,&quot;animation_delay&quot;:200,&quot;_transform_scale_effect_hover&quot;:{&quot;unit&quot;:&quot;px&quot;,&quot;size&quot;:0.9,&quot;sizes&quot;:[]},&quot;_transform_scale_effect_hover_tablet&quot;:{&quot;unit&quot;:&quot;px&quot;,&quot;size&quot;:&quot;&quot;,&quot;sizes&quot;:[]},&quot;_transform_scale_effect_hover_mobile&quot;:{&quot;unit&quot;:&quot;px&quot;,&quot;size&quot;:&quot;&quot;,&quot;sizes&quot;:[]}}\" href=\"https:\/\/maxidental.cz\/de\/zahnhygiene\/ziele-der-zahnhygiene\/\">\n\t\t\t\t<div class=\"elementor-element elementor-element-933b113 elementor-widget elementor-widget-heading\" data-id=\"933b113\" data-element_type=\"widget\" data-e-type=\"widget\" data-widget_type=\"heading.default\">\n\t\t\t\t\t<p class=\"elementor-heading-title elementor-size-default\">Ziele der Zahnhygiene<\/p>\t\t\t\t<\/div>\n\t\t\t\t<\/a>\n\t\t<a class=\"elementor-element elementor-element-b9a0c0c e-con-full e-transform e-flex elementor-invisible e-con e-child\" data-id=\"b9a0c0c\" data-element_type=\"container\" data-e-type=\"container\" data-settings=\"{&quot;background_background&quot;:&quot;classic&quot;,&quot;animation&quot;:&quot;zoomIn&quot;,&quot;animation_delay&quot;:200,&quot;_transform_scale_effect_hover&quot;:{&quot;unit&quot;:&quot;px&quot;,&quot;size&quot;:0.9,&quot;sizes&quot;:[]},&quot;_transform_scale_effect_hover_tablet&quot;:{&quot;unit&quot;:&quot;px&quot;,&quot;size&quot;:&quot;&quot;,&quot;sizes&quot;:[]},&quot;_transform_scale_effect_hover_mobile&quot;:{&quot;unit&quot;:&quot;px&quot;,&quot;size&quot;:&quot;&quot;,&quot;sizes&quot;:[]}}\" href=\"https:\/\/maxidental.cz\/de\/zahnhygiene\/asthetische-verrenkungen\/\">\n\t\t\t\t<div class=\"elementor-element elementor-element-f42a17b elementor-widget elementor-widget-heading\" data-id=\"f42a17b\" data-element_type=\"widget\" data-e-type=\"widget\" data-widget_type=\"heading.default\">\n\t\t\t\t\t<p class=\"elementor-heading-title elementor-size-default\">\u00c4sthetische Eingriffe<\/p>\t\t\t\t<\/div>\n\t\t\t\t<\/a>\n\t\t<a class=\"elementor-element elementor-element-f9e84a3 e-con-full e-transform e-flex elementor-invisible e-con e-child\" data-id=\"f9e84a3\" data-element_type=\"container\" data-e-type=\"container\" data-settings=\"{&quot;background_background&quot;:&quot;classic&quot;,&quot;animation&quot;:&quot;zoomIn&quot;,&quot;animation_delay&quot;:200,&quot;_transform_scale_effect_hover&quot;:{&quot;unit&quot;:&quot;px&quot;,&quot;size&quot;:0.9,&quot;sizes&quot;:[]},&quot;_transform_scale_effect_hover_tablet&quot;:{&quot;unit&quot;:&quot;px&quot;,&quot;size&quot;:&quot;&quot;,&quot;sizes&quot;:[]},&quot;_transform_scale_effect_hover_mobile&quot;:{&quot;unit&quot;:&quot;px&quot;,&quot;size&quot;:&quot;&quot;,&quot;sizes&quot;:[]}}\" href=\"https:\/\/maxidental.cz\/de\/zahnhygiene\/verkauf-von-zahnarztlichen-geraten\/\">\n\t\t\t\t<div class=\"elementor-element elementor-element-c711070 elementor-widget elementor-widget-heading\" data-id=\"c711070\" data-element_type=\"widget\" data-e-type=\"widget\" data-widget_type=\"heading.default\">\n\t\t\t\t\t<p class=\"elementor-heading-title elementor-size-default\">Verkauf von zahn\u00e4rztlichen Hilfsmitteln<\/p>\t\t\t\t<\/div>\n\t\t\t\t<\/a>\n\t\t\t\t<\/div>\n\t\t\t\t<\/div>","protected":false},"excerpt":{"rendered":"<p>Pravideln\u00e1 n\u00e1v\u0161t\u011bva dent\u00e1ln\u00ed hygieny by m\u011bla b\u00fdt samoz\u0159ejmost\u00ed pro ka\u017ed\u00e9ho stejn\u011b jako preventivn\u00ed zubn\u00ed prohl\u00eddky. Jedn\u00e1 se\u00a0o\u00a0l\u00e9\u010debn\u00fd proces, kter\u00fd prohl\u00eddky u\u00a0zubn\u00edho l\u00e9ka\u0159e dopl\u0148uje. N\u00e1v\u0161t\u011bva u\u00a0dent\u00e1ln\u00ed hygienistky zahrnuje komplexn\u00ed vy\u0161et\u0159en\u00ed dutiny \u00fastn\u00ed. Kontroluje se\u00a0v\u00fdskyt zubn\u00edho plaku, kamene, krv\u00e1civost d\u00e1sn\u00ed. Nejd\u016fle\u017eit\u011bj\u0161\u00edm krokem je vy\u0161et\u0159en\u00ed parodontu, v\u00a0r\u00e1mci kter\u00e9ho se\u00a0m\u011b\u0159\u00ed hloubka prostoru mezi zubem a\u00a0d\u00e1sn\u00ed. Na z\u00e1klad\u011b t\u011bchto vy\u0161et\u0159en\u00ed [&hellip;]<\/p>\n","protected":false},"author":1,"featured_media":0,"parent":0,"menu_order":0,"comment_status":"closed","ping_status":"closed","template":"elementor_header_footer","meta":{"iawp_total_views":2437,"footnotes":""},"class_list":["post-1201","page","type-page","status-publish","hentry"],"_links":{"self":[{"href":"https:\/\/maxidental.cz\/de\/wp-json\/wp\/v2\/pages\/1201","targetHints":{"allow":["GET"]}}],"collection":[{"href":"https:\/\/maxidental.cz\/de\/wp-json\/wp\/v2\/pages"}],"about":[{"href":"https:\/\/maxidental.cz\/de\/wp-json\/wp\/v2\/types\/page"}],"author":[{"embeddable":true,"href":"https:\/\/maxidental.cz\/de\/wp-json\/wp\/v2\/users\/1"}],"replies":[{"embeddable":true,"href":"https:\/\/maxidental.cz\/de\/wp-json\/wp\/v2\/comments?post=1201"}],"version-history":[{"count":0,"href":"https:\/\/maxidental.cz\/de\/wp-json\/wp\/v2\/pages\/1201\/revisions"}],"wp:attachment":[{"href":"https:\/\/maxidental.cz\/de\/wp-json\/wp\/v2\/media?parent=1201"}],"curies":[{"name":"wp","href":"https:\/\/api.w.org\/{rel}","templated":true}]}}