{"id":1234,"date":"2024-05-02T20:06:16","date_gmt":"2024-05-02T20:06:16","guid":{"rendered":"http:\/\/www.maxidental.cz.uvirt140.active24.cz\/?page_id=1234"},"modified":"2024-05-07T15:14:51","modified_gmt":"2024-05-07T15:14:51","slug":"asthetische-verrenkungen","status":"publish","type":"page","link":"https:\/\/maxidental.cz\/de\/zahnhygiene\/asthetische-verrenkungen\/","title":{"rendered":"\u00c4sthetische Eingriffe"},"content":{"rendered":"<div data-elementor-type=\"wp-page\" data-elementor-id=\"1234\" class=\"elementor elementor-1234\" data-elementor-post-type=\"page\">\n\t\t\t\t<div class=\"elementor-element elementor-element-7df7d3b e-con-full e-flex e-con e-parent\" data-id=\"7df7d3b\" data-element_type=\"container\" data-e-type=\"container\" data-settings=\"{&quot;background_background&quot;:&quot;classic&quot;}\">\n\t\t\t\t<div class=\"elementor-element elementor-element-e2715a1 elementor-widget elementor-widget-heading\" data-id=\"e2715a1\" data-element_type=\"widget\" data-e-type=\"widget\" data-widget_type=\"heading.default\">\n\t\t\t\t\t<h1 class=\"elementor-heading-title elementor-size-default\">\u00c4sthetische Eingriffe<\/h1>\t\t\t\t<\/div>\n\t\t\t\t<\/div>\n\t\t<div class=\"elementor-element elementor-element-668e06f e-con-full e-flex e-con e-parent\" data-id=\"668e06f\" data-element_type=\"container\" data-e-type=\"container\">\n\t\t<div class=\"elementor-element elementor-element-4d2b411 e-con-full e-flex e-con e-child\" data-id=\"4d2b411\" data-element_type=\"container\" data-e-type=\"container\">\n\t\t\t\t<div class=\"elementor-element elementor-element-0488ba5 elementor-widget-divider--view-line elementor-widget elementor-widget-divider\" data-id=\"0488ba5\" data-element_type=\"widget\" data-e-type=\"widget\" data-widget_type=\"divider.default\">\n\t\t\t\t\t\t\t<div class=\"elementor-divider\">\n\t\t\t<span class=\"elementor-divider-separator\">\n\t\t\t\t\t\t<\/span>\n\t\t<\/div>\n\t\t\t\t\t\t<\/div>\n\t\t\t\t<\/div>\n\t\t<div class=\"elementor-element elementor-element-5156b83 e-con-full e-flex e-con e-child\" data-id=\"5156b83\" data-element_type=\"container\" data-e-type=\"container\">\n\t\t\t\t<div class=\"elementor-element elementor-element-1f3f206 elementor-blockquote--skin-boxed elementor-blockquote--align-left elementor-widget elementor-widget-blockquote\" data-id=\"1f3f206\" data-element_type=\"widget\" data-e-type=\"widget\" data-widget_type=\"blockquote.default\">\n\t\t\t\t\t\t\t<blockquote class=\"elementor-blockquote\">\n\t\t\t<p class=\"elementor-blockquote__content\">\n\t\t\t\tNach der Erstuntersuchung k\u00f6nnen individuelle \u00e4sthetische Behandlungen wie Zahnaufhellung und Sandstrahlen der Z\u00e4hne empfohlen werden\t\t\t<\/p>\n\t\t\t\t\t<\/blockquote>\n\t\t\t\t\t\t<\/div>\n\t\t<div class=\"elementor-element elementor-element-a55a7fe e-flex e-con-boxed e-con e-child\" data-id=\"a55a7fe\" data-element_type=\"container\" data-e-type=\"container\">\n\t\t\t\t\t<div class=\"e-con-inner\">\n\t\t\t\t<div class=\"elementor-element elementor-element-ec2a7c5 elementor-widget elementor-widget-heading\" data-id=\"ec2a7c5\" data-element_type=\"widget\" data-e-type=\"widget\" data-widget_type=\"heading.default\">\n\t\t\t\t\t<h2 class=\"elementor-heading-title elementor-size-default\">KOMBINIERTE UND H\u00c4USLICHE ZAHNAUFHELLUNG<\/h2>\t\t\t\t<\/div>\n\t\t\t\t<div class=\"elementor-element elementor-element-5838162 elementor-widget-divider--view-line elementor-widget elementor-widget-divider\" data-id=\"5838162\" data-element_type=\"widget\" data-e-type=\"widget\" data-widget_type=\"divider.default\">\n\t\t\t\t\t\t\t<div class=\"elementor-divider\">\n\t\t\t<span class=\"elementor-divider-separator\">\n\t\t\t\t\t\t<\/span>\n\t\t<\/div>\n\t\t\t\t\t\t<\/div>\n\t\t\t\t<div class=\"elementor-element elementor-element-8ddb567 elementor-widget elementor-widget-text-editor\" data-id=\"8ddb567\" data-element_type=\"widget\" data-e-type=\"widget\" data-widget_type=\"text-editor.default\">\n\t\t\t\t\t\t\t\t\t<p>Wenn Sie daran interessiert sind, Ihre Z\u00e4hne professionell aufhellen zu lassen, suchen Sie zun\u00e4chst Ihren Zahnarzt auf, um einen Termin mit einer Dentalhygienikerin zu vereinbaren. Auf der Grundlage des Beratungsgespr\u00e4chs und einer Beurteilung des Zustands des Hart- und Weichgewebes wird das weitere Vorgehen f\u00fcr das Zahnaufhellungsverfahren festgelegt.<\/p><p>Wenn Sie sich bereits einem \u00e4hnlichen Verfahren unterzogen haben und Ihre Z\u00e4hne einfach nur wei\u00dfer halten wollen, k\u00f6nnen Sie unter Aufsicht eines Zahnarztes oder einer Dentalhygienikerin zu Hause Bleichmittel verwenden. Dabei handelt es sich in der Regel um peroxidhaltige Gelpr\u00e4parate oder gebundenes Carbamidperoxid, die in speziellen Tr\u00e4gern untergebracht sind und auf der Grundlage von in einem zahntechnischen Labor angefertigten Abdr\u00fccken hergestellt werden m\u00fcssen.<\/p>\t\t\t\t\t\t\t\t<\/div>\n\t\t\t\t\t<\/div>\n\t\t\t\t<\/div>\n\t\t<div class=\"elementor-element elementor-element-bb9aa47 e-flex e-con-boxed e-con e-child\" data-id=\"bb9aa47\" data-element_type=\"container\" data-e-type=\"container\">\n\t\t\t\t\t<div class=\"e-con-inner\">\n\t\t\t\t<div class=\"elementor-element elementor-element-f7500e8 elementor-widget elementor-widget-heading\" data-id=\"f7500e8\" data-element_type=\"widget\" data-e-type=\"widget\" data-widget_type=\"heading.default\">\n\t\t\t\t\t<h2 class=\"elementor-heading-title elementor-size-default\">SANDSTRAHLEN - LUFTSTROM<\/h2>\t\t\t\t<\/div>\n\t\t\t\t<div class=\"elementor-element elementor-element-b91ae5e elementor-widget-divider--view-line elementor-widget elementor-widget-divider\" data-id=\"b91ae5e\" data-element_type=\"widget\" data-e-type=\"widget\" data-widget_type=\"divider.default\">\n\t\t\t\t\t\t\t<div class=\"elementor-divider\">\n\t\t\t<span class=\"elementor-divider-separator\">\n\t\t\t\t\t\t<\/span>\n\t\t<\/div>\n\t\t\t\t\t\t<\/div>\n\t\t\t\t<div class=\"elementor-element elementor-element-f37b677 elementor-widget elementor-widget-text-editor\" data-id=\"f37b677\" data-element_type=\"widget\" data-e-type=\"widget\" data-widget_type=\"text-editor.default\">\n\t\t\t\t\t\t\t\t\t<p>Jeden Tag kommen unsere Z\u00e4hne mit Lebensmitteln in Kontakt, die dunkle Pigmentflecken auf unseren Z\u00e4hnen hinterlassen k\u00f6nnen. Kaffee, Tee, Rotwein, Tabak oder verschiedene farbige Aromastoffe verursachen oft unsch\u00f6ne Verf\u00e4rbungen.<\/p><p>Bei der Sandstrahlmethode werden die Pigmente mechanisch von den Z\u00e4hnen entfernt, ohne den Zahnschmelz zu besch\u00e4digen. Die Airflow-Behandlung belastet die Z\u00e4hne nicht mit Chemikalien. Beim Sandstrahlen wird die Zahnoberfl\u00e4che mit einem Strom aus Wasser, Luft und feinen Partikeln sanft abgestrahlt, um Ablagerungen an den glatten Stellen des Zahns, aber auch in Gr\u00fcbchen, Rillen und schwer zug\u00e4nglichen Bereichen zu entfernen.<\/p><p>Durch Sandstrahlen werden Ihre Z\u00e4hne wieder glatt und sauber.<\/p>\t\t\t\t\t\t\t\t<\/div>\n\t\t\t\t\t<\/div>\n\t\t\t\t<\/div>\n\t\t\t\t<\/div>\n\t\t\t\t<\/div>\n\t\t\t\t<\/div>","protected":false},"excerpt":{"rendered":"<p>Po\u00a0\u00favodn\u00edm vy\u0161et\u0159en\u00ed lze doporu\u010dit i\u00a0jednotliv\u00e9 estetick\u00e9 z\u00e1kroky, jako je b\u011blen\u00ed zub\u016f a\u00a0p\u00edskov\u00e1n\u00ed zub\u016f KOMBINOVAN\u00c9 A DOM\u00c1C\u00cd B\u011aLEN\u00cd ZUB\u016e V\u00a0p\u0159\u00edpad\u011b, \u017ee m\u00e1te z\u00e1jem o profesion\u00e1ln\u00ed vyb\u011blen\u00ed zub\u016f, tak nejprve nav\u0161tivte sv\u00e9ho stomatologa, kde si sjedn\u00e1te sch\u016fzku s\u00a0dent\u00e1ln\u00ed hygienistkou. Na\u00a0z\u00e1klad\u011b konzultace a\u00a0zhodnocen\u00ed stavu tvrd\u00fdch i\u00a0m\u011bkk\u00fdch tk\u00e1n\u00ed se\u00a0stanov\u00ed dal\u0161\u00ed postup pro proceduru b\u011blen\u00ed zub\u016f. Jestli\u017ee jste podobn\u00fd z\u00e1krok [&hellip;]<\/p>\n","protected":false},"author":1,"featured_media":0,"parent":1201,"menu_order":0,"comment_status":"closed","ping_status":"closed","template":"elementor_header_footer","meta":{"iawp_total_views":563,"footnotes":""},"class_list":["post-1234","page","type-page","status-publish","hentry"],"_links":{"self":[{"href":"https:\/\/maxidental.cz\/de\/wp-json\/wp\/v2\/pages\/1234","targetHints":{"allow":["GET"]}}],"collection":[{"href":"https:\/\/maxidental.cz\/de\/wp-json\/wp\/v2\/pages"}],"about":[{"href":"https:\/\/maxidental.cz\/de\/wp-json\/wp\/v2\/types\/page"}],"author":[{"embeddable":true,"href":"https:\/\/maxidental.cz\/de\/wp-json\/wp\/v2\/users\/1"}],"replies":[{"embeddable":true,"href":"https:\/\/maxidental.cz\/de\/wp-json\/wp\/v2\/comments?post=1234"}],"version-history":[{"count":0,"href":"https:\/\/maxidental.cz\/de\/wp-json\/wp\/v2\/pages\/1234\/revisions"}],"up":[{"embeddable":true,"href":"https:\/\/maxidental.cz\/de\/wp-json\/wp\/v2\/pages\/1201"}],"wp:attachment":[{"href":"https:\/\/maxidental.cz\/de\/wp-json\/wp\/v2\/media?parent=1234"}],"curies":[{"name":"wp","href":"https:\/\/api.w.org\/{rel}","templated":true}]}}