{"id":1257,"date":"2024-05-02T20:38:38","date_gmt":"2024-05-02T20:38:38","guid":{"rendered":"http:\/\/www.maxidental.cz.uvirt140.active24.cz\/?page_id=1257"},"modified":"2024-06-13T15:10:58","modified_gmt":"2024-06-13T15:10:58","slug":"produktangebot","status":"publish","type":"page","link":"https:\/\/maxidental.cz\/de\/dentallabor\/produktangebot\/","title":{"rendered":"Produktangebot"},"content":{"rendered":"<div data-elementor-type=\"wp-page\" data-elementor-id=\"1257\" class=\"elementor elementor-1257\" data-elementor-post-type=\"page\">\n\t\t\t\t<div class=\"elementor-element elementor-element-7df7d3b e-con-full e-flex e-con e-parent\" data-id=\"7df7d3b\" data-element_type=\"container\" data-e-type=\"container\" data-settings=\"{&quot;background_background&quot;:&quot;classic&quot;}\">\n\t\t\t\t<div class=\"elementor-element elementor-element-e2715a1 elementor-widget elementor-widget-heading\" data-id=\"e2715a1\" data-element_type=\"widget\" data-e-type=\"widget\" data-widget_type=\"heading.default\">\n\t\t\t\t\t<h1 class=\"elementor-heading-title elementor-size-default\">Produktangebot<\/h1>\t\t\t\t<\/div>\n\t\t\t\t<\/div>\n\t\t<div class=\"elementor-element elementor-element-668e06f e-con-full e-flex e-con e-parent\" data-id=\"668e06f\" data-element_type=\"container\" data-e-type=\"container\">\n\t\t<div class=\"elementor-element elementor-element-4d2b411 e-con-full e-flex e-con e-child\" data-id=\"4d2b411\" data-element_type=\"container\" data-e-type=\"container\">\n\t\t\t\t<div class=\"elementor-element elementor-element-0488ba5 elementor-widget-divider--view-line elementor-widget elementor-widget-divider\" data-id=\"0488ba5\" data-element_type=\"widget\" data-e-type=\"widget\" data-widget_type=\"divider.default\">\n\t\t\t\t\t\t\t<div class=\"elementor-divider\">\n\t\t\t<span class=\"elementor-divider-separator\">\n\t\t\t\t\t\t<\/span>\n\t\t<\/div>\n\t\t\t\t\t\t<\/div>\n\t\t\t\t<\/div>\n\t\t<div class=\"elementor-element elementor-element-5156b83 e-con-full e-flex e-con e-child\" data-id=\"5156b83\" data-element_type=\"container\" data-e-type=\"container\">\n\t\t<div class=\"elementor-element elementor-element-a55a7fe e-flex e-con-boxed e-con e-child\" data-id=\"a55a7fe\" data-element_type=\"container\" data-e-type=\"container\">\n\t\t\t\t\t<div class=\"e-con-inner\">\n\t\t\t\t<div class=\"elementor-element elementor-element-ec2a7c5 elementor-widget elementor-widget-heading\" data-id=\"ec2a7c5\" data-element_type=\"widget\" data-e-type=\"widget\" data-widget_type=\"heading.default\">\n\t\t\t\t\t<h2 class=\"elementor-heading-title elementor-size-default\">DENTAL KROLLEN<\/h2>\t\t\t\t<\/div>\n\t\t\t\t<div class=\"elementor-element elementor-element-5838162 elementor-widget-divider--view-line elementor-widget elementor-widget-divider\" data-id=\"5838162\" data-element_type=\"widget\" data-e-type=\"widget\" data-widget_type=\"divider.default\">\n\t\t\t\t\t\t\t<div class=\"elementor-divider\">\n\t\t\t<span class=\"elementor-divider-separator\">\n\t\t\t\t\t\t<\/span>\n\t\t<\/div>\n\t\t\t\t\t\t<\/div>\n\t\t\t\t<div class=\"elementor-element elementor-element-8ddb567 elementor-widget elementor-widget-text-editor\" data-id=\"8ddb567\" data-element_type=\"widget\" data-e-type=\"widget\" data-widget_type=\"text-editor.default\">\n\t\t\t\t\t\t\t\t\t<p>Wir k\u00f6nnen f\u00fcr Sie Zahnkronen aus einer breiten Palette von Materialien anfertigen. Sie k\u00f6nnen mit Ihrem Zahnarzt w\u00e4hlen:<\/p><ul><li>Vollkeramische gepresste Kronen<\/li><li>Vollkeramische Kronen aus Zirkonoxid<\/li><li>Metall-Keramik-Kronen<\/li><li>Ganzmetallkronen<\/li><li>Provisorische Kunststoffkronen<\/li><\/ul><p>Unsere Techniker verf\u00fcgen \u00fcber langj\u00e4hrige Erfahrung mit festsitzenden Ersatzteilen. Die Qualit\u00e4t dieses Austauschs ist garantiert.<\/p>\t\t\t\t\t\t\t\t<\/div>\n\t\t\t\t\t<\/div>\n\t\t\t\t<\/div>\n\t\t<div class=\"elementor-element elementor-element-262a353 e-flex e-con-boxed e-con e-child\" data-id=\"262a353\" data-element_type=\"container\" data-e-type=\"container\">\n\t\t\t\t\t<div class=\"e-con-inner\">\n\t\t\t\t<div class=\"elementor-element elementor-element-f277c54 elementor-widget elementor-widget-heading\" data-id=\"f277c54\" data-element_type=\"widget\" data-e-type=\"widget\" data-widget_type=\"heading.default\">\n\t\t\t\t\t<h2 class=\"elementor-heading-title elementor-size-default\">ZAHNF\u00dcLLUNGEN - INLAY\/ONLAY<\/h2>\t\t\t\t<\/div>\n\t\t\t\t<div class=\"elementor-element elementor-element-5c9a311 elementor-widget-divider--view-line elementor-widget elementor-widget-divider\" data-id=\"5c9a311\" data-element_type=\"widget\" data-e-type=\"widget\" data-widget_type=\"divider.default\">\n\t\t\t\t\t\t\t<div class=\"elementor-divider\">\n\t\t\t<span class=\"elementor-divider-separator\">\n\t\t\t\t\t\t<\/span>\n\t\t<\/div>\n\t\t\t\t\t\t<\/div>\n\t\t\t\t<div class=\"elementor-element elementor-element-1eb9136 elementor-widget elementor-widget-text-editor\" data-id=\"1eb9136\" data-element_type=\"widget\" data-e-type=\"widget\" data-widget_type=\"text-editor.default\">\n\t\t\t\t\t\t\t\t\t<ul><li>Vollkeramische Pressf\u00fcllungen<\/li><li>Vollkeramische Zirkoniumdioxid-F\u00fcllungen<\/li><li>Komposit\/Kunststoff-F\u00fcllstoffe<\/li><\/ul>\t\t\t\t\t\t\t\t<\/div>\n\t\t\t\t\t<\/div>\n\t\t\t\t<\/div>\n\t\t<div class=\"elementor-element elementor-element-92d52a7 e-flex e-con-boxed e-con e-child\" data-id=\"92d52a7\" data-element_type=\"container\" data-e-type=\"container\">\n\t\t\t\t\t<div class=\"e-con-inner\">\n\t\t\t\t<div class=\"elementor-element elementor-element-0734304 elementor-widget elementor-widget-heading\" data-id=\"0734304\" data-element_type=\"widget\" data-e-type=\"widget\" data-widget_type=\"heading.default\">\n\t\t\t\t\t<h2 class=\"elementor-heading-title elementor-size-default\">DENTALB\u00dcRSTEN<\/h2>\t\t\t\t<\/div>\n\t\t\t\t<div class=\"elementor-element elementor-element-31c5034 elementor-widget-divider--view-line elementor-widget elementor-widget-divider\" data-id=\"31c5034\" data-element_type=\"widget\" data-e-type=\"widget\" data-widget_type=\"divider.default\">\n\t\t\t\t\t\t\t<div class=\"elementor-divider\">\n\t\t\t<span class=\"elementor-divider-separator\">\n\t\t\t\t\t\t<\/span>\n\t\t<\/div>\n\t\t\t\t\t\t<\/div>\n\t\t\t\t<div class=\"elementor-element elementor-element-5d9a2ed elementor-widget elementor-widget-text-editor\" data-id=\"5d9a2ed\" data-element_type=\"widget\" data-e-type=\"widget\" data-widget_type=\"text-editor.default\">\n\t\t\t\t\t\t\t\t\t<p>Wir wissen sehr gut, dass das Wichtigste bei einer Br\u00fccke nicht nur die \u00c4sthetik, sondern auch die Funktionalit\u00e4t und die Haltbarkeit ist, weshalb wir auf diese Merkmale sehr viel Wert legen.<\/p>\t\t\t\t\t\t\t\t<\/div>\n\t\t\t\t\t<\/div>\n\t\t\t\t<\/div>\n\t\t<div class=\"elementor-element elementor-element-d6b9930 e-flex e-con-boxed e-con e-child\" data-id=\"d6b9930\" data-element_type=\"container\" data-e-type=\"container\">\n\t\t\t\t\t<div class=\"e-con-inner\">\n\t\t\t\t<div class=\"elementor-element elementor-element-36d1b3d elementor-widget elementor-widget-heading\" data-id=\"36d1b3d\" data-element_type=\"widget\" data-e-type=\"widget\" data-widget_type=\"heading.default\">\n\t\t\t\t\t<h2 class=\"elementor-heading-title elementor-size-default\">THERMOPLASTISCHE TR\u00c4GER<\/h2>\t\t\t\t<\/div>\n\t\t\t\t<div class=\"elementor-element elementor-element-1e6d85f elementor-widget-divider--view-line elementor-widget elementor-widget-divider\" data-id=\"1e6d85f\" data-element_type=\"widget\" data-e-type=\"widget\" data-widget_type=\"divider.default\">\n\t\t\t\t\t\t\t<div class=\"elementor-divider\">\n\t\t\t<span class=\"elementor-divider-separator\">\n\t\t\t\t\t\t<\/span>\n\t\t<\/div>\n\t\t\t\t\t\t<\/div>\n\t\t\t\t<div class=\"elementor-element elementor-element-d5c5b7f elementor-widget elementor-widget-text-editor\" data-id=\"d5c5b7f\" data-element_type=\"widget\" data-e-type=\"widget\" data-widget_type=\"text-editor.default\">\n\t\t\t\t\t\t\t\t\t<ul><li>Schienen gegen Bruxismus (Z\u00e4hneknirschen)<\/li><li>Bleichfolie<\/li><\/ul><p>Auch der Schutz und die Versch\u00f6nerung Ihres L\u00e4chelns sind wichtig, weshalb wir auch Schienen und Bleaching-Folien anbieten.<\/p>\t\t\t\t\t\t\t\t<\/div>\n\t\t\t\t\t<\/div>\n\t\t\t\t<\/div>\n\t\t<div class=\"elementor-element elementor-element-4e3522c e-flex e-con-boxed e-con e-child\" data-id=\"4e3522c\" data-element_type=\"container\" data-e-type=\"container\">\n\t\t\t\t\t<div class=\"e-con-inner\">\n\t\t\t\t<div class=\"elementor-element elementor-element-143d394 elementor-widget elementor-widget-heading\" data-id=\"143d394\" data-element_type=\"widget\" data-e-type=\"widget\" data-widget_type=\"heading.default\">\n\t\t\t\t\t<h2 class=\"elementor-heading-title elementor-size-default\">HERAUSNEHMBARER ZAHNERSATZ - PROTHESEN<\/h2>\t\t\t\t<\/div>\n\t\t\t\t<div class=\"elementor-element elementor-element-661d327 elementor-widget-divider--view-line elementor-widget elementor-widget-divider\" data-id=\"661d327\" data-element_type=\"widget\" data-e-type=\"widget\" data-widget_type=\"divider.default\">\n\t\t\t\t\t\t\t<div class=\"elementor-divider\">\n\t\t\t<span class=\"elementor-divider-separator\">\n\t\t\t\t\t\t<\/span>\n\t\t<\/div>\n\t\t\t\t\t\t<\/div>\n\t\t\t\t<div class=\"elementor-element elementor-element-f044850 elementor-widget elementor-widget-text-editor\" data-id=\"f044850\" data-element_type=\"widget\" data-e-type=\"widget\" data-widget_type=\"text-editor.default\">\n\t\t\t\t\t\t\t\t\t<ul><li>Teilweise herausnehmbarer Zahnersatz<\/li><li>Zahnersatz insgesamt<\/li><li>Hybrider Zahnersatz<\/li><\/ul><p>Unser herausnehmbarer Ersatz h\u00e4lt nicht nur fest, sondern ist auch angenehm zu tragen und sieht dank der verwendeten Qualit\u00e4tsmaterialien gut aus.<\/p>\t\t\t\t\t\t\t\t<\/div>\n\t\t\t\t\t<\/div>\n\t\t\t\t<\/div>\n\t\t<div class=\"elementor-element elementor-element-418c2e4 e-flex e-con-boxed e-con e-child\" data-id=\"418c2e4\" data-element_type=\"container\" data-e-type=\"container\">\n\t\t\t\t\t<div class=\"e-con-inner\">\n\t\t\t\t<div class=\"elementor-element elementor-element-6fb00d7 elementor-widget elementor-widget-heading\" data-id=\"6fb00d7\" data-element_type=\"widget\" data-e-type=\"widget\" data-widget_type=\"heading.default\">\n\t\t\t\t\t<h2 class=\"elementor-heading-title elementor-size-default\">GEMAHLENE PRODUKTE<\/h2>\t\t\t\t<\/div>\n\t\t\t\t<div class=\"elementor-element elementor-element-f70cebb elementor-widget-divider--view-line elementor-widget elementor-widget-divider\" data-id=\"f70cebb\" data-element_type=\"widget\" data-e-type=\"widget\" data-widget_type=\"divider.default\">\n\t\t\t\t\t\t\t<div class=\"elementor-divider\">\n\t\t\t<span class=\"elementor-divider-separator\">\n\t\t\t\t\t\t<\/span>\n\t\t<\/div>\n\t\t\t\t\t\t<\/div>\n\t\t\t\t<div class=\"elementor-element elementor-element-f2070cd elementor-widget elementor-widget-text-editor\" data-id=\"f2070cd\" data-element_type=\"widget\" data-e-type=\"widget\" data-widget_type=\"text-editor.default\">\n\t\t\t\t\t\t\t\t\t<p>Alle unsere festen Arbeiten werden digital mit dem CAD\/CAM-System hergestellt. Dies gew\u00e4hrleistet die Genauigkeit der Produkte und spart uns und Ihnen Zeit.<\/p>\t\t\t\t\t\t\t\t<\/div>\n\t\t\t\t\t<\/div>\n\t\t\t\t<\/div>\n\t\t<div class=\"elementor-element elementor-element-9829f0f e-flex e-con-boxed e-con e-child\" data-id=\"9829f0f\" data-element_type=\"container\" data-e-type=\"container\">\n\t\t\t\t\t<div class=\"e-con-inner\">\n\t\t\t\t<div class=\"elementor-element elementor-element-da9c6aa elementor-widget elementor-widget-heading\" data-id=\"da9c6aa\" data-element_type=\"widget\" data-e-type=\"widget\" data-widget_type=\"heading.default\">\n\t\t\t\t\t<h2 class=\"elementor-heading-title elementor-size-default\">IMPLANTATIONEN<\/h2>\t\t\t\t<\/div>\n\t\t\t\t<div class=\"elementor-element elementor-element-7ab42a7 elementor-widget-divider--view-line elementor-widget elementor-widget-divider\" data-id=\"7ab42a7\" data-element_type=\"widget\" data-e-type=\"widget\" data-widget_type=\"divider.default\">\n\t\t\t\t\t\t\t<div class=\"elementor-divider\">\n\t\t\t<span class=\"elementor-divider-separator\">\n\t\t\t\t\t\t<\/span>\n\t\t<\/div>\n\t\t\t\t\t\t<\/div>\n\t\t\t\t<div class=\"elementor-element elementor-element-132e676 elementor-widget elementor-widget-text-editor\" data-id=\"132e676\" data-element_type=\"widget\" data-e-type=\"widget\" data-widget_type=\"text-editor.default\">\n\t\t\t\t\t\t\t\t\t<p>Wir sind stolz darauf, implantatgetragene Versorgungen anzufertigen.<br \/>Sie sehen gut aus und funktionieren gut!<\/p>\t\t\t\t\t\t\t\t<\/div>\n\t\t\t\t\t<\/div>\n\t\t\t\t<\/div>\n\t\t\t\t<\/div>\n\t\t\t\t<\/div>\n\t\t\t\t<\/div>","protected":false},"excerpt":{"rendered":"<p>ZUBN\u00cd KORUNKY Zpracujeme pro v\u00e1s zubn\u00ed korunky z\u00a0velk\u00e9ho mno\u017estv\u00ed materi\u00e1l\u016f. M\u016f\u017eete si se\u00a0sv\u00fdm zubn\u00edm l\u00e9ka\u0159em vybrat: Celokeramick\u00e9 presovan\u00e9 korunky Celokeramick\u00e9 zirkonov\u00e9 korunky Metalokeramick\u00e9 korunky Celokovov\u00e9 korunky Do\u010dasn\u00e9 plastov\u00e9 korunky Na\u0161i technici maj\u00ed dlouholet\u00e9 zku\u0161enosti s\u00a0fixn\u00edmi n\u00e1hradami. Kvalita t\u011bchto n\u00e1hrad je zaru\u010den\u00e1. ZUBN\u00cd V\u00ddPLN\u011a &#8211; INLAY\/ONLAY Celokeramick\u00e9 presovan\u00e9 v\u00fdpln\u011b Celokeramick\u00e9 zirkonov\u00e9 v\u00fdpln\u011b Kompozitn\u00ed\/plastov\u00e9 v\u00fdpln\u011b ZUBN\u00cd M\u016eSTKY [&hellip;]<\/p>\n","protected":false},"author":1,"featured_media":0,"parent":1248,"menu_order":0,"comment_status":"closed","ping_status":"closed","template":"elementor_header_footer","meta":{"iawp_total_views":546,"footnotes":""},"class_list":["post-1257","page","type-page","status-publish","hentry"],"_links":{"self":[{"href":"https:\/\/maxidental.cz\/de\/wp-json\/wp\/v2\/pages\/1257","targetHints":{"allow":["GET"]}}],"collection":[{"href":"https:\/\/maxidental.cz\/de\/wp-json\/wp\/v2\/pages"}],"about":[{"href":"https:\/\/maxidental.cz\/de\/wp-json\/wp\/v2\/types\/page"}],"author":[{"embeddable":true,"href":"https:\/\/maxidental.cz\/de\/wp-json\/wp\/v2\/users\/1"}],"replies":[{"embeddable":true,"href":"https:\/\/maxidental.cz\/de\/wp-json\/wp\/v2\/comments?post=1257"}],"version-history":[{"count":0,"href":"https:\/\/maxidental.cz\/de\/wp-json\/wp\/v2\/pages\/1257\/revisions"}],"up":[{"embeddable":true,"href":"https:\/\/maxidental.cz\/de\/wp-json\/wp\/v2\/pages\/1248"}],"wp:attachment":[{"href":"https:\/\/maxidental.cz\/de\/wp-json\/wp\/v2\/media?parent=1257"}],"curies":[{"name":"wp","href":"https:\/\/api.w.org\/{rel}","templated":true}]}}