{"id":1993,"date":"2024-05-22T09:17:10","date_gmt":"2024-05-22T09:17:10","guid":{"rendered":"http:\/\/www.maxidental.cz.uvirt140.active24.cz\/?page_id=1993"},"modified":"2024-10-02T10:41:51","modified_gmt":"2024-10-02T10:41:51","slug":"bestellung-zur-prufung","status":"publish","type":"page","link":"https:\/\/maxidental.cz\/de\/kontakt\/bestellung-zur-prufung\/","title":{"rendered":"Bestellung zur Pr\u00fcfung"},"content":{"rendered":"\t\t<div data-elementor-type=\"wp-page\" data-elementor-id=\"1993\" class=\"elementor elementor-1993\" data-elementor-post-type=\"page\">\n\t\t\t\t<div class=\"elementor-element elementor-element-7df7d3b e-con-full e-flex e-con e-parent\" data-id=\"7df7d3b\" data-element_type=\"container\" data-e-type=\"container\" data-settings=\"{&quot;background_background&quot;:&quot;classic&quot;}\">\n\t\t\t\t<div class=\"elementor-element elementor-element-e2715a1 elementor-widget elementor-widget-heading\" data-id=\"e2715a1\" data-element_type=\"widget\" data-e-type=\"widget\" data-widget_type=\"heading.default\">\n\t\t\t\t\t<h1 class=\"elementor-heading-title elementor-size-default\">Objedn\u00e1n\u00ed k testov\u00e1n\u00ed<\/h1>\t\t\t\t<\/div>\n\t\t\t\t<\/div>\n\t\t<div class=\"elementor-element elementor-element-668e06f e-con-full e-flex e-con e-parent\" data-id=\"668e06f\" data-element_type=\"container\" data-e-type=\"container\">\n\t\t<div class=\"elementor-element elementor-element-4d2b411 e-con-full e-flex e-con e-child\" data-id=\"4d2b411\" data-element_type=\"container\" data-e-type=\"container\">\n\t\t\t\t<div class=\"elementor-element elementor-element-0488ba5 elementor-widget-divider--view-line elementor-widget elementor-widget-divider\" data-id=\"0488ba5\" data-element_type=\"widget\" data-e-type=\"widget\" data-widget_type=\"divider.default\">\n\t\t\t\t\t\t\t<div class=\"elementor-divider\">\n\t\t\t<span class=\"elementor-divider-separator\">\n\t\t\t\t\t\t<\/span>\n\t\t<\/div>\n\t\t\t\t\t\t<\/div>\n\t\t\t\t<\/div>\n\t\t<div class=\"elementor-element elementor-element-5156b83 e-con-full e-flex e-con e-child\" data-id=\"5156b83\" data-element_type=\"container\" data-e-type=\"container\">\n\t\t\t\t<div class=\"elementor-element elementor-element-6e45814 elementor-widget elementor-widget-text-editor\" data-id=\"6e45814\" data-element_type=\"widget\" data-e-type=\"widget\" data-widget_type=\"text-editor.default\">\n\t\t\t\t\t\t\t\t\t<p><strong>Pro objedn\u00e1n\u00ed pros\u00edm vypl\u0148te formul\u00e1\u0159 n\u00ed\u017ee.<\/strong><br \/>Po p\u0159ijet\u00ed \u00fadaj\u016f se\u00a0v\u00e1m v\u00a0co mo\u017en\u00e1 nejkrat\u0161\u00edm \u010dase ozveme (telefonicky nebo e-mailem) a\u00a0vybereme spolu vhodn\u00fd term\u00edn.<\/p>\t\t\t\t\t\t\t\t<\/div>\n\t\t\t\t<div class=\"elementor-element elementor-element-a8f4959 elementor-button-align-stretch elementor-widget elementor-widget-form\" data-id=\"a8f4959\" data-element_type=\"widget\" data-e-type=\"widget\" data-settings=\"{&quot;step_next_label&quot;:&quot;Next&quot;,&quot;step_previous_label&quot;:&quot;Previous&quot;,&quot;button_width&quot;:&quot;100&quot;,&quot;step_type&quot;:&quot;number_text&quot;,&quot;step_icon_shape&quot;:&quot;circle&quot;}\" data-widget_type=\"form.default\">\n\t\t\t\t\t\t\t<form class=\"elementor-form\" method=\"post\" name=\"Objedn\u00e1n\u00ed k zubn\u00edmu l\u00e9ka\u0159i\" aria-label=\"Objedn\u00e1n\u00ed k zubn\u00edmu l\u00e9ka\u0159i\">\n\t\t\t<input type=\"hidden\" name=\"post_id\" value=\"1993\"\/>\n\t\t\t<input type=\"hidden\" name=\"form_id\" value=\"a8f4959\"\/>\n\t\t\t<input type=\"hidden\" name=\"referer_title\" value=\"Objedn\u00e1n\u00ed k testov\u00e1n\u00ed - Maxidental\" \/>\n\n\t\t\t\t\t\t\t<input type=\"hidden\" name=\"queried_id\" value=\"1993\"\/>\n\t\t\t\n\t\t\t<div class=\"elementor-form-fields-wrapper elementor-labels-above\">\n\t\t\t\t\t\t\t\t<div class=\"elementor-field-type-text elementor-field-group elementor-column elementor-field-group-name elementor-col-33 elementor-field-required elementor-mark-required\">\n\t\t\t\t\t\t\t\t\t\t\t\t<label for=\"form-field-name\" class=\"elementor-field-label\">\n\t\t\t\t\t\t\t\tJm\u00e9no a p\u0159\u00edjmen\u00ed\t\t\t\t\t\t\t<\/label>\n\t\t\t\t\t\t\t\t\t\t\t\t\t\t<input size=\"1\" type=\"text\" name=\"form_fields[name]\" id=\"form-field-name\" class=\"elementor-field elementor-size-md  elementor-field-textual\" required=\"required\">\n\t\t\t\t\t\t\t\t\t\t\t<\/div>\n\t\t\t\t\t\t\t\t<div class=\"elementor-field-type-email elementor-field-group elementor-column elementor-field-group-email elementor-col-33 elementor-field-required elementor-mark-required\">\n\t\t\t\t\t\t\t\t\t\t\t\t<label for=\"form-field-email\" class=\"elementor-field-label\">\n\t\t\t\t\t\t\t\tE-mail\t\t\t\t\t\t\t<\/label>\n\t\t\t\t\t\t\t\t\t\t\t\t\t\t<input size=\"1\" type=\"email\" name=\"form_fields[email]\" id=\"form-field-email\" class=\"elementor-field elementor-size-md  elementor-field-textual\" required=\"required\">\n\t\t\t\t\t\t\t\t\t\t\t<\/div>\n\t\t\t\t\t\t\t\t<div class=\"elementor-field-type-tel elementor-field-group elementor-column elementor-field-group-field_a968b3c elementor-col-33 elementor-field-required elementor-mark-required\">\n\t\t\t\t\t\t\t\t\t\t\t\t<label for=\"form-field-field_a968b3c\" class=\"elementor-field-label\">\n\t\t\t\t\t\t\t\tTelefon\t\t\t\t\t\t\t<\/label>\n\t\t\t\t\t\t\t\t<input size=\"1\" type=\"tel\" name=\"form_fields[field_a968b3c]\" id=\"form-field-field_a968b3c\" class=\"elementor-field elementor-size-md  elementor-field-textual\" required=\"required\" pattern=\"[0-9()#&amp;+*-=.]+\" title=\"Akceptov\u00e1ny jsou pouze \u010d\u00edsla a telefonn\u00ed znaky (#, -, * atd.).\">\n\n\t\t\t\t\t\t<\/div>\n\t\t\t\t\t\t\t\t<div class=\"elementor-field-type-select elementor-field-group elementor-column elementor-field-group-field_7775bdb elementor-col-33 elementor-field-required elementor-mark-required\">\n\t\t\t\t\t\t\t\t\t\t\t\t<label for=\"form-field-field_7775bdb\" class=\"elementor-field-label\">\n\t\t\t\t\t\t\t\tPohlav\u00ed\t\t\t\t\t\t\t<\/label>\n\t\t\t\t\t\t\t\t<div class=\"elementor-field elementor-select-wrapper remove-before \">\n\t\t\t<div class=\"select-caret-down-wrapper\">\n\t\t\t\t<svg aria-hidden=\"true\" class=\"e-font-icon-svg e-eicon-caret-down\" viewBox=\"0 0 571.4 571.4\" xmlns=\"http:\/\/www.w3.org\/2000\/svg\"><path d=\"M571 393Q571 407 561 418L311 668Q300 679 286 679T261 668L11 418Q0 407 0 393T11 368 36 357H536Q550 357 561 368T571 393Z\"><\/path><\/svg>\t\t\t<\/div>\n\t\t\t<select name=\"form_fields[field_7775bdb]\" id=\"form-field-field_7775bdb\" class=\"elementor-field-textual elementor-size-md\" required=\"required\">\n\t\t\t\t\t\t\t\t\t<option value=\"Mu\u017e\">Mu\u017e<\/option>\n\t\t\t\t\t\t\t\t\t<option value=\"\u017den\u00e1\">\u017den\u00e1<\/option>\n\t\t\t\t\t\t\t\t\t<option value=\"Jin\u00e9\/Nechci odpov\u00eddat\">Jin\u00e9\/Nechci odpov\u00eddat<\/option>\n\t\t\t\t\t\t\t<\/select>\n\t\t<\/div>\n\t\t\t\t\t\t<\/div>\n\t\t\t\t\t\t\t\t<div class=\"elementor-field-type-text elementor-field-group elementor-column elementor-field-group-field_489e5ec elementor-col-33 elementor-field-required elementor-mark-required\">\n\t\t\t\t\t\t\t\t\t\t\t\t<label for=\"form-field-field_489e5ec\" class=\"elementor-field-label\">\n\t\t\t\t\t\t\t\tAdresa trval\u00e9ho bydli\u0161t\u011b\t\t\t\t\t\t\t<\/label>\n\t\t\t\t\t\t\t\t\t\t\t\t\t\t<input size=\"1\" type=\"text\" name=\"form_fields[field_489e5ec]\" id=\"form-field-field_489e5ec\" class=\"elementor-field elementor-size-md  elementor-field-textual\" required=\"required\">\n\t\t\t\t\t\t\t\t\t\t\t<\/div>\n\t\t\t\t\t\t\t\t<div class=\"elementor-field-type-text elementor-field-group elementor-column elementor-field-group-field_e47fe0c elementor-col-33 elementor-field-required elementor-mark-required\">\n\t\t\t\t\t\t\t\t\t\t\t\t<label for=\"form-field-field_e47fe0c\" class=\"elementor-field-label\">\n\t\t\t\t\t\t\t\t\u010c\u00edslo poji\u0161t\u011bnce\t\t\t\t\t\t\t<\/label>\n\t\t\t\t\t\t\t\t\t\t\t\t\t\t<input size=\"1\" type=\"text\" name=\"form_fields[field_e47fe0c]\" id=\"form-field-field_e47fe0c\" class=\"elementor-field elementor-size-md  elementor-field-textual\" required=\"required\">\n\t\t\t\t\t\t\t\t\t\t\t<\/div>\n\t\t\t\t\t\t\t\t<div class=\"elementor-field-type-select elementor-field-group elementor-column elementor-field-group-field_cf71221 elementor-col-33 elementor-field-required elementor-mark-required\">\n\t\t\t\t\t\t\t\t\t\t\t\t<label for=\"form-field-field_cf71221\" class=\"elementor-field-label\">\n\t\t\t\t\t\t\t\tZdravotn\u00ed poji\u0161\u0165ovna\t\t\t\t\t\t\t<\/label>\n\t\t\t\t\t\t\t\t<div class=\"elementor-field elementor-select-wrapper remove-before \">\n\t\t\t<div class=\"select-caret-down-wrapper\">\n\t\t\t\t<svg aria-hidden=\"true\" class=\"e-font-icon-svg e-eicon-caret-down\" viewBox=\"0 0 571.4 571.4\" xmlns=\"http:\/\/www.w3.org\/2000\/svg\"><path d=\"M571 393Q571 407 561 418L311 668Q300 679 286 679T261 668L11 418Q0 407 0 393T11 368 36 357H536Q550 357 561 368T571 393Z\"><\/path><\/svg>\t\t\t<\/div>\n\t\t\t<select name=\"form_fields[field_cf71221]\" id=\"form-field-field_cf71221\" class=\"elementor-field-textual elementor-size-md\" required=\"required\">\n\t\t\t\t\t\t\t\t\t<option value=\"111 V\u0161eobecn\u00e1 zdravotn\u00ed poji\u0161\u0165ovna \u010cesk\u00e9 republiky\">111 V\u0161eobecn\u00e1 zdravotn\u00ed poji\u0161\u0165ovna \u010cesk\u00e9 republiky<\/option>\n\t\t\t\t\t\t\t\t\t<option value=\"201 Vojensk\u00e1 zdravotn\u00ed poji\u0161\u0165ovna \u010cesk\u00e9 republiky\">201 Vojensk\u00e1 zdravotn\u00ed poji\u0161\u0165ovna \u010cesk\u00e9 republiky<\/option>\n\t\t\t\t\t\t\t\t\t<option value=\"205 \u010cesk\u00e1 pr\u016fmyslov\u00e1 zdravotn\u00ed poji\u0161\u0165ovna\">205 \u010cesk\u00e1 pr\u016fmyslov\u00e1 zdravotn\u00ed poji\u0161\u0165ovna<\/option>\n\t\t\t\t\t\t\t\t\t<option value=\"207 Oborov\u00e1 zdravotn\u00ed poji\u0161\u0165ovna zam\u011bstnanc\u016f bank, poji\u0161\u0165oven a stavebnictv\u00ed\">207 Oborov\u00e1 zdravotn\u00ed poji\u0161\u0165ovna zam\u011bstnanc\u016f bank, poji\u0161\u0165oven a stavebnictv\u00ed<\/option>\n\t\t\t\t\t\t\t\t\t<option value=\"209 Zam\u011bstnaneck\u00e1 poji\u0161\u0165ovna \u0160koda\">209 Zam\u011bstnaneck\u00e1 poji\u0161\u0165ovna \u0160koda<\/option>\n\t\t\t\t\t\t\t\t\t<option value=\"211 Zdravotn\u00ed poji\u0161\u0165ovna ministerstva vnitra \u010cesk\u00e9 republiky\">211 Zdravotn\u00ed poji\u0161\u0165ovna ministerstva vnitra \u010cesk\u00e9 republiky<\/option>\n\t\t\t\t\t\t\t\t\t<option value=\"213 RBP, zdravotn\u00ed poji\u0161\u0165ovna\">213 RBP, zdravotn\u00ed poji\u0161\u0165ovna<\/option>\n\t\t\t\t\t\t\t\t\t<option value=\"Jin\u00e1\">Jin\u00e1<\/option>\n\t\t\t\t\t\t\t\t\t<option value=\"Nem\u00e1m\">Nem\u00e1m<\/option>\n\t\t\t\t\t\t\t<\/select>\n\t\t<\/div>\n\t\t\t\t\t\t<\/div>\n\t\t\t\t\t\t\t\t<div class=\"elementor-field-type-select elementor-field-group elementor-column elementor-field-group-field_62eebe6 elementor-col-33 elementor-field-required elementor-mark-required\">\n\t\t\t\t\t\t\t\t\t\t\t\t<label for=\"form-field-field_62eebe6\" class=\"elementor-field-label\">\n\t\t\t\t\t\t\t\tChci se testovat na\t\t\t\t\t\t\t<\/label>\n\t\t\t\t\t\t\t\t<div class=\"elementor-field elementor-select-wrapper remove-before \">\n\t\t\t<div class=\"select-caret-down-wrapper\">\n\t\t\t\t<svg aria-hidden=\"true\" class=\"e-font-icon-svg e-eicon-caret-down\" viewBox=\"0 0 571.4 571.4\" xmlns=\"http:\/\/www.w3.org\/2000\/svg\"><path d=\"M571 393Q571 407 561 418L311 668Q300 679 286 679T261 668L11 418Q0 407 0 393T11 368 36 357H536Q550 357 561 368T571 393Z\"><\/path><\/svg>\t\t\t<\/div>\n\t\t\t<select name=\"form_fields[field_62eebe6]\" id=\"form-field-field_62eebe6\" class=\"elementor-field-textual elementor-size-md\" required=\"required\">\n\t\t\t\t\t\t\t\t\t<option value=\"Diagnostika infekc\u00ed mo\u010dov\u00fdch cest\">Diagnostika infekc\u00ed mo\u010dov\u00fdch cest<\/option>\n\t\t\t\t\t\t\t\t\t<option value=\"Diagnostika pohlavn\u00edch infekc\u00ed\">Diagnostika pohlavn\u00edch infekc\u00ed<\/option>\n\t\t\t\t\t\t\t\t\t<option value=\"Sledov\u00e1n\u00ed hladiny vitam\u00ednu D\">Sledov\u00e1n\u00ed hladiny vitam\u00ednu D<\/option>\n\t\t\t\t\t\t\t\t\t<option value=\"Vy\u0161et\u0159en\u00ed na boreli\u00f3zu\">Vy\u0161et\u0159en\u00ed na boreli\u00f3zu<\/option>\n\t\t\t\t\t\t\t\t\t<option value=\"Preventivn\u00ed vy\u0161et\u0159en\u00ed n\u00e1dorov\u00fdch onemocn\u011bn\u00ed\">Preventivn\u00ed vy\u0161et\u0159en\u00ed n\u00e1dorov\u00fdch onemocn\u011bn\u00ed<\/option>\n\t\t\t\t\t\t\t\t\t<option value=\"Diagnostika HIV \u2013 anal\u00fdza IV. generace\">Diagnostika HIV \u2013 anal\u00fdza IV. generace<\/option>\n\t\t\t\t\t\t\t\t\t<option value=\"Zji\u0161t\u011bn\u00ed hladiny testosteronu\">Zji\u0161t\u011bn\u00ed hladiny testosteronu<\/option>\n\t\t\t\t\t\t\t\t\t<option value=\"Covid-19\">Covid-19<\/option>\n\t\t\t\t\t\t\t<\/select>\n\t\t<\/div>\n\t\t\t\t\t\t<\/div>\n\t\t\t\t\t\t\t\t<div class=\"elementor-field-group elementor-column elementor-field-type-submit elementor-col-100 e-form__buttons\">\n\t\t\t\t\t<button class=\"elementor-button elementor-size-sm\" type=\"submit\">\n\t\t\t\t\t\t<span class=\"elementor-button-content-wrapper\">\n\t\t\t\t\t\t\t\t\t\t\t\t\t\t\t\t\t\t\t\t\t\t<span class=\"elementor-button-text\">Odeslat<\/span>\n\t\t\t\t\t\t\t\t\t\t\t\t\t<\/span>\n\t\t\t\t\t<\/button>\n\t\t\t\t<\/div>\n\t\t\t<\/div>\n\t\t<\/form>\n\t\t\t\t\t\t<\/div>\n\t\t\t\t<\/div>\n\t\t\t\t<\/div>\n\t\t<div class=\"elementor-element elementor-element-0e53f18 e-flex e-con-boxed e-con e-parent\" data-id=\"0e53f18\" data-element_type=\"container\" data-e-type=\"container\">\n\t\t\t\t\t<div class=\"e-con-inner\">\n\t\t\t\t\t<\/div>\n\t\t\t\t<\/div>\n\t\t\t\t<\/div>\n\t\t","protected":false},"excerpt":{"rendered":"<p>Pro objedn\u00e1n\u00ed pros\u00edm vypl\u0148te formul\u00e1\u0159 n\u00ed\u017ee.Po p\u0159ijet\u00ed \u00fadaj\u016f se\u00a0v\u00e1m v\u00a0co mo\u017en\u00e1 nejkrat\u0161\u00edm \u010dase ozveme (telefonicky nebo e-mailem) a\u00a0vybereme spolu vhodn\u00fd term\u00edn.<\/p>","protected":false},"author":1,"featured_media":0,"parent":1155,"menu_order":0,"comment_status":"closed","ping_status":"closed","template":"elementor_header_footer","meta":{"iawp_total_views":490,"footnotes":""},"class_list":["post-1993","page","type-page","status-publish","hentry"],"_links":{"self":[{"href":"https:\/\/maxidental.cz\/de\/wp-json\/wp\/v2\/pages\/1993","targetHints":{"allow":["GET"]}}],"collection":[{"href":"https:\/\/maxidental.cz\/de\/wp-json\/wp\/v2\/pages"}],"about":[{"href":"https:\/\/maxidental.cz\/de\/wp-json\/wp\/v2\/types\/page"}],"author":[{"embeddable":true,"href":"https:\/\/maxidental.cz\/de\/wp-json\/wp\/v2\/users\/1"}],"replies":[{"embeddable":true,"href":"https:\/\/maxidental.cz\/de\/wp-json\/wp\/v2\/comments?post=1993"}],"version-history":[{"count":1,"href":"https:\/\/maxidental.cz\/de\/wp-json\/wp\/v2\/pages\/1993\/revisions"}],"predecessor-version":[{"id":2304,"href":"https:\/\/maxidental.cz\/de\/wp-json\/wp\/v2\/pages\/1993\/revisions\/2304"}],"up":[{"embeddable":true,"href":"https:\/\/maxidental.cz\/de\/wp-json\/wp\/v2\/pages\/1155"}],"wp:attachment":[{"href":"https:\/\/maxidental.cz\/de\/wp-json\/wp\/v2\/media?parent=1993"}],"curies":[{"name":"wp","href":"https:\/\/api.w.org\/{rel}","templated":true}]}}