{"id":563,"date":"2024-04-18T20:32:18","date_gmt":"2024-04-18T20:32:18","guid":{"rendered":"http:\/\/www.maxidental.cz.uvirt140.active24.cz\/?page_id=563"},"modified":"2024-06-13T15:05:12","modified_gmt":"2024-06-13T15:05:12","slug":"warum-kommen-sie-zu-uns","status":"publish","type":"page","link":"https:\/\/maxidental.cz\/de\/maxidental\/warum-kommen-sie-zu-uns\/","title":{"rendered":"Warum kommen Sie zu uns?"},"content":{"rendered":"<div data-elementor-type=\"wp-page\" data-elementor-id=\"563\" class=\"elementor elementor-563\" data-elementor-post-type=\"page\">\n\t\t\t\t<div class=\"elementor-element elementor-element-3e340d6 e-con-full e-flex e-con e-parent\" data-id=\"3e340d6\" data-element_type=\"container\" data-e-type=\"container\" data-settings=\"{&quot;background_background&quot;:&quot;classic&quot;}\">\n\t\t\t\t<div class=\"elementor-element elementor-element-5f02a5c elementor-widget elementor-widget-heading\" data-id=\"5f02a5c\" data-element_type=\"widget\" data-e-type=\"widget\" data-widget_type=\"heading.default\">\n\t\t\t\t\t<h1 class=\"elementor-heading-title elementor-size-default\">Warum kommen Sie zu uns?<\/h1>\t\t\t\t<\/div>\n\t\t\t\t<\/div>\n\t\t<div class=\"elementor-element elementor-element-5cde4b7 e-con-full e-flex e-con e-parent\" data-id=\"5cde4b7\" data-element_type=\"container\" data-e-type=\"container\">\n\t\t<div class=\"elementor-element elementor-element-8b157f2 e-con-full e-flex e-con e-child\" data-id=\"8b157f2\" data-element_type=\"container\" data-e-type=\"container\">\n\t\t\t\t<div class=\"elementor-element elementor-element-b6806bb elementor-widget-divider--view-line elementor-widget elementor-widget-divider\" data-id=\"b6806bb\" data-element_type=\"widget\" data-e-type=\"widget\" data-widget_type=\"divider.default\">\n\t\t\t\t\t\t\t<div class=\"elementor-divider\">\n\t\t\t<span class=\"elementor-divider-separator\">\n\t\t\t\t\t\t<\/span>\n\t\t<\/div>\n\t\t\t\t\t\t<\/div>\n\t\t\t\t<\/div>\n\t\t<div class=\"elementor-element elementor-element-d05fc80 e-con-full e-flex e-con e-child\" data-id=\"d05fc80\" data-element_type=\"container\" data-e-type=\"container\">\n\t\t\t\t<div class=\"elementor-element elementor-element-187e69f elementor-widget elementor-widget-heading\" data-id=\"187e69f\" data-element_type=\"widget\" data-e-type=\"widget\" data-widget_type=\"heading.default\">\n\t\t\t\t\t<h2 class=\"elementor-heading-title elementor-size-default\">Wir sind eine renommierte Zahnklinik mit modernster Ausstattung und einem angenehmen Ambiente, in das Sie gerne zur\u00fcckkehren werden.<\/h2>\t\t\t\t<\/div>\n\t\t\t\t<div class=\"elementor-element elementor-element-daf8d9d elementor-widget elementor-widget-text-editor\" data-id=\"daf8d9d\" data-element_type=\"widget\" data-e-type=\"widget\" data-widget_type=\"text-editor.default\">\n\t\t\t\t\t\t\t\t\t<p>Wir besch\u00e4ftigen nur Fachleute, die Sie als Partner behandeln, und Sie k\u00f6nnen sich auf eine reibungslose und einf\u00fchlsame Kommunikation verlassen. Wir respektieren stets die Bed\u00fcrfnisse unserer Patienten und gehen auf sie ein, wo immer dies m\u00f6glich ist.<\/p>\n<p>Auf der Grundlage der Untersuchung erstellen wir einen umfassenden Behandlungsplan, einschlie\u00dflich eines Finanzplans, den wir ausf\u00fchrlich mit Ihnen besprechen. Alles, was f\u00fcr Ihre Behandlung und Pr\u00e4vention wichtig ist, erfahren Sie von Ihrem Arzt oder Ihrer Dentalhygienikerin.<\/p>\n<p>Wir f\u00fchren die Behandlung schmerzfrei und so r\u00fccksichtsvoll wie m\u00f6glich durch, um Ihre Genesung zu verk\u00fcrzen und Ihnen zu einem gesunden, strahlenden L\u00e4cheln zu verhelfen. Wir legen gro\u00dfen Wert auf die Details und die sorgf\u00e4ltige Untersuchung und Durchf\u00fchrung jedes Eingriffs. Auf die Qualit\u00e4t unserer Arbeit k\u00f6nnen Sie sich einfach verlassen.<\/p>\n<p>Bei uns haben Sie wirklich nichts zu bef\u00fcrchten.<\/p>\n<p>Alle unsere Praxen sind mit modernster Technik ausgestattet und wir folgen den neuesten Trends in der Mundpflege. Dank regelm\u00e4\u00dfiger R\u00f6ntgenaufnahmen k\u00f6nnen wir selbst kleine Karies entdecken und Ihnen Zeit und Geld bei der Behandlung sparen.<\/p>\n<p>Wir sind eine vollst\u00e4ndig digitalisierte Einrichtung und verf\u00fcgen auch \u00fcber ein eigenes Labor, so dass alles ohne unn\u00f6tige Verz\u00f6gerungen oder Papierverwaltung funktioniert. Alles ist einfach an einem Ort und Sie verschwenden keine Zeit.<\/p>\n<p>Wir freuen uns auf Ihren Besuch!<\/p>\t\t\t\t\t\t\t\t<\/div>\n\t\t\t\t<\/div>\n\t\t\t\t<\/div>\n\t\t<div class=\"elementor-element elementor-element-fd62e78 e-con-full e-flex e-con e-parent\" data-id=\"fd62e78\" data-element_type=\"container\" data-e-type=\"container\">\n\t\t\t\t<div class=\"elementor-element elementor-element-a26e668 elementor-widget elementor-widget-gallery\" data-id=\"a26e668\" data-element_type=\"widget\" data-e-type=\"widget\" data-settings=\"{&quot;aspect_ratio&quot;:&quot;1:1&quot;,&quot;columns&quot;:3,&quot;lazyload&quot;:&quot;yes&quot;,&quot;gallery_layout&quot;:&quot;grid&quot;,&quot;columns_tablet&quot;:2,&quot;columns_mobile&quot;:1,&quot;gap&quot;:{&quot;unit&quot;:&quot;px&quot;,&quot;size&quot;:10,&quot;sizes&quot;:[]},&quot;gap_tablet&quot;:{&quot;unit&quot;:&quot;px&quot;,&quot;size&quot;:10,&quot;sizes&quot;:[]},&quot;gap_mobile&quot;:{&quot;unit&quot;:&quot;px&quot;,&quot;size&quot;:10,&quot;sizes&quot;:[]},&quot;overlay_background&quot;:&quot;yes&quot;}\" data-widget_type=\"gallery.default\">\n\t\t\t\t\t\t\t<div class=\"elementor-gallery__container\">\n\t\t\t\t\t\t\t<div class=\"e-gallery-item elementor-gallery-item\">\n\t\t\t\t\t<div class=\"e-gallery-image elementor-gallery-item__image\" data-thumbnail=\"https:\/\/maxidental.cz\/wp-content\/uploads\/2024\/05\/zubari-blansko-1024x682.jpg\" data-width=\"800\" data-height=\"533\" aria-label=\"\" role=\"img\" ><\/div>\n\t\t\t\t\t\t\t\t\t\t\t<div class=\"elementor-gallery-item__overlay\"><\/div>\n\t\t\t\t\t\t\t\t\t\t\t\t\t\t<\/div>\n\t\t\t\t\t\t\t<div class=\"e-gallery-item elementor-gallery-item\">\n\t\t\t\t\t<div class=\"e-gallery-image elementor-gallery-item__image\" data-thumbnail=\"https:\/\/maxidental.cz\/wp-content\/uploads\/2024\/05\/blansko-zubar-1024x682.jpg\" data-width=\"800\" data-height=\"533\" aria-label=\"\" role=\"img\" ><\/div>\n\t\t\t\t\t\t\t\t\t\t\t<div class=\"elementor-gallery-item__overlay\"><\/div>\n\t\t\t\t\t\t\t\t\t\t\t\t\t\t<\/div>\n\t\t\t\t\t\t\t<div class=\"e-gallery-item elementor-gallery-item\">\n\t\t\t\t\t<div class=\"e-gallery-image elementor-gallery-item__image\" data-thumbnail=\"https:\/\/maxidental.cz\/wp-content\/uploads\/2024\/05\/zubar-blansko-1024x682.jpg\" data-width=\"800\" data-height=\"533\" aria-label=\"\" role=\"img\" ><\/div>\n\t\t\t\t\t\t\t\t\t\t\t<div class=\"elementor-gallery-item__overlay\"><\/div>\n\t\t\t\t\t\t\t\t\t\t\t\t\t\t<\/div>\n\t\t\t\t\t<\/div>\n\t\t\t\t\t<\/div>\n\t\t\t\t<\/div>\n\t\t\t\t<\/div>","protected":false},"excerpt":{"rendered":"<p>Jsme renomovan\u00e1 zubn\u00ed klinika s\u00a0nejmodern\u011bj\u0161\u00edm vybaven\u00edm a\u00a0p\u0159\u00edjemn\u00fdm prost\u0159ed\u00edm, kam se\u00a0budete r\u00e1di vracet. Pracuj\u00ed u n\u00e1s jen profesion\u00e1lov\u00e9, kte\u0159\u00ed k v\u00e1m budou p\u0159istupovat jako k partnerovi a m\u016f\u017eete se u nich spolehnout na bezprobl\u00e9movou a empatickou komunikaci. V\u017edy respektujeme pot\u0159eby na\u0161ich pacient\u016f a vych\u00e1z\u00edme jim vst\u0159\u00edc v\u0161ude, kde je to mo\u017en\u00e9. Na z\u00e1klad\u011b vy\u0161et\u0159en\u00ed v\u00e1m p\u0159iprav\u00edme [&hellip;]<\/p>\n","protected":false},"author":1,"featured_media":0,"parent":612,"menu_order":0,"comment_status":"closed","ping_status":"closed","template":"elementor_header_footer","meta":{"iawp_total_views":1055,"footnotes":""},"class_list":["post-563","page","type-page","status-publish","hentry"],"_links":{"self":[{"href":"https:\/\/maxidental.cz\/de\/wp-json\/wp\/v2\/pages\/563","targetHints":{"allow":["GET"]}}],"collection":[{"href":"https:\/\/maxidental.cz\/de\/wp-json\/wp\/v2\/pages"}],"about":[{"href":"https:\/\/maxidental.cz\/de\/wp-json\/wp\/v2\/types\/page"}],"author":[{"embeddable":true,"href":"https:\/\/maxidental.cz\/de\/wp-json\/wp\/v2\/users\/1"}],"replies":[{"embeddable":true,"href":"https:\/\/maxidental.cz\/de\/wp-json\/wp\/v2\/comments?post=563"}],"version-history":[{"count":0,"href":"https:\/\/maxidental.cz\/de\/wp-json\/wp\/v2\/pages\/563\/revisions"}],"up":[{"embeddable":true,"href":"https:\/\/maxidental.cz\/de\/wp-json\/wp\/v2\/pages\/612"}],"wp:attachment":[{"href":"https:\/\/maxidental.cz\/de\/wp-json\/wp\/v2\/media?parent=563"}],"curies":[{"name":"wp","href":"https:\/\/api.w.org\/{rel}","templated":true}]}}