{"id":843,"date":"2024-04-23T08:45:17","date_gmt":"2024-04-23T08:45:17","guid":{"rendered":"http:\/\/www.maxidental.cz.uvirt140.active24.cz\/?page_id=843"},"modified":"2025-05-27T12:52:29","modified_gmt":"2025-05-27T12:52:29","slug":"unsere-arbeit","status":"publish","type":"page","link":"https:\/\/maxidental.cz\/de\/maxidental\/unsere-arbeit\/","title":{"rendered":"Unsere Arbeit"},"content":{"rendered":"<div data-elementor-type=\"wp-page\" data-elementor-id=\"843\" class=\"elementor elementor-843\" data-elementor-post-type=\"page\">\n\t\t\t\t<div class=\"elementor-element elementor-element-5d39282 e-con-full e-flex e-con e-parent\" data-id=\"5d39282\" data-element_type=\"container\" data-e-type=\"container\" data-settings=\"{&quot;background_background&quot;:&quot;classic&quot;}\">\n\t\t\t\t<div class=\"elementor-element elementor-element-44804aa elementor-widget elementor-widget-heading\" data-id=\"44804aa\" data-element_type=\"widget\" data-e-type=\"widget\" data-widget_type=\"heading.default\">\n\t\t\t\t\t<h1 class=\"elementor-heading-title elementor-size-default\">Unsere Arbeit<\/h1>\t\t\t\t<\/div>\n\t\t\t\t<\/div>\n\t\t<div class=\"elementor-element elementor-element-609b93c e-con-full e-flex e-con e-parent\" data-id=\"609b93c\" data-element_type=\"container\" data-e-type=\"container\">\n\t\t<div class=\"elementor-element elementor-element-2c6af90 e-con-full e-flex e-con e-child\" data-id=\"2c6af90\" data-element_type=\"container\" data-e-type=\"container\">\n\t\t\t\t<div class=\"elementor-element elementor-element-99a029a elementor-widget-divider--view-line elementor-widget elementor-widget-divider\" data-id=\"99a029a\" data-element_type=\"widget\" data-e-type=\"widget\" data-widget_type=\"divider.default\">\n\t\t\t\t\t\t\t<div class=\"elementor-divider\">\n\t\t\t<span class=\"elementor-divider-separator\">\n\t\t\t\t\t\t<\/span>\n\t\t<\/div>\n\t\t\t\t\t\t<\/div>\n\t\t\t\t<\/div>\n\t\t<div class=\"elementor-element elementor-element-1648fb4 e-con-full e-flex e-con e-child\" data-id=\"1648fb4\" data-element_type=\"container\" data-e-type=\"container\">\n\t\t<div class=\"elementor-element elementor-element-8d1d3b1 e-flex e-con-boxed e-con e-child\" data-id=\"8d1d3b1\" data-element_type=\"container\" data-e-type=\"container\">\n\t\t\t\t\t<div class=\"e-con-inner\">\n\t\t\t\t<div class=\"elementor-element elementor-element-9393cc6 elementor-widget elementor-widget-heading\" data-id=\"9393cc6\" data-element_type=\"widget\" data-e-type=\"widget\" data-widget_type=\"heading.default\">\n\t\t\t\t\t<h2 class=\"elementor-heading-title elementor-size-default\">Komposit-Restaurationen (Zahnh\u00e4lse)<\/h2>\t\t\t\t<\/div>\n\t\t\t\t<div class=\"elementor-element elementor-element-cedad27 elementor-widget__width-initial elementor-widget elementor-widget-aic-image-comparison\" data-id=\"cedad27\" data-element_type=\"widget\" data-e-type=\"widget\" data-widget_type=\"aic-image-comparison.default\">\n\t\t\t\t<div class=\"elementor-widget-container\">\n\t\t\t\t\t        \n        <div id=\"aic-image-comparison-cedad27\" class=\"aic-image-container\" data-offset=\"0.5\" data-orientation=\"horizontal\" data-before_label=\"P\u0159ed\" data-after_label=\"Po\" data-overlay=\"\" data-onhover=\"\" data-click_to_move=\"yes\">\n\t\t\t<img decoding=\"async\" class=\"aic-before-img\" alt=\"\" src=\"https:\/\/maxidental.cz\/wp-content\/uploads\/2024\/04\/pripad_1_pred-scaled.webp\">\n\t\t\t<img decoding=\"async\" class=\"aic-after-img\" alt=\"\" src=\"https:\/\/maxidental.cz\/wp-content\/uploads\/2024\/04\/pripad_1_po-scaled.webp\">\n        <\/div>\n\n        \t\t\t\t<\/div>\n\t\t\t\t<\/div>\n\t\t\t\t\t<\/div>\n\t\t\t\t<\/div>\n\t\t<div class=\"elementor-element elementor-element-010ee09 e-flex e-con-boxed e-con e-child\" data-id=\"010ee09\" data-element_type=\"container\" data-e-type=\"container\">\n\t\t\t\t\t<div class=\"e-con-inner\">\n\t\t\t\t<div class=\"elementor-element elementor-element-b8fdbcf elementor-widget elementor-widget-heading\" data-id=\"b8fdbcf\" data-element_type=\"widget\" data-e-type=\"widget\" data-widget_type=\"heading.default\">\n\t\t\t\t\t<h2 class=\"elementor-heading-title elementor-size-default\">Vollkeramikkronen (obere Schneidez\u00e4hne)<\/h2>\t\t\t\t<\/div>\n\t\t\t\t<div class=\"elementor-element elementor-element-416a4df elementor-widget__width-initial elementor-widget elementor-widget-aic-image-comparison\" data-id=\"416a4df\" data-element_type=\"widget\" data-e-type=\"widget\" data-widget_type=\"aic-image-comparison.default\">\n\t\t\t\t<div class=\"elementor-widget-container\">\n\t\t\t\t\t        \n        <div id=\"aic-image-comparison-416a4df\" class=\"aic-image-container\" data-offset=\"0.5\" data-orientation=\"horizontal\" data-before_label=\"P\u0159ed\" data-after_label=\"Po\" data-overlay=\"\" data-onhover=\"\" data-click_to_move=\"yes\">\n\t\t\t<img decoding=\"async\" class=\"aic-before-img\" alt=\"\" src=\"https:\/\/maxidental.cz\/wp-content\/uploads\/2024\/04\/pripad_2_pred-scaled.webp\">\n\t\t\t<img decoding=\"async\" class=\"aic-after-img\" alt=\"\" src=\"https:\/\/maxidental.cz\/wp-content\/uploads\/2024\/04\/pripad_2_po-scaled.webp\">\n        <\/div>\n\n        \t\t\t\t<\/div>\n\t\t\t\t<\/div>\n\t\t\t\t\t<\/div>\n\t\t\t\t<\/div>\n\t\t<div class=\"elementor-element elementor-element-a10e68b e-flex e-con-boxed e-con e-child\" data-id=\"a10e68b\" data-element_type=\"container\" data-e-type=\"container\">\n\t\t\t\t\t<div class=\"e-con-inner\">\n\t\t\t\t<div class=\"elementor-element elementor-element-f511ab7 elementor-widget elementor-widget-heading\" data-id=\"f511ab7\" data-element_type=\"widget\" data-e-type=\"widget\" data-widget_type=\"heading.default\">\n\t\t\t\t\t<h2 class=\"elementor-heading-title elementor-size-default\">Vollkeramikkronen (obere Schneidez\u00e4hne)<\/h2>\t\t\t\t<\/div>\n\t\t\t\t<div class=\"elementor-element elementor-element-854617a elementor-widget__width-initial elementor-widget elementor-widget-aic-image-comparison\" data-id=\"854617a\" data-element_type=\"widget\" data-e-type=\"widget\" data-widget_type=\"aic-image-comparison.default\">\n\t\t\t\t<div class=\"elementor-widget-container\">\n\t\t\t\t\t        \n        <div id=\"aic-image-comparison-854617a\" class=\"aic-image-container\" data-offset=\"0.5\" data-orientation=\"horizontal\" data-before_label=\"P\u0159ed\" data-after_label=\"Po\" data-overlay=\"\" data-onhover=\"\" data-click_to_move=\"yes\">\n\t\t\t<img decoding=\"async\" class=\"aic-before-img\" alt=\"\" src=\"https:\/\/maxidental.cz\/wp-content\/uploads\/2024\/06\/pripad_4_pred.webp\">\n\t\t\t<img decoding=\"async\" class=\"aic-after-img\" alt=\"\" src=\"https:\/\/maxidental.cz\/wp-content\/uploads\/2024\/06\/pripad_4_po.webp\">\n        <\/div>\n\n        \t\t\t\t<\/div>\n\t\t\t\t<\/div>\n\t\t\t\t\t<\/div>\n\t\t\t\t<\/div>\n\t\t<div class=\"elementor-element elementor-element-205de15 e-flex e-con-boxed e-con e-child\" data-id=\"205de15\" data-element_type=\"container\" data-e-type=\"container\">\n\t\t\t\t\t<div class=\"e-con-inner\">\n\t\t\t\t<div class=\"elementor-element elementor-element-32779a7 elementor-widget elementor-widget-heading\" data-id=\"32779a7\" data-element_type=\"widget\" data-e-type=\"widget\" data-widget_type=\"heading.default\">\n\t\t\t\t\t<h2 class=\"elementor-heading-title elementor-size-default\">Vollkeramische Kronen (obere Frontz\u00e4hne)<\/h2>\t\t\t\t<\/div>\n\t\t\t\t<div class=\"elementor-element elementor-element-5c81169 elementor-widget__width-initial elementor-widget elementor-widget-aic-image-comparison\" data-id=\"5c81169\" data-element_type=\"widget\" data-e-type=\"widget\" data-widget_type=\"aic-image-comparison.default\">\n\t\t\t\t<div class=\"elementor-widget-container\">\n\t\t\t\t\t        \n        <div id=\"aic-image-comparison-5c81169\" class=\"aic-image-container\" data-offset=\"0.5\" data-orientation=\"horizontal\" data-before_label=\"P\u0159ed\" data-after_label=\"Po\" data-overlay=\"\" data-onhover=\"\" data-click_to_move=\"yes\">\n\t\t\t<img decoding=\"async\" class=\"aic-before-img\" alt=\"\" src=\"https:\/\/maxidental.cz\/wp-content\/uploads\/2024\/04\/pripad_3_pred-scaled.webp\">\n\t\t\t<img decoding=\"async\" class=\"aic-after-img\" alt=\"\" src=\"https:\/\/maxidental.cz\/wp-content\/uploads\/2024\/04\/pripad_3_po-scaled.webp\">\n        <\/div>\n\n        \t\t\t\t<\/div>\n\t\t\t\t<\/div>\n\t\t\t\t\t<\/div>\n\t\t\t\t<\/div>\n\t\t<div class=\"elementor-element elementor-element-3de1b74 e-flex e-con-boxed e-con e-child\" data-id=\"3de1b74\" data-element_type=\"container\" data-e-type=\"container\">\n\t\t\t\t\t<div class=\"e-con-inner\">\n\t\t\t\t<div class=\"elementor-element elementor-element-a308756 elementor-widget elementor-widget-heading\" data-id=\"a308756\" data-element_type=\"widget\" data-e-type=\"widget\" data-widget_type=\"heading.default\">\n\t\t\t\t\t<h2 class=\"elementor-heading-title elementor-size-default\">3x Onlay und 1x Krone<\/h2>\t\t\t\t<\/div>\n\t\t\t\t<div class=\"elementor-element elementor-element-621647f elementor-widget__width-initial elementor-widget elementor-widget-aic-image-comparison\" data-id=\"621647f\" data-element_type=\"widget\" data-e-type=\"widget\" data-widget_type=\"aic-image-comparison.default\">\n\t\t\t\t<div class=\"elementor-widget-container\">\n\t\t\t\t\t        \n        <div id=\"aic-image-comparison-621647f\" class=\"aic-image-container\" data-offset=\"0.5\" data-orientation=\"horizontal\" data-before_label=\"P\u0159ed\" data-after_label=\"Po\" data-overlay=\"\" data-onhover=\"\" data-click_to_move=\"yes\">\n\t\t\t<img decoding=\"async\" class=\"aic-before-img\" alt=\"\" src=\"https:\/\/maxidental.cz\/wp-content\/uploads\/2024\/04\/pripad_5_pred-scaled.webp\">\n\t\t\t<img decoding=\"async\" class=\"aic-after-img\" alt=\"\" src=\"https:\/\/maxidental.cz\/wp-content\/uploads\/2024\/04\/pripad_5_po-scaled.webp\">\n        <\/div>\n\n        \t\t\t\t<\/div>\n\t\t\t\t<\/div>\n\t\t\t\t\t<\/div>\n\t\t\t\t<\/div>\n\t\t\t\t<\/div>\n\t\t\t\t<\/div>\n\t\t\t\t<\/div>","protected":false},"excerpt":{"rendered":"<p>Kompozitn\u00ed dostavby (kr\u010dky zub\u016f) Celokeramick\u00e9 korunky (horn\u00ed \u0159ez\u00e1ky) Celokeramick\u00e9 korunky (horn\u00ed \u0159ez\u00e1ky) Celokeramick\u00e9 korunky (p\u0159edn\u00ed zuby horn\u00ed fronta) 3x onlay a 1x korunka<\/p>","protected":false},"author":1,"featured_media":0,"parent":612,"menu_order":0,"comment_status":"closed","ping_status":"closed","template":"elementor_header_footer","meta":{"iawp_total_views":830,"footnotes":""},"class_list":["post-843","page","type-page","status-publish","hentry"],"_links":{"self":[{"href":"https:\/\/maxidental.cz\/de\/wp-json\/wp\/v2\/pages\/843","targetHints":{"allow":["GET"]}}],"collection":[{"href":"https:\/\/maxidental.cz\/de\/wp-json\/wp\/v2\/pages"}],"about":[{"href":"https:\/\/maxidental.cz\/de\/wp-json\/wp\/v2\/types\/page"}],"author":[{"embeddable":true,"href":"https:\/\/maxidental.cz\/de\/wp-json\/wp\/v2\/users\/1"}],"replies":[{"embeddable":true,"href":"https:\/\/maxidental.cz\/de\/wp-json\/wp\/v2\/comments?post=843"}],"version-history":[{"count":3,"href":"https:\/\/maxidental.cz\/de\/wp-json\/wp\/v2\/pages\/843\/revisions"}],"predecessor-version":[{"id":2236,"href":"https:\/\/maxidental.cz\/de\/wp-json\/wp\/v2\/pages\/843\/revisions\/2236"}],"up":[{"embeddable":true,"href":"https:\/\/maxidental.cz\/de\/wp-json\/wp\/v2\/pages\/612"}],"wp:attachment":[{"href":"https:\/\/maxidental.cz\/de\/wp-json\/wp\/v2\/media?parent=843"}],"curies":[{"name":"wp","href":"https:\/\/api.w.org\/{rel}","templated":true}]}}