{"id":1135,"date":"2024-04-29T15:10:10","date_gmt":"2024-04-29T15:10:10","guid":{"rendered":"http:\/\/www.maxidental.cz.uvirt140.active24.cz\/?page_id=1135"},"modified":"2024-04-29T15:12:55","modified_gmt":"2024-04-29T15:12:55","slug":"periodontology","status":"publish","type":"page","link":"https:\/\/maxidental.cz\/en\/dental-furnaces\/periodontology\/","title":{"rendered":"Parodontology"},"content":{"rendered":"<div data-elementor-type=\"wp-page\" data-elementor-id=\"1135\" class=\"elementor elementor-1135\" data-elementor-post-type=\"page\">\n\t\t\t\t<div class=\"elementor-element elementor-element-3e340d6 e-flex e-con-boxed e-con e-parent\" data-id=\"3e340d6\" data-element_type=\"container\" data-e-type=\"container\" data-settings=\"{&quot;background_background&quot;:&quot;classic&quot;}\">\n\t\t\t\t\t<div class=\"e-con-inner\">\n\t\t\t\t<div class=\"elementor-element elementor-element-5f02a5c elementor-widget elementor-widget-heading\" data-id=\"5f02a5c\" data-element_type=\"widget\" data-e-type=\"widget\" data-widget_type=\"heading.default\">\n\t\t\t\t\t<h1 class=\"elementor-heading-title elementor-size-default\">Parodontology<\/h1>\t\t\t\t<\/div>\n\t\t\t\t<div class=\"elementor-element elementor-element-f3cef0a elementor-widget elementor-widget-heading\" data-id=\"f3cef0a\" data-element_type=\"widget\" data-e-type=\"widget\" data-widget_type=\"heading.default\">\n\t\t\t\t\t<p class=\"elementor-heading-title elementor-size-default\"> Parodontitis does not have to mean tooth loss<\/p>\t\t\t\t<\/div>\n\t\t\t\t\t<\/div>\n\t\t\t\t<\/div>\n\t\t<div class=\"elementor-element elementor-element-5cde4b7 e-flex e-con-boxed e-con e-parent\" data-id=\"5cde4b7\" data-element_type=\"container\" data-e-type=\"container\">\n\t\t\t\t\t<div class=\"e-con-inner\">\n\t\t<div class=\"elementor-element elementor-element-8b157f2 e-con-full e-flex e-con e-child\" data-id=\"8b157f2\" data-element_type=\"container\" data-e-type=\"container\">\n\t\t\t\t<div class=\"elementor-element elementor-element-b6806bb elementor-widget-divider--view-line elementor-widget elementor-widget-divider\" data-id=\"b6806bb\" data-element_type=\"widget\" data-e-type=\"widget\" data-widget_type=\"divider.default\">\n\t\t\t\t\t\t\t<div class=\"elementor-divider\">\n\t\t\t<span class=\"elementor-divider-separator\">\n\t\t\t\t\t\t<\/span>\n\t\t<\/div>\n\t\t\t\t\t\t<\/div>\n\t\t\t\t<div class=\"elementor-element elementor-element-c12bb42 elementor-position-inline-start elementor-view-default elementor-mobile-position-block-start elementor-widget elementor-widget-icon-box\" data-id=\"c12bb42\" data-element_type=\"widget\" data-e-type=\"widget\" data-widget_type=\"icon-box.default\">\n\t\t\t\t\t\t\t<div class=\"elementor-icon-box-wrapper\">\n\n\t\t\t\t\t\t<div class=\"elementor-icon-box-icon\">\n\t\t\t\t<a href=\"https:\/\/maxidental.cz\/en\/dental-furnaces\/\" class=\"elementor-icon\" tabindex=\"-1\" aria-label=\"complete offer\">\n\t\t\t\t<svg aria-hidden=\"true\" class=\"e-font-icon-svg e-fas-arrow-left\" viewbox=\"0 0 448 512\" xmlns=\"http:\/\/www.w3.org\/2000\/svg\"><path d=\"M257.5 445.1l-22.2 22.2c-9.4 9.4-24.6 9.4-33.9 0L7 273c-9.4-9.4-9.4-24.6 0-33.9L201.4 44.7c9.4-9.4 24.6-9.4 33.9 0l22.2 22.2c9.5 9.5 9.3 25-.4 34.3L136.6 216H424c13.3 0 24 10.7 24 24v32c0 13.3-10.7 24-24 24H136.6l120.5 114.8c9.8 9.3 10 24.8.4 34.3z\"><\/path><\/svg>\t\t\t\t<\/a>\n\t\t\t<\/div>\n\t\t\t\n\t\t\t\t\t\t<div class=\"elementor-icon-box-content\">\n\n\t\t\t\t\t\t\t\t\t<span class=\"elementor-icon-box-title\">\n\t\t\t\t\t\t<a href=\"https:\/\/maxidental.cz\/en\/dental-furnaces\/\" >\n\t\t\t\t\t\t\tcomplete offer\t\t\t\t\t\t<\/a>\n\t\t\t\t\t<\/span>\n\t\t\t\t\n\t\t\t\t\n\t\t\t<\/div>\n\t\t\t\n\t\t<\/div>\n\t\t\t\t\t\t<\/div>\n\t\t\t\t<\/div>\n\t\t<div class=\"elementor-element elementor-element-d05fc80 e-con-full e-flex e-con e-child\" data-id=\"d05fc80\" data-element_type=\"container\" data-e-type=\"container\">\n\t\t\t\t<div class=\"elementor-element elementor-element-1ae93da elementor-blockquote--skin-boxed elementor-blockquote--align-left elementor-widget elementor-widget-blockquote\" data-id=\"1ae93da\" data-element_type=\"widget\" data-e-type=\"widget\" data-widget_type=\"blockquote.default\">\n\t\t\t\t\t\t\t<blockquote class=\"elementor-blockquote\">\n\t\t\t<p class=\"elementor-blockquote__content\">\n\t\t\t\tParodontology deals with the treatment of diseases of the hanging apparatus of the tooth, i.e. gums, hanging ligaments and bone.\t\t\t<\/p>\n\t\t\t\t\t<\/blockquote>\n\t\t\t\t\t\t<\/div>\n\t\t<div class=\"elementor-element elementor-element-9518266 e-flex e-con-boxed e-con e-child\" data-id=\"9518266\" data-element_type=\"container\" data-e-type=\"container\">\n\t\t\t\t\t<div class=\"e-con-inner\">\n\t\t\t\t<div class=\"elementor-element elementor-element-3854888 elementor-widget elementor-widget-heading\" data-id=\"3854888\" data-element_type=\"widget\" data-e-type=\"widget\" data-widget_type=\"heading.default\">\n\t\t\t\t\t<h2 class=\"elementor-heading-title elementor-size-default\">SYMPTOMS AND CONSEQUENCES OF PERIODONTITIS<\/h2>\t\t\t\t<\/div>\n\t\t\t\t<div class=\"elementor-element elementor-element-17e4bb7 elementor-widget-divider--view-line elementor-widget elementor-widget-divider\" data-id=\"17e4bb7\" data-element_type=\"widget\" data-e-type=\"widget\" data-widget_type=\"divider.default\">\n\t\t\t\t\t\t\t<div class=\"elementor-divider\">\n\t\t\t<span class=\"elementor-divider-separator\">\n\t\t\t\t\t\t<\/span>\n\t\t<\/div>\n\t\t\t\t\t\t<\/div>\n\t\t\t\t<div class=\"elementor-element elementor-element-56c6e4f elementor-widget elementor-widget-text-editor\" data-id=\"56c6e4f\" data-element_type=\"widget\" data-e-type=\"widget\" data-widget_type=\"text-editor.default\">\n\t\t\t\t\t\t\t\t\t<p>Periodontitis (sometimes also periodontitis) is caused by inflammation of the gums or bone. It arises when there is an overabundance of bacteria in the mouth, the proliferation of which is encouraged by the presence of plaque and tartar on the teeth. It can manifest itself as bleeding when brushing the teeth, pain in the gums, receding gums, as well as bad breath. In advanced stages, the teeth begin to loosen and wobble.<\/p><p>If inflammation is present for a long time, it can lead to tooth loss. Unfortunately, this damage is permanent and irreversible. The danger of this disease is compounded by the fact that for a long time you may not observe any symptoms. Chronic periodontitis can become a cause of serious illness because the bacteria can spread throughout the body.<\/p>\t\t\t\t\t\t\t\t<\/div>\n\t\t\t\t\t<\/div>\n\t\t\t\t<\/div>\n\t\t<div class=\"elementor-element elementor-element-e022a57 e-flex e-con-boxed e-con e-child\" data-id=\"e022a57\" data-element_type=\"container\" data-e-type=\"container\">\n\t\t\t\t\t<div class=\"e-con-inner\">\n\t\t\t\t<div class=\"elementor-element elementor-element-99f7293 elementor-widget elementor-widget-heading\" data-id=\"99f7293\" data-element_type=\"widget\" data-e-type=\"widget\" data-widget_type=\"heading.default\">\n\t\t\t\t\t<h2 class=\"elementor-heading-title elementor-size-default\">DENTAL HYGIENE IS ESSENTIAL<\/h2>\t\t\t\t<\/div>\n\t\t\t\t<div class=\"elementor-element elementor-element-86e7b7f elementor-widget-divider--view-line elementor-widget elementor-widget-divider\" data-id=\"86e7b7f\" data-element_type=\"widget\" data-e-type=\"widget\" data-widget_type=\"divider.default\">\n\t\t\t\t\t\t\t<div class=\"elementor-divider\">\n\t\t\t<span class=\"elementor-divider-separator\">\n\t\t\t\t\t\t<\/span>\n\t\t<\/div>\n\t\t\t\t\t\t<\/div>\n\t\t\t\t<div class=\"elementor-element elementor-element-e8b76be elementor-widget elementor-widget-text-editor\" data-id=\"e8b76be\" data-element_type=\"widget\" data-e-type=\"widget\" data-widget_type=\"text-editor.default\">\n\t\t\t\t\t\t\t\t\t<p>The most important thing for the treatment of periodontitis is dental hygiene, which you can also use with us. Our dental hygienist will remove plaque and tartar from your mouth so that the overall condition of your mouth can be seen. The dentist will then begin the actual periodontal treatment. This can be done conservatively or surgically. Once treatment is complete, you must come in for regular check-ups. For periodontal treatment, we have experienced dentists at our clinic who can help you whether you need a minor procedure or a complex procedure.<\/p><p>Early treatment and consistent dental hygiene can help stabilize the condition at any stage of periodontitis and prevent it from worsening.<\/p>\t\t\t\t\t\t\t\t<\/div>\n\t\t\t\t\t<\/div>\n\t\t\t\t<\/div>\n\t\t<div class=\"elementor-element elementor-element-bae5a52 e-flex e-con-boxed e-con e-child\" data-id=\"bae5a52\" data-element_type=\"container\" data-e-type=\"container\">\n\t\t\t\t\t<div class=\"e-con-inner\">\n\t\t\t\t<div class=\"elementor-element elementor-element-c29bdd7 elementor-widget elementor-widget-heading\" data-id=\"c29bdd7\" data-element_type=\"widget\" data-e-type=\"widget\" data-widget_type=\"heading.default\">\n\t\t\t\t\t<h2 class=\"elementor-heading-title elementor-size-default\">WHY TREAT PERIODONTITIS WITH US?<\/h2>\t\t\t\t<\/div>\n\t\t\t\t<div class=\"elementor-element elementor-element-2c8d76a elementor-widget-divider--view-line elementor-widget elementor-widget-divider\" data-id=\"2c8d76a\" data-element_type=\"widget\" data-e-type=\"widget\" data-widget_type=\"divider.default\">\n\t\t\t\t\t\t\t<div class=\"elementor-divider\">\n\t\t\t<span class=\"elementor-divider-separator\">\n\t\t\t\t\t\t<\/span>\n\t\t<\/div>\n\t\t\t\t\t\t<\/div>\n\t\t\t\t<div class=\"elementor-element elementor-element-918388f elementor-widget elementor-widget-text-editor\" data-id=\"918388f\" data-element_type=\"widget\" data-e-type=\"widget\" data-widget_type=\"text-editor.default\">\n\t\t\t\t\t\t\t\t\t<ul><li>Our dentists are experienced in the diagnosis of periodontitis<\/li><li>Our dentists will patiently explain everything to you and prepare an individual treatment plan. We will take care of your teeth in all aspects<\/li><li>You have everything in one place, including a specialist in periodontology, but also dental hygiene, which is crucial for treatment<\/li><li>We will help you stabilize the condition of your teeth and advise you on how to care for your teeth<\/li><li>We are a fully digitized office with all the equipment for comprehensive care of your teeth<\/li><\/ul>\t\t\t\t\t\t\t\t<\/div>\n\t\t\t\t\t<\/div>\n\t\t\t\t<\/div>\n\t\t\t\t<\/div>\n\t\t\t\t\t<\/div>\n\t\t\t\t<\/div>\n\t\t\t\t<\/div>","protected":false},"excerpt":{"rendered":"<p>Parodontitida nemus\u00ed znamenat ztr\u00e1tu zub\u016f kompletn\u00ed nab\u00eddka Parodontologie se\u00a0v\u011bnuje l\u00e9\u010db\u011b onemocn\u011bn\u00ed z\u00e1v\u011bsn\u00e9ho apar\u00e1tu zubu, tedy d\u00e1sn\u00ed, z\u00e1v\u011bsn\u00fdch vaz\u016f a\u00a0kosti. P\u0158\u00cdZNAKY A N\u00c1SLEDKY PARODONTITIDY Parodontitida (n\u011bkdy tak\u00e9 paradent\u00f3za) je zp\u016fsobena z\u00e1n\u011btem d\u00e1sn\u00ed nebo kosti. Ten vznik\u00e1 ve\u00a0chv\u00edli, kdy se\u00a0v\u00a0\u00fastech nach\u00e1z\u00ed p\u0159em\u00edra bakteri\u00ed, jejich\u017e mno\u017een\u00ed podporuje p\u0159\u00edtomnost plaku a\u00a0zubn\u00edho kamene na\u00a0zubech. M\u016f\u017ee se\u00a0projevovat jako krv\u00e1cen\u00ed p\u0159i \u010di\u0161t\u011bn\u00ed [&hellip;]<\/p>\n","protected":false},"author":1,"featured_media":0,"parent":1010,"menu_order":0,"comment_status":"closed","ping_status":"closed","template":"elementor_header_footer","meta":{"iawp_total_views":402,"footnotes":""},"class_list":["post-1135","page","type-page","status-publish","hentry"],"_links":{"self":[{"href":"https:\/\/maxidental.cz\/en\/wp-json\/wp\/v2\/pages\/1135","targetHints":{"allow":["GET"]}}],"collection":[{"href":"https:\/\/maxidental.cz\/en\/wp-json\/wp\/v2\/pages"}],"about":[{"href":"https:\/\/maxidental.cz\/en\/wp-json\/wp\/v2\/types\/page"}],"author":[{"embeddable":true,"href":"https:\/\/maxidental.cz\/en\/wp-json\/wp\/v2\/users\/1"}],"replies":[{"embeddable":true,"href":"https:\/\/maxidental.cz\/en\/wp-json\/wp\/v2\/comments?post=1135"}],"version-history":[{"count":0,"href":"https:\/\/maxidental.cz\/en\/wp-json\/wp\/v2\/pages\/1135\/revisions"}],"up":[{"embeddable":true,"href":"https:\/\/maxidental.cz\/en\/wp-json\/wp\/v2\/pages\/1010"}],"wp:attachment":[{"href":"https:\/\/maxidental.cz\/en\/wp-json\/wp\/v2\/media?parent=1135"}],"curies":[{"name":"wp","href":"https:\/\/api.w.org\/{rel}","templated":true}]}}