{"id":1224,"date":"2024-05-02T18:46:47","date_gmt":"2024-05-02T18:46:47","guid":{"rendered":"http:\/\/www.maxidental.cz.uvirt140.active24.cz\/?page_id=1224"},"modified":"2024-05-07T15:14:12","modified_gmt":"2024-05-07T15:14:12","slug":"what-awaits-you","status":"publish","type":"page","link":"https:\/\/maxidental.cz\/en\/dental-hygiene\/what-awaits-you\/","title":{"rendered":"What's in store for you?"},"content":{"rendered":"<div data-elementor-type=\"wp-page\" data-elementor-id=\"1224\" class=\"elementor elementor-1224\" data-elementor-post-type=\"page\">\n\t\t\t\t<div class=\"elementor-element elementor-element-7df7d3b e-con-full e-flex e-con e-parent\" data-id=\"7df7d3b\" data-element_type=\"container\" data-e-type=\"container\" data-settings=\"{&quot;background_background&quot;:&quot;classic&quot;}\">\n\t\t\t\t<div class=\"elementor-element elementor-element-e2715a1 elementor-widget elementor-widget-heading\" data-id=\"e2715a1\" data-element_type=\"widget\" data-e-type=\"widget\" data-widget_type=\"heading.default\">\n\t\t\t\t\t<h1 class=\"elementor-heading-title elementor-size-default\">What's in store for you?<\/h1>\t\t\t\t<\/div>\n\t\t\t\t<\/div>\n\t\t<div class=\"elementor-element elementor-element-668e06f e-con-full e-flex e-con e-parent\" data-id=\"668e06f\" data-element_type=\"container\" data-e-type=\"container\">\n\t\t<div class=\"elementor-element elementor-element-4d2b411 e-con-full e-flex e-con e-child\" data-id=\"4d2b411\" data-element_type=\"container\" data-e-type=\"container\">\n\t\t\t\t<div class=\"elementor-element elementor-element-0488ba5 elementor-widget-divider--view-line elementor-widget elementor-widget-divider\" data-id=\"0488ba5\" data-element_type=\"widget\" data-e-type=\"widget\" data-widget_type=\"divider.default\">\n\t\t\t\t\t\t\t<div class=\"elementor-divider\">\n\t\t\t<span class=\"elementor-divider-separator\">\n\t\t\t\t\t\t<\/span>\n\t\t<\/div>\n\t\t\t\t\t\t<\/div>\n\t\t\t\t<\/div>\n\t\t<div class=\"elementor-element elementor-element-5156b83 e-con-full e-flex e-con e-child\" data-id=\"5156b83\" data-element_type=\"container\" data-e-type=\"container\">\n\t\t\t\t<div class=\"elementor-element elementor-element-1f3f206 elementor-blockquote--skin-boxed elementor-blockquote--align-left elementor-widget elementor-widget-blockquote\" data-id=\"1f3f206\" data-element_type=\"widget\" data-e-type=\"widget\" data-widget_type=\"blockquote.default\">\n\t\t\t\t\t\t\t<blockquote class=\"elementor-blockquote\">\n\t\t\t<p class=\"elementor-blockquote__content\">\n\t\t\t\tAt the first visit, the dental hygienist will perform an examination, based on which she will draw up an individual treatment plan. She will then explain the correct dental care technique, including the use of dental appliances (toothbrushes, interdental brushes, dental floss, mouthwashes ...).\t\t\t<\/p>\n\t\t\t\t\t<\/blockquote>\n\t\t\t\t\t\t<\/div>\n\t\t\t\t<div class=\"elementor-element elementor-element-6e45814 elementor-widget elementor-widget-text-editor\" data-id=\"6e45814\" data-element_type=\"widget\" data-e-type=\"widget\" data-widget_type=\"text-editor.default\">\n\t\t\t\t\t\t\t\t\t<ul><li>assessment of the oral cavity<\/li><li>dental hygienist's recommendations on what to look out for<\/li><li>removal of tartar and pigmentation<\/li><li>polishing the surface of the teeth<\/li><li>selection of suitable toothbrush and interdental brush<\/li><li>recommendations on how to care for your teeth<\/li><\/ul>\t\t\t\t\t\t\t\t<\/div>\n\t\t\t\t<\/div>\n\t\t\t\t<\/div>\n\t\t\t\t<\/div>","protected":false},"excerpt":{"rendered":"<p>P\u0159i prvn\u00ed n\u00e1v\u0161t\u011bv\u011b provede dent\u00e1ln\u00ed hygienistka vy\u0161et\u0159en\u00ed, na\u00a0z\u00e1klad\u011b kter\u00e9ho sestav\u00ed individu\u00e1ln\u00ed l\u00e9\u010debn\u00fd pl\u00e1n. Pot\u00e9 v\u00e1m vysv\u011btl\u00ed spr\u00e1vnou techniku p\u00e9\u010de o\u00a0chrup v\u010detn\u011b pou\u017eit\u00ed dent\u00e1ln\u00edch pom\u016fcek (kart\u00e1\u010dky, mezizubn\u00ed kart\u00e1\u010dky, zubn\u00ed nit\u011b, \u00fastn\u00ed vody &#8230;). zhodnocen\u00ed stavu dutiny \u00fastn\u00ed doporu\u010den\u00ed dent\u00e1ln\u00ed hygienistky na\u00a0co si d\u00e1t pozor odstran\u011bn\u00ed zubn\u00edho kamene a\u00a0pigmentac\u00ed le\u0161t\u011bn\u00ed povrchu zub\u016f v\u00fdb\u011br vhodn\u00e9ho zubn\u00edho i\u00a0mezizubn\u00edho kart\u00e1\u010dku [&hellip;]<\/p>\n","protected":false},"author":1,"featured_media":0,"parent":1201,"menu_order":0,"comment_status":"closed","ping_status":"closed","template":"elementor_header_footer","meta":{"iawp_total_views":723,"footnotes":""},"class_list":["post-1224","page","type-page","status-publish","hentry"],"_links":{"self":[{"href":"https:\/\/maxidental.cz\/en\/wp-json\/wp\/v2\/pages\/1224","targetHints":{"allow":["GET"]}}],"collection":[{"href":"https:\/\/maxidental.cz\/en\/wp-json\/wp\/v2\/pages"}],"about":[{"href":"https:\/\/maxidental.cz\/en\/wp-json\/wp\/v2\/types\/page"}],"author":[{"embeddable":true,"href":"https:\/\/maxidental.cz\/en\/wp-json\/wp\/v2\/users\/1"}],"replies":[{"embeddable":true,"href":"https:\/\/maxidental.cz\/en\/wp-json\/wp\/v2\/comments?post=1224"}],"version-history":[{"count":0,"href":"https:\/\/maxidental.cz\/en\/wp-json\/wp\/v2\/pages\/1224\/revisions"}],"up":[{"embeddable":true,"href":"https:\/\/maxidental.cz\/en\/wp-json\/wp\/v2\/pages\/1201"}],"wp:attachment":[{"href":"https:\/\/maxidental.cz\/en\/wp-json\/wp\/v2\/media?parent=1224"}],"curies":[{"name":"wp","href":"https:\/\/api.w.org\/{rel}","templated":true}]}}