{"id":1229,"date":"2024-05-02T18:50:08","date_gmt":"2024-05-02T18:50:08","guid":{"rendered":"http:\/\/www.maxidental.cz.uvirt140.active24.cz\/?page_id=1229"},"modified":"2024-05-07T15:14:27","modified_gmt":"2024-05-07T15:14:27","slug":"dental-hygiene-goals","status":"publish","type":"page","link":"https:\/\/maxidental.cz\/en\/dental-hygiene\/dental-hygiene-goals\/","title":{"rendered":"Objectives of dental hygiene"},"content":{"rendered":"<div data-elementor-type=\"wp-page\" data-elementor-id=\"1229\" class=\"elementor elementor-1229\" data-elementor-post-type=\"page\">\n\t\t\t\t<div class=\"elementor-element elementor-element-7df7d3b e-con-full e-flex e-con e-parent\" data-id=\"7df7d3b\" data-element_type=\"container\" data-e-type=\"container\" data-settings=\"{&quot;background_background&quot;:&quot;classic&quot;}\">\n\t\t\t\t<div class=\"elementor-element elementor-element-e2715a1 elementor-widget elementor-widget-heading\" data-id=\"e2715a1\" data-element_type=\"widget\" data-e-type=\"widget\" data-widget_type=\"heading.default\">\n\t\t\t\t\t<h1 class=\"elementor-heading-title elementor-size-default\">Objectives of dental hygiene<\/h1>\t\t\t\t<\/div>\n\t\t\t\t<\/div>\n\t\t<div class=\"elementor-element elementor-element-668e06f e-con-full e-flex e-con e-parent\" data-id=\"668e06f\" data-element_type=\"container\" data-e-type=\"container\">\n\t\t<div class=\"elementor-element elementor-element-4d2b411 e-con-full e-flex e-con e-child\" data-id=\"4d2b411\" data-element_type=\"container\" data-e-type=\"container\">\n\t\t\t\t<div class=\"elementor-element elementor-element-0488ba5 elementor-widget-divider--view-line elementor-widget elementor-widget-divider\" data-id=\"0488ba5\" data-element_type=\"widget\" data-e-type=\"widget\" data-widget_type=\"divider.default\">\n\t\t\t\t\t\t\t<div class=\"elementor-divider\">\n\t\t\t<span class=\"elementor-divider-separator\">\n\t\t\t\t\t\t<\/span>\n\t\t<\/div>\n\t\t\t\t\t\t<\/div>\n\t\t\t\t<\/div>\n\t\t<div class=\"elementor-element elementor-element-5156b83 e-con-full e-flex e-con e-child\" data-id=\"5156b83\" data-element_type=\"container\" data-e-type=\"container\">\n\t\t\t\t<div class=\"elementor-element elementor-element-1f3f206 elementor-blockquote--skin-boxed elementor-blockquote--align-left elementor-widget elementor-widget-blockquote\" data-id=\"1f3f206\" data-element_type=\"widget\" data-e-type=\"widget\" data-widget_type=\"blockquote.default\">\n\t\t\t\t\t\t\t<blockquote class=\"elementor-blockquote\">\n\t\t\t<p class=\"elementor-blockquote__content\">\n\t\t\t\tThe goal of seeing a dental hygienist is to maintain oral health.\t\t\t<\/p>\n\t\t\t\t\t<\/blockquote>\n\t\t\t\t\t\t<\/div>\n\t\t\t\t<div class=\"elementor-element elementor-element-6e45814 elementor-widget elementor-widget-text-editor\" data-id=\"6e45814\" data-element_type=\"widget\" data-e-type=\"widget\" data-widget_type=\"text-editor.default\">\n\t\t\t\t\t\t\t\t\t<p>Some patients clean their mouths regularly and very carefully, but the technique may not always be correct. If teeth are not cleaned properly or sufficiently, plaque builds up. Over time, this leads to the formation of tartar, which irritates its surroundings and causes gingivitis or even periodontitis (inflammatory disease of the hanging apparatus of the tooth). These factors can lead to tooth loss.<\/p><p>The long-term presence of plaque and bacteria also causes tooth decay. These phenomena can be prevented by regular visits to the dentist and dental hygienist.<\/p>\t\t\t\t\t\t\t\t<\/div>\n\t\t\t\t<\/div>\n\t\t\t\t<\/div>\n\t\t\t\t<\/div>","protected":false},"excerpt":{"rendered":"<p>C\u00edlem n\u00e1v\u0161t\u011bvy dent\u00e1ln\u00ed hygienistky je udr\u017eovat or\u00e1ln\u00ed zdrav\u00ed. N\u011bkte\u0159\u00ed pacienti si pravideln\u011b a\u00a0velice pe\u010dliv\u011b \u010dist\u00ed dutinu \u00fastn\u00ed, ale technika nemus\u00ed b\u00fdt v\u017edy spr\u00e1vn\u00e1. V\u00a0p\u0159\u00edpad\u011b nespr\u00e1vn\u00e9ho \u010di nedostate\u010dn\u00e9ho \u010di\u0161t\u011bn\u00ed zub\u016f doch\u00e1z\u00ed k\u00a0usazov\u00e1n\u00ed plaku. To vede \u010dasem ke\u00a0vzniku zubn\u00edho kamene, kter\u00fd dr\u00e1\u017ed\u00ed sv\u00e9 okol\u00ed a\u00a0zp\u016fsobuje z\u00e1n\u011bt d\u00e1sn\u00ed, \u010di dokonce parodontitis (z\u00e1n\u011btliv\u00e9 onemocn\u011bn\u00ed z\u00e1v\u011bsn\u00e9ho apar\u00e1tu zubu). Tyto faktory [&hellip;]<\/p>\n","protected":false},"author":1,"featured_media":0,"parent":1201,"menu_order":0,"comment_status":"closed","ping_status":"closed","template":"elementor_header_footer","meta":{"iawp_total_views":426,"footnotes":""},"class_list":["post-1229","page","type-page","status-publish","hentry"],"_links":{"self":[{"href":"https:\/\/maxidental.cz\/en\/wp-json\/wp\/v2\/pages\/1229","targetHints":{"allow":["GET"]}}],"collection":[{"href":"https:\/\/maxidental.cz\/en\/wp-json\/wp\/v2\/pages"}],"about":[{"href":"https:\/\/maxidental.cz\/en\/wp-json\/wp\/v2\/types\/page"}],"author":[{"embeddable":true,"href":"https:\/\/maxidental.cz\/en\/wp-json\/wp\/v2\/users\/1"}],"replies":[{"embeddable":true,"href":"https:\/\/maxidental.cz\/en\/wp-json\/wp\/v2\/comments?post=1229"}],"version-history":[{"count":0,"href":"https:\/\/maxidental.cz\/en\/wp-json\/wp\/v2\/pages\/1229\/revisions"}],"up":[{"embeddable":true,"href":"https:\/\/maxidental.cz\/en\/wp-json\/wp\/v2\/pages\/1201"}],"wp:attachment":[{"href":"https:\/\/maxidental.cz\/en\/wp-json\/wp\/v2\/media?parent=1229"}],"curies":[{"name":"wp","href":"https:\/\/api.w.org\/{rel}","templated":true}]}}