{"id":1471,"date":"2024-05-09T08:42:10","date_gmt":"2024-05-09T08:42:10","guid":{"rendered":"http:\/\/www.maxidental.cz.uvirt140.active24.cz\/?page_id=1471"},"modified":"2024-06-13T15:16:59","modified_gmt":"2024-06-13T15:16:59","slug":"doctors","status":"publish","type":"page","link":"https:\/\/maxidental.cz\/en\/doctors\/","title":{"rendered":"For doctors"},"content":{"rendered":"<div data-elementor-type=\"wp-page\" data-elementor-id=\"1471\" class=\"elementor elementor-1471\" data-elementor-post-type=\"page\">\n\t\t\t\t<div class=\"elementor-element elementor-element-7df7d3b e-con-full e-flex e-con e-parent\" data-id=\"7df7d3b\" data-element_type=\"container\" data-e-type=\"container\" data-settings=\"{&quot;background_background&quot;:&quot;classic&quot;}\">\n\t\t\t\t<div class=\"elementor-element elementor-element-e2715a1 elementor-widget elementor-widget-heading\" data-id=\"e2715a1\" data-element_type=\"widget\" data-e-type=\"widget\" data-widget_type=\"heading.default\">\n\t\t\t\t\t<h1 class=\"elementor-heading-title elementor-size-default\">For doctors<\/h1>\t\t\t\t<\/div>\n\t\t\t\t<\/div>\n\t\t<div class=\"elementor-element elementor-element-668e06f e-con-full e-flex e-con e-parent\" data-id=\"668e06f\" data-element_type=\"container\" data-e-type=\"container\">\n\t\t<div class=\"elementor-element elementor-element-4d2b411 e-con-full e-flex e-con e-child\" data-id=\"4d2b411\" data-element_type=\"container\" data-e-type=\"container\">\n\t\t\t\t<div class=\"elementor-element elementor-element-0488ba5 elementor-widget-divider--view-line elementor-widget elementor-widget-divider\" data-id=\"0488ba5\" data-element_type=\"widget\" data-e-type=\"widget\" data-widget_type=\"divider.default\">\n\t\t\t\t\t\t\t<div class=\"elementor-divider\">\n\t\t\t<span class=\"elementor-divider-separator\">\n\t\t\t\t\t\t<\/span>\n\t\t<\/div>\n\t\t\t\t\t\t<\/div>\n\t\t\t\t<\/div>\n\t\t<div class=\"elementor-element elementor-element-5156b83 e-con-full e-flex e-con e-child\" data-id=\"5156b83\" data-element_type=\"container\" data-e-type=\"container\">\n\t\t\t\t<div class=\"elementor-element elementor-element-1f3f206 elementor-blockquote--skin-boxed elementor-blockquote--align-left elementor-widget elementor-widget-blockquote\" data-id=\"1f3f206\" data-element_type=\"widget\" data-e-type=\"widget\" data-widget_type=\"blockquote.default\">\n\t\t\t\t\t\t\t<blockquote class=\"elementor-blockquote\">\n\t\t\t<p class=\"elementor-blockquote__content\">\n\t\t\t\tThanks to our modern equipment and state-of-the-art facilities, we can also offer our services to external doctors who do not work at our clinic.\t\t\t<\/p>\n\t\t\t\t\t<\/blockquote>\n\t\t\t\t\t\t<\/div>\n\t\t<div class=\"elementor-element elementor-element-a55a7fe e-flex e-con-boxed e-con e-child\" data-id=\"a55a7fe\" data-element_type=\"container\" data-e-type=\"container\">\n\t\t\t\t\t<div class=\"e-con-inner\">\n\t\t\t\t<div class=\"elementor-element elementor-element-79463ab elementor-widget elementor-widget-text-editor\" data-id=\"79463ab\" data-element_type=\"widget\" data-e-type=\"widget\" data-widget_type=\"text-editor.default\">\n\t\t\t\t\t\t\t\t\t<p>With us, you can provide even better care for your patients.<\/p>\t\t\t\t\t\t\t\t<\/div>\n\t\t\t\t<div class=\"elementor-element elementor-element-ec2a7c5 elementor-widget elementor-widget-heading\" data-id=\"ec2a7c5\" data-element_type=\"widget\" data-e-type=\"widget\" data-widget_type=\"heading.default\">\n\t\t\t\t\t<h2 class=\"elementor-heading-title elementor-size-default\">WHAT CAN WE DO FOR YOU AND YOUR PATIENTS?<\/h2>\t\t\t\t<\/div>\n\t\t\t\t<div class=\"elementor-element elementor-element-5838162 elementor-widget-divider--view-line elementor-widget elementor-widget-divider\" data-id=\"5838162\" data-element_type=\"widget\" data-e-type=\"widget\" data-widget_type=\"divider.default\">\n\t\t\t\t\t\t\t<div class=\"elementor-divider\">\n\t\t\t<span class=\"elementor-divider-separator\">\n\t\t\t\t\t\t<\/span>\n\t\t<\/div>\n\t\t\t\t\t\t<\/div>\n\t\t\t\t<div class=\"elementor-element elementor-element-8ddb567 elementor-widget elementor-widget-text-editor\" data-id=\"8ddb567\" data-element_type=\"widget\" data-e-type=\"widget\" data-widget_type=\"text-editor.default\">\n\t\t\t\t\t\t\t\t\t<ul><li><strong>CBCT 3D and 2D images<\/strong>\u00a0based on the application form + images on electronic media (the images are stored so that they can be evaluated on your computer).<br \/>We have state-of-the-art equipment to provide you with absolutely accurate and detailed images for quality dental care.<\/li><li><strong>Implantology<\/strong>\u00a0and consultation before implantation<br \/>Our experts will be happy to consult with you on more complex cases, including implants, or treat the patient if implantology is not your specialty<\/li><li><strong>Surgery<\/strong><br \/>We also perform more complex operations in dental surgery. Thanks to our clinic's facilities and experience, we have excellent results and patients leave us satisfied.<\/li><li><strong>Dental laboratory<\/strong><br \/>You can use our first-class dental laboratory for the production of dentures.<\/li><li><strong>Intraoral scanner<\/strong><br \/>Upon request, we will visit you with the intraoral scanner directly in your office.<\/li><\/ul>\t\t\t\t\t\t\t\t<\/div>\n\t\t\t\t\t<\/div>\n\t\t\t\t<\/div>\n\t\t<div class=\"elementor-element elementor-element-e74cb8a e-flex e-con-boxed e-con e-child\" data-id=\"e74cb8a\" data-element_type=\"container\" data-e-type=\"container\">\n\t\t\t\t\t<div class=\"e-con-inner\">\n\t\t\t\t<div class=\"elementor-element elementor-element-3930b82 elementor-widget elementor-widget-heading\" data-id=\"3930b82\" data-element_type=\"widget\" data-e-type=\"widget\" data-widget_type=\"heading.default\">\n\t\t\t\t\t<h2 class=\"elementor-heading-title elementor-size-default\">ADDITIONAL SERVICES<\/h2>\t\t\t\t<\/div>\n\t\t\t\t<div class=\"elementor-element elementor-element-b2b13c8 elementor-widget-divider--view-line elementor-widget elementor-widget-divider\" data-id=\"b2b13c8\" data-element_type=\"widget\" data-e-type=\"widget\" data-widget_type=\"divider.default\">\n\t\t\t\t\t\t\t<div class=\"elementor-divider\">\n\t\t\t<span class=\"elementor-divider-separator\">\n\t\t\t\t\t\t<\/span>\n\t\t<\/div>\n\t\t\t\t\t\t<\/div>\n\t\t\t\t<div class=\"elementor-element elementor-element-811a9c1 elementor-widget elementor-widget-text-editor\" data-id=\"811a9c1\" data-element_type=\"widget\" data-e-type=\"widget\" data-widget_type=\"text-editor.default\">\n\t\t\t\t\t\t\t\t\t<ul><li><strong>Removal and import<\/strong>\u00a0laboratory work to and from your office<\/li><li><strong>We provide written contractual documentation<\/strong>\u00a0- data processing agreements if you order CBCT scans of your patient from us or order dentures for your patient in our laboratory<\/li><\/ul>\t\t\t\t\t\t\t\t<\/div>\n\t\t\t\t\t<\/div>\n\t\t\t\t<\/div>\n\t\t\t\t<\/div>\n\t\t\t\t<\/div>\n\t\t\t\t<\/div>","protected":false},"excerpt":{"rendered":"<p>D\u00edky na\u0161emu modern\u00edmu vybaven\u00ed a\u00a0\u0161pi\u010dkov\u00e9mu z\u00e1zem\u00ed m\u016f\u017eeme nab\u00eddnout na\u0161e slu\u017eby tak\u00e9 extern\u00edm l\u00e9ka\u0159\u016fm, kte\u0159\u00ed nep\u016fsob\u00ed na\u00a0na\u0161\u00ed klinice. S\u00a0n\u00e1mi m\u016f\u017eete poskytovat sv\u00fdm pacient\u016fm je\u0161t\u011b lep\u0161\u00ed p\u00e9\u010di. CO M\u016e\u017dEME PRO V\u00c1S A VA\u0160E PACIENTY UD\u011aLAT? CBCT 3D\u00a0a 2D\u00a0sn\u00edmky\u00a0na\u00a0z\u00e1klad\u011b \u017e\u00e1danky + sn\u00edmky na\u00a0elektronick\u00e9m nosi\u010di (sn\u00edmky jsou ulo\u017eeny tak, aby bylo mo\u017en\u00e9 je vyhodnotit \u00a0na\u00a0va\u0161em po\u010d\u00edta\u010di).M\u00e1me nejmodern\u011bj\u0161\u00ed p\u0159\u00edstroje, kter\u00e9 [&hellip;]<\/p>\n","protected":false},"author":1,"featured_media":0,"parent":0,"menu_order":0,"comment_status":"closed","ping_status":"closed","template":"elementor_header_footer","meta":{"iawp_total_views":1103,"footnotes":""},"class_list":["post-1471","page","type-page","status-publish","hentry"],"_links":{"self":[{"href":"https:\/\/maxidental.cz\/en\/wp-json\/wp\/v2\/pages\/1471","targetHints":{"allow":["GET"]}}],"collection":[{"href":"https:\/\/maxidental.cz\/en\/wp-json\/wp\/v2\/pages"}],"about":[{"href":"https:\/\/maxidental.cz\/en\/wp-json\/wp\/v2\/types\/page"}],"author":[{"embeddable":true,"href":"https:\/\/maxidental.cz\/en\/wp-json\/wp\/v2\/users\/1"}],"replies":[{"embeddable":true,"href":"https:\/\/maxidental.cz\/en\/wp-json\/wp\/v2\/comments?post=1471"}],"version-history":[{"count":0,"href":"https:\/\/maxidental.cz\/en\/wp-json\/wp\/v2\/pages\/1471\/revisions"}],"wp:attachment":[{"href":"https:\/\/maxidental.cz\/en\/wp-json\/wp\/v2\/media?parent=1471"}],"curies":[{"name":"wp","href":"https:\/\/api.w.org\/{rel}","templated":true}]}}