{"id":787,"date":"2024-04-23T07:18:07","date_gmt":"2024-04-23T07:18:07","guid":{"rendered":"http:\/\/www.maxidental.cz.uvirt140.active24.cz\/?page_id=787"},"modified":"2024-09-29T09:29:52","modified_gmt":"2024-09-29T09:29:52","slug":"careers","status":"publish","type":"page","link":"https:\/\/maxidental.cz\/en\/maxidental\/careers\/","title":{"rendered":"Careers"},"content":{"rendered":"\t\t<div data-elementor-type=\"wp-page\" data-elementor-id=\"787\" class=\"elementor elementor-787\" data-elementor-post-type=\"page\">\n\t\t\t\t<div class=\"elementor-element elementor-element-a11e3b0 e-con-full e-flex e-con e-parent\" data-id=\"a11e3b0\" data-element_type=\"container\" data-e-type=\"container\" data-settings=\"{&quot;background_background&quot;:&quot;classic&quot;}\">\n\t\t\t\t<div class=\"elementor-element elementor-element-05a2690 elementor-widget elementor-widget-heading\" data-id=\"05a2690\" data-element_type=\"widget\" data-e-type=\"widget\" data-widget_type=\"heading.default\">\n\t\t\t\t\t<h1 class=\"elementor-heading-title elementor-size-default\">Kari\u00e9ra<\/h1>\t\t\t\t<\/div>\n\t\t\t\t<\/div>\n\t\t<div class=\"elementor-element elementor-element-c1a7b77 e-con-full e-flex e-con e-parent\" data-id=\"c1a7b77\" data-element_type=\"container\" data-e-type=\"container\">\n\t\t<div class=\"elementor-element elementor-element-82222ed e-con-full e-flex e-con e-child\" data-id=\"82222ed\" data-element_type=\"container\" data-e-type=\"container\">\n\t\t\t\t<div class=\"elementor-element elementor-element-a30b1fc elementor-widget-divider--view-line elementor-widget elementor-widget-divider\" data-id=\"a30b1fc\" data-element_type=\"widget\" data-e-type=\"widget\" data-widget_type=\"divider.default\">\n\t\t\t\t\t\t\t<div class=\"elementor-divider\">\n\t\t\t<span class=\"elementor-divider-separator\">\n\t\t\t\t\t\t<\/span>\n\t\t<\/div>\n\t\t\t\t\t\t<\/div>\n\t\t\t\t<\/div>\n\t\t<div class=\"elementor-element elementor-element-5eb34af e-con-full e-flex e-con e-child\" data-id=\"5eb34af\" data-element_type=\"container\" data-e-type=\"container\">\n\t\t\t\t<div class=\"elementor-element elementor-element-364dd70 elementor-widget elementor-widget-text-editor\" data-id=\"364dd70\" data-element_type=\"widget\" data-e-type=\"widget\" data-widget_type=\"text-editor.default\">\n\t\t\t\t\t\t\t\t\t<p class=\"Fw(500) Mb(25px) ng-star-inserted\">Jsme stabiln\u00ed prosperuj\u00edc\u00ed zubn\u00ed klinika na jihu Moravy s\u00a0kr\u00e1sn\u00fdmi modern\u011b vybaven\u00fdmi ordinacemi, v\u010detn\u011b vlastn\u00ed zubn\u00ed laborato\u0159e. Na\u0161i klienti si n\u00e1s v\u00e1\u017e\u00ed pro profesion\u00e1ln\u00ed pr\u00e1ci, ale tak\u00e9 lidsk\u00fd a partnersk\u00fd p\u0159\u00edstup. A stejn\u011b se chov\u00e1me i k\u00a0\u010dlen\u016fm na\u0161eho t\u00fdmu.<\/p><div class=\"ng-star-inserted\"><p><strong>Zakl\u00e1d\u00e1me si na podpo\u0159e vzd\u011bl\u00e1v\u00e1n\u00ed<\/strong>\u00a0a sledov\u00e1n\u00ed nejnov\u011bj\u0161\u00edch trend\u016f v\u00a0oboru, a proto p\u0159isp\u00edv\u00e1me na nejr\u016fzn\u011bj\u0161\u00ed \u0161kolen\u00ed, kongresy nebo semin\u00e1\u0159e. Na n\u011bkter\u00fdch pozic\u00edch tak\u00e9 r\u00e1di p\u0159iv\u00edt\u00e1me absolventy, kter\u00fdm jsme p\u0159ipraveni pomoci se startem kari\u00e9ry.<\/p><p>U n\u00e1s najdete nejen\u00a0<strong>modern\u00ed vybaven\u00ed, ale tak\u00e9 perfektn\u00ed z\u00e1zem\u00ed pro svoji pr\u00e1ci<\/strong>. Na\u0161e pracovi\u0161t\u011b je kompletn\u011b digitalizovan\u00e9, a tak nebudete m\u00edt probl\u00e9my s\u00a0p\u0159em\u00edrou administrativy. V\u0161e u n\u00e1s funguje hladce a efektivn\u011b.<\/p><p>Nab\u00edz\u00edme motivuj\u00edc\u00ed finan\u010dn\u00ed ohodnocen\u00ed i benefity.<\/p><p><strong>P\u0159idejte se k\u00a0n\u00e1m a poj\u010fte spole\u010dn\u011b s\u00a0n\u00e1mi poskytovat tu nejlep\u0161\u00ed zubn\u00ed p\u00e9\u010di dom\u00e1c\u00ed i zahrani\u010dn\u00ed klientele.<\/strong><\/p><p>V\u00a0p\u0159\u00edpad\u011b z\u00e1jmu o nab\u00edzen\u00e9 pozice za\u0161lete pros\u00edm v\u00e1\u0161 \u017eivotopis na:\u00a0<span style=\"text-decoration: underline;\"><span style=\"color: #000000;\"><a style=\"color: #000000; text-decoration: underline;\" title=\"Napsat e-mail\" href=\"mailto:ekonom@maxidental.cz\">ekonom@maxidental.cz<\/a><\/span><\/span><\/p><p>V p\u0159edm\u011btu e-mailu uve\u010fte n\u00e1zev nab\u00edzen\u00e9 pozice.<\/p><\/div>\t\t\t\t\t\t\t\t<\/div>\n\t\t<div class=\"elementor-element elementor-element-196f43c e-con-full e-flex e-con e-child\" data-id=\"196f43c\" data-element_type=\"container\" data-e-type=\"container\">\n\t\t\t\t<div class=\"elementor-element elementor-element-c06960d elementor-grid-tablet-1 elementor-widget-mobile__width-initial elementor-grid-3 elementor-grid-mobile-1 elementor-widget elementor-widget-loop-grid\" data-id=\"c06960d\" data-element_type=\"widget\" data-e-type=\"widget\" data-settings=\"{&quot;template_id&quot;:2153,&quot;row_gap&quot;:{&quot;unit&quot;:&quot;px&quot;,&quot;size&quot;:5,&quot;sizes&quot;:[]},&quot;columns_tablet&quot;:1,&quot;_skin&quot;:&quot;post&quot;,&quot;columns&quot;:&quot;3&quot;,&quot;columns_mobile&quot;:&quot;1&quot;,&quot;edit_handle_selector&quot;:&quot;[data-elementor-type=\\&quot;loop-item\\&quot;]&quot;,&quot;row_gap_tablet&quot;:{&quot;unit&quot;:&quot;px&quot;,&quot;size&quot;:&quot;&quot;,&quot;sizes&quot;:[]},&quot;row_gap_mobile&quot;:{&quot;unit&quot;:&quot;px&quot;,&quot;size&quot;:&quot;&quot;,&quot;sizes&quot;:[]}}\" data-widget_type=\"loop-grid.post\">\n\t\t\t\t<div class=\"elementor-widget-container\">\n\t\t\t\t\t\t\t<div class=\"elementor-loop-container elementor-grid\" role=\"list\">\n\t\t<style id=\"loop-2153\">.elementor-2153 .elementor-element.elementor-element-419a449{--display:flex;--flex-direction:row;--container-widget-width:initial;--container-widget-height:100%;--container-widget-flex-grow:1;--container-widget-align-self:stretch;--flex-wrap-mobile:wrap;--gap:5px 5px;--row-gap:5px;--column-gap:5px;--flex-wrap:wrap;--padding-top:0px;--padding-bottom:0px;--padding-left:0px;--padding-right:0px;}.elementor-2153 .elementor-element.elementor-element-419a449.e-con{--flex-grow:0;--flex-shrink:0;}.elementor-2153 .elementor-element.elementor-element-90f9af9{--display:flex;--min-height:100px;--justify-content:center;--align-items:center;--container-widget-width:calc( ( 1 - var( --container-widget-flex-grow ) ) * 100% );--border-radius:20px 20px 20px 20px;}.elementor-2153 .elementor-element.elementor-element-90f9af9:not(.elementor-motion-effects-element-type-background), .elementor-2153 .elementor-element.elementor-element-90f9af9 > .elementor-motion-effects-container > .elementor-motion-effects-layer{background-color:var( --e-global-color-primary );}.elementor-2153 .elementor-element.elementor-element-90f9af9.e-con{--flex-grow:1;--flex-shrink:0;}.elementor-2153 .elementor-element.elementor-element-90f9af9.e-con:hover{--e-con-transform-scale:0.9;}.elementor-widget-heading .elementor-heading-title{font-family:var( --e-global-typography-primary-font-family ), Sans-serif;font-weight:var( --e-global-typography-primary-font-weight );color:var( --e-global-color-primary );}.elementor-2153 .elementor-element.elementor-element-05887ba{text-align:center;}.elementor-2153 .elementor-element.elementor-element-05887ba .elementor-heading-title{font-family:\"Instrument Sans\", Sans-serif;font-size:14px;font-weight:400;color:#FFFFFF;}@media(min-width:768px){.elementor-2153 .elementor-element.elementor-element-419a449{--width:100%;}.elementor-2153 .elementor-element.elementor-element-90f9af9{--width:100%;}}@media(max-width:1024px) and (min-width:768px){.elementor-2153 .elementor-element.elementor-element-419a449{--width:497.195px;}}@media(max-width:1024px){.elementor-2153 .elementor-element.elementor-element-90f9af9.e-con{--flex-grow:0;--flex-shrink:0;}}@media(max-width:767px){.elementor-2153 .elementor-element.elementor-element-90f9af9.e-con{--flex-grow:1;--flex-shrink:0;}}<\/style>\t\t<div data-elementor-type=\"loop-item\" data-elementor-id=\"2153\" class=\"elementor elementor-2153 e-loop-item e-loop-item-2063 post-2063 kariera type-kariera status-publish hentry\" data-elementor-post-type=\"elementor_library\" data-custom-edit-handle=\"1\">\n\t\t\t<div class=\"elementor-element elementor-element-419a449 e-con-full e-flex e-con e-child\" data-id=\"419a449\" data-element_type=\"container\" data-e-type=\"container\">\n\t\t<a class=\"elementor-element elementor-element-90f9af9 e-con-full e-transform e-flex elementor-invisible e-con e-child\" data-id=\"90f9af9\" data-element_type=\"container\" data-e-type=\"container\" data-settings=\"{&quot;background_background&quot;:&quot;classic&quot;,&quot;animation&quot;:&quot;zoomIn&quot;,&quot;animation_delay&quot;:100,&quot;_transform_scale_effect_hover&quot;:{&quot;unit&quot;:&quot;px&quot;,&quot;size&quot;:0.9,&quot;sizes&quot;:[]},&quot;_transform_scale_effect_hover_tablet&quot;:{&quot;unit&quot;:&quot;px&quot;,&quot;size&quot;:&quot;&quot;,&quot;sizes&quot;:[]},&quot;_transform_scale_effect_hover_mobile&quot;:{&quot;unit&quot;:&quot;px&quot;,&quot;size&quot;:&quot;&quot;,&quot;sizes&quot;:[]}}\" href=\"https:\/\/maxidental.cz\/en\/maxidental\/careers\/dentist\/\">\n\t\t\t\t<div class=\"elementor-element elementor-element-05887ba elementor-widget elementor-widget-heading\" data-id=\"05887ba\" data-element_type=\"widget\" data-e-type=\"widget\" data-widget_type=\"heading.default\">\n\t\t\t\t\t<p class=\"elementor-heading-title elementor-size-default\">Zubn\u00ed l\u00e9ka\u0159<\/p>\t\t\t\t<\/div>\n\t\t\t\t<\/a>\n\t\t\t\t<\/div>\n\t\t\t\t<\/div>\n\t\t\t\t<div data-elementor-type=\"loop-item\" data-elementor-id=\"2153\" class=\"elementor elementor-2153 e-loop-item e-loop-item-2064 post-2064 kariera type-kariera status-publish hentry\" data-elementor-post-type=\"elementor_library\" data-custom-edit-handle=\"1\">\n\t\t\t<div class=\"elementor-element elementor-element-419a449 e-con-full e-flex e-con e-child\" data-id=\"419a449\" data-element_type=\"container\" data-e-type=\"container\">\n\t\t<a class=\"elementor-element elementor-element-90f9af9 e-con-full e-transform e-flex elementor-invisible e-con e-child\" data-id=\"90f9af9\" data-element_type=\"container\" data-e-type=\"container\" data-settings=\"{&quot;background_background&quot;:&quot;classic&quot;,&quot;animation&quot;:&quot;zoomIn&quot;,&quot;animation_delay&quot;:100,&quot;_transform_scale_effect_hover&quot;:{&quot;unit&quot;:&quot;px&quot;,&quot;size&quot;:0.9,&quot;sizes&quot;:[]},&quot;_transform_scale_effect_hover_tablet&quot;:{&quot;unit&quot;:&quot;px&quot;,&quot;size&quot;:&quot;&quot;,&quot;sizes&quot;:[]},&quot;_transform_scale_effect_hover_mobile&quot;:{&quot;unit&quot;:&quot;px&quot;,&quot;size&quot;:&quot;&quot;,&quot;sizes&quot;:[]}}\" href=\"https:\/\/maxidental.cz\/en\/maxidental\/careers\/dental-hygienist-weaves\/\">\n\t\t\t\t<div class=\"elementor-element elementor-element-05887ba elementor-widget elementor-widget-heading\" data-id=\"05887ba\" data-element_type=\"widget\" data-e-type=\"widget\" data-widget_type=\"heading.default\">\n\t\t\t\t\t<p class=\"elementor-heading-title elementor-size-default\">Dent\u00e1ln\u00ed hygienista\/tka<\/p>\t\t\t\t<\/div>\n\t\t\t\t<\/a>\n\t\t\t\t<\/div>\n\t\t\t\t<\/div>\n\t\t\t\t<div data-elementor-type=\"loop-item\" data-elementor-id=\"2153\" class=\"elementor elementor-2153 e-loop-item e-loop-item-2065 post-2065 kariera type-kariera status-publish hentry\" data-elementor-post-type=\"elementor_library\" data-custom-edit-handle=\"1\">\n\t\t\t<div class=\"elementor-element elementor-element-419a449 e-con-full e-flex e-con e-child\" data-id=\"419a449\" data-element_type=\"container\" data-e-type=\"container\">\n\t\t<a class=\"elementor-element elementor-element-90f9af9 e-con-full e-transform e-flex elementor-invisible e-con e-child\" data-id=\"90f9af9\" data-element_type=\"container\" data-e-type=\"container\" data-settings=\"{&quot;background_background&quot;:&quot;classic&quot;,&quot;animation&quot;:&quot;zoomIn&quot;,&quot;animation_delay&quot;:100,&quot;_transform_scale_effect_hover&quot;:{&quot;unit&quot;:&quot;px&quot;,&quot;size&quot;:0.9,&quot;sizes&quot;:[]},&quot;_transform_scale_effect_hover_tablet&quot;:{&quot;unit&quot;:&quot;px&quot;,&quot;size&quot;:&quot;&quot;,&quot;sizes&quot;:[]},&quot;_transform_scale_effect_hover_mobile&quot;:{&quot;unit&quot;:&quot;px&quot;,&quot;size&quot;:&quot;&quot;,&quot;sizes&quot;:[]}}\" href=\"https:\/\/maxidental.cz\/en\/maxidental\/careers\/dental-technician\/\">\n\t\t\t\t<div class=\"elementor-element elementor-element-05887ba elementor-widget elementor-widget-heading\" data-id=\"05887ba\" data-element_type=\"widget\" data-e-type=\"widget\" data-widget_type=\"heading.default\">\n\t\t\t\t\t<p class=\"elementor-heading-title elementor-size-default\">Zubn\u00ed technik<\/p>\t\t\t\t<\/div>\n\t\t\t\t<\/a>\n\t\t\t\t<\/div>\n\t\t\t\t<\/div>\n\t\t\t\t<div data-elementor-type=\"loop-item\" data-elementor-id=\"2153\" class=\"elementor elementor-2153 e-loop-item e-loop-item-2066 post-2066 kariera type-kariera status-publish hentry\" data-elementor-post-type=\"elementor_library\" data-custom-edit-handle=\"1\">\n\t\t\t<div class=\"elementor-element elementor-element-419a449 e-con-full e-flex e-con e-child\" data-id=\"419a449\" data-element_type=\"container\" data-e-type=\"container\">\n\t\t<a class=\"elementor-element elementor-element-90f9af9 e-con-full e-transform e-flex elementor-invisible e-con e-child\" data-id=\"90f9af9\" data-element_type=\"container\" data-e-type=\"container\" data-settings=\"{&quot;background_background&quot;:&quot;classic&quot;,&quot;animation&quot;:&quot;zoomIn&quot;,&quot;animation_delay&quot;:100,&quot;_transform_scale_effect_hover&quot;:{&quot;unit&quot;:&quot;px&quot;,&quot;size&quot;:0.9,&quot;sizes&quot;:[]},&quot;_transform_scale_effect_hover_tablet&quot;:{&quot;unit&quot;:&quot;px&quot;,&quot;size&quot;:&quot;&quot;,&quot;sizes&quot;:[]},&quot;_transform_scale_effect_hover_mobile&quot;:{&quot;unit&quot;:&quot;px&quot;,&quot;size&quot;:&quot;&quot;,&quot;sizes&quot;:[]}}\" href=\"https:\/\/maxidental.cz\/en\/maxidental\/careers\/dental-assistant\/\">\n\t\t\t\t<div class=\"elementor-element elementor-element-05887ba elementor-widget elementor-widget-heading\" data-id=\"05887ba\" data-element_type=\"widget\" data-e-type=\"widget\" data-widget_type=\"heading.default\">\n\t\t\t\t\t<p class=\"elementor-heading-title elementor-size-default\">Asistentka do ordinace zubn\u00edho l\u00e9ka\u0159e<\/p>\t\t\t\t<\/div>\n\t\t\t\t<\/a>\n\t\t\t\t<\/div>\n\t\t\t\t<\/div>\n\t\t\t\t<div data-elementor-type=\"loop-item\" data-elementor-id=\"2153\" class=\"elementor elementor-2153 e-loop-item e-loop-item-2067 post-2067 kariera type-kariera status-publish hentry\" data-elementor-post-type=\"elementor_library\" data-custom-edit-handle=\"1\">\n\t\t\t<div class=\"elementor-element elementor-element-419a449 e-con-full e-flex e-con e-child\" data-id=\"419a449\" data-element_type=\"container\" data-e-type=\"container\">\n\t\t<a class=\"elementor-element elementor-element-90f9af9 e-con-full e-transform e-flex elementor-invisible e-con e-child\" data-id=\"90f9af9\" data-element_type=\"container\" data-e-type=\"container\" data-settings=\"{&quot;background_background&quot;:&quot;classic&quot;,&quot;animation&quot;:&quot;zoomIn&quot;,&quot;animation_delay&quot;:100,&quot;_transform_scale_effect_hover&quot;:{&quot;unit&quot;:&quot;px&quot;,&quot;size&quot;:0.9,&quot;sizes&quot;:[]},&quot;_transform_scale_effect_hover_tablet&quot;:{&quot;unit&quot;:&quot;px&quot;,&quot;size&quot;:&quot;&quot;,&quot;sizes&quot;:[]},&quot;_transform_scale_effect_hover_mobile&quot;:{&quot;unit&quot;:&quot;px&quot;,&quot;size&quot;:&quot;&quot;,&quot;sizes&quot;:[]}}\" href=\"https:\/\/maxidental.cz\/en\/maxidental\/careers\/representative-for-the-dental-laboratory\/\">\n\t\t\t\t<div class=\"elementor-element elementor-element-05887ba elementor-widget elementor-widget-heading\" data-id=\"05887ba\" data-element_type=\"widget\" data-e-type=\"widget\" data-widget_type=\"heading.default\">\n\t\t\t\t\t<p class=\"elementor-heading-title elementor-size-default\">Reprezentant pro zubn\u00ed laborato\u0159<\/p>\t\t\t\t<\/div>\n\t\t\t\t<\/a>\n\t\t\t\t<\/div>\n\t\t\t\t<\/div>\n\t\t\t\t<\/div>\n\t\t\n\t\t\t\t\t\t<\/div>\n\t\t\t\t<\/div>\n\t\t\t\t<\/div>\n\t\t\t\t<\/div>\n\t\t\t\t<\/div>\n\t\t\t\t<\/div>\n\t\t","protected":false},"excerpt":{"rendered":"<p>Jsme stabiln\u00ed prosperuj\u00edc\u00ed zubn\u00ed klinika na jihu Moravy s\u00a0kr\u00e1sn\u00fdmi modern\u011b vybaven\u00fdmi ordinacemi, v\u010detn\u011b vlastn\u00ed zubn\u00ed laborato\u0159e. Na\u0161i klienti si n\u00e1s v\u00e1\u017e\u00ed pro profesion\u00e1ln\u00ed pr\u00e1ci, ale tak\u00e9 lidsk\u00fd a partnersk\u00fd p\u0159\u00edstup. A stejn\u011b se chov\u00e1me i k\u00a0\u010dlen\u016fm na\u0161eho t\u00fdmu. Zakl\u00e1d\u00e1me si na podpo\u0159e vzd\u011bl\u00e1v\u00e1n\u00ed\u00a0a sledov\u00e1n\u00ed nejnov\u011bj\u0161\u00edch trend\u016f v\u00a0oboru, a proto p\u0159isp\u00edv\u00e1me na nejr\u016fzn\u011bj\u0161\u00ed \u0161kolen\u00ed, kongresy nebo [&hellip;]<\/p>\n","protected":false},"author":1,"featured_media":0,"parent":612,"menu_order":0,"comment_status":"closed","ping_status":"closed","template":"elementor_header_footer","meta":{"iawp_total_views":2230,"footnotes":""},"class_list":["post-787","page","type-page","status-publish","hentry"],"_links":{"self":[{"href":"https:\/\/maxidental.cz\/en\/wp-json\/wp\/v2\/pages\/787","targetHints":{"allow":["GET"]}}],"collection":[{"href":"https:\/\/maxidental.cz\/en\/wp-json\/wp\/v2\/pages"}],"about":[{"href":"https:\/\/maxidental.cz\/en\/wp-json\/wp\/v2\/types\/page"}],"author":[{"embeddable":true,"href":"https:\/\/maxidental.cz\/en\/wp-json\/wp\/v2\/users\/1"}],"replies":[{"embeddable":true,"href":"https:\/\/maxidental.cz\/en\/wp-json\/wp\/v2\/comments?post=787"}],"version-history":[{"count":0,"href":"https:\/\/maxidental.cz\/en\/wp-json\/wp\/v2\/pages\/787\/revisions"}],"up":[{"embeddable":true,"href":"https:\/\/maxidental.cz\/en\/wp-json\/wp\/v2\/pages\/612"}],"wp:attachment":[{"href":"https:\/\/maxidental.cz\/en\/wp-json\/wp\/v2\/media?parent=787"}],"curies":[{"name":"wp","href":"https:\/\/api.w.org\/{rel}","templated":true}]}}